{"id":985,"date":"2020-02-01T00:04:45","date_gmt":"2020-01-31T23:04:45","guid":{"rendered":"http:\/\/www.accio.pl\/hp9\/?page_id=985"},"modified":"2026-02-19T10:20:01","modified_gmt":"2026-02-19T09:20:01","slug":"ilustracje-z-pentaklu-wezoustych","status":"publish","type":"page","link":"https:\/\/accio.pl\/hp9\/ilustracje-z-pentaklu-wezoustych\/","title":{"rendered":"Ilustracje do powie\u015bci ff &#8220;Harry Potter i Pentakl W\u0119\u017coustych&#8221;"},"content":{"rendered":"<p style=\"text-align: justify;\">Poni\u017cej znajdziecie oryginalne ilustracje autorstwa <a href=\"http:\/\/www.accio.pl\/hp9\/index.php\/user\/dominikroog\/\"><strong>Dominika Roga<\/strong><\/a> do poszczeg\u00f3lnych rozdzia\u0142\u00f3w powie\u015bci, kt\u00f3re rysownik wykona\u0142 w\u0142asnor\u0119cznie (ilustracja tytu\u0142owa, oraz do rozdzia\u0142\u00f3w 3 &#8211; 26), w czasach kiedy technologia AI jeszcze nie istnia\u0142a. Nowe ilustracje do rozdzia\u0142\u00f3w 1 i 2 powie\u015bci zosta\u0142y wygenerowane przez autora Marcina D\u0119ga z u\u017cyciem technologii AI. Dodatkowo ilustracja tytu\u0142owa, oraz ilustracje\u00a0 do rozdzia\u0142\u00f3w 7 i 11 przesz\u0142y drobny lifting, r\u00f3wnie\u017c z u\u017cyciem AI.<\/p>\n<p>&nbsp;<\/p>\n<div id='gallery-1' class='gallery galleryid-985 gallery-columns-3 gallery-size-medium'><figure class='gallery-item'>\n\t\t\t<div class='gallery-icon landscape'>\n\t\t\t\t<img loading=\"lazy\" decoding=\"async\" width=\"300\" height=\"296\" src=\"https:\/\/accio.pl\/hp9\/wp-content\/uploads\/2026\/02\/00_poprawiona-300x296.jpg\" class=\"attachment-medium size-medium\" alt=\"\" srcset=\"https:\/\/accio.pl\/hp9\/wp-content\/uploads\/2026\/02\/00_poprawiona-300x296.jpg 300w, https:\/\/accio.pl\/hp9\/wp-content\/uploads\/2026\/02\/00_poprawiona-768x757.jpg 768w, https:\/\/accio.pl\/hp9\/wp-content\/uploads\/2026\/02\/00_poprawiona-50x50.jpg 50w, https:\/\/accio.pl\/hp9\/wp-content\/uploads\/2026\/02\/00_poprawiona-75x75.jpg 75w, https:\/\/accio.pl\/hp9\/wp-content\/uploads\/2026\/02\/00_poprawiona.jpg 949w\" sizes=\"auto, (max-width: 300px) 100vw, 300px\" \/>\n\t\t\t<\/div><\/figure><figure class='gallery-item'>\n\t\t\t<div class='gallery-icon landscape'>\n\t\t\t\t<img loading=\"lazy\" decoding=\"async\" width=\"300\" height=\"300\" src=\"https:\/\/accio.pl\/hp9\/wp-content\/uploads\/2026\/02\/01-300x300.png\" class=\"attachment-medium size-medium\" alt=\"\" srcset=\"https:\/\/accio.pl\/hp9\/wp-content\/uploads\/2026\/02\/01-300x300.png 300w, https:\/\/accio.pl\/hp9\/wp-content\/uploads\/2026\/02\/01-150x150.png 150w, https:\/\/accio.pl\/hp9\/wp-content\/uploads\/2026\/02\/01-768x768.png 768w, https:\/\/accio.pl\/hp9\/wp-content\/uploads\/2026\/02\/01-50x50.png 50w, https:\/\/accio.pl\/hp9\/wp-content\/uploads\/2026\/02\/01-75x75.png 75w, https:\/\/accio.pl\/hp9\/wp-content\/uploads\/2026\/02\/01.png 1024w\" sizes=\"auto, (max-width: 300px) 100vw, 300px\" \/>\n\t\t\t<\/div><\/figure><figure class='gallery-item'>\n\t\t\t<div class='gallery-icon landscape'>\n\t\t\t\t<img loading=\"lazy\" decoding=\"async\" width=\"300\" height=\"200\" src=\"https:\/\/accio.pl\/hp9\/wp-content\/uploads\/2026\/02\/02-2-300x200.jpg\" class=\"attachment-medium size-medium\" alt=\"\" srcset=\"https:\/\/accio.pl\/hp9\/wp-content\/uploads\/2026\/02\/02-2-300x200.jpg 300w, https:\/\/accio.pl\/hp9\/wp-content\/uploads\/2026\/02\/02-2-1024x683.jpg 1024w, https:\/\/accio.pl\/hp9\/wp-content\/uploads\/2026\/02\/02-2-768x512.jpg 768w, https:\/\/accio.pl\/hp9\/wp-content\/uploads\/2026\/02\/02-2-1140x760.jpg 1140w, https:\/\/accio.pl\/hp9\/wp-content\/uploads\/2026\/02\/02-2.jpg 1536w\" sizes=\"auto, (max-width: 300px) 100vw, 300px\" \/>\n\t\t\t<\/div><\/figure><figure class='gallery-item'>\n\t\t\t<div class='gallery-icon portrait'>\n\t\t\t\t<img loading=\"lazy\" decoding=\"async\" width=\"262\" height=\"300\" src=\"https:\/\/accio.pl\/hp9\/wp-content\/uploads\/2019\/11\/03-rozdzial-262x300.jpg\" class=\"attachment-medium size-medium\" alt=\"\" srcset=\"https:\/\/accio.pl\/hp9\/wp-content\/uploads\/2019\/11\/03-rozdzial-262x300.jpg 262w, https:\/\/accio.pl\/hp9\/wp-content\/uploads\/2019\/11\/03-rozdzial.jpg 340w\" sizes=\"auto, (max-width: 262px) 100vw, 262px\" \/>\n\t\t\t<\/div><\/figure><figure class='gallery-item'>\n\t\t\t<div class='gallery-icon landscape'>\n\t\t\t\t<img loading=\"lazy\" decoding=\"async\" width=\"300\" height=\"270\" src=\"https:\/\/accio.pl\/hp9\/wp-content\/uploads\/2019\/11\/04-rozdzial-300x270.jpg\" class=\"attachment-medium size-medium\" alt=\"\" srcset=\"https:\/\/accio.pl\/hp9\/wp-content\/uploads\/2019\/11\/04-rozdzial-300x270.jpg 300w, https:\/\/accio.pl\/hp9\/wp-content\/uploads\/2019\/11\/04-rozdzial.jpg 340w\" sizes=\"auto, (max-width: 300px) 100vw, 300px\" \/>\n\t\t\t<\/div><\/figure><figure class='gallery-item'>\n\t\t\t<div class='gallery-icon portrait'>\n\t\t\t\t<img loading=\"lazy\" decoding=\"async\" width=\"263\" height=\"300\" src=\"https:\/\/accio.pl\/hp9\/wp-content\/uploads\/2019\/11\/05-rozdzial-263x300.jpg\" class=\"attachment-medium size-medium\" alt=\"\" srcset=\"https:\/\/accio.pl\/hp9\/wp-content\/uploads\/2019\/11\/05-rozdzial-263x300.jpg 263w, https:\/\/accio.pl\/hp9\/wp-content\/uploads\/2019\/11\/05-rozdzial.jpg 340w\" sizes=\"auto, (max-width: 263px) 100vw, 263px\" \/>\n\t\t\t<\/div><\/figure><figure class='gallery-item'>\n\t\t\t<div class='gallery-icon landscape'>\n\t\t\t\t<img loading=\"lazy\" decoding=\"async\" width=\"300\" height=\"265\" src=\"https:\/\/accio.pl\/hp9\/wp-content\/uploads\/2019\/11\/06-rozdzial-300x265.jpg\" class=\"attachment-medium size-medium\" alt=\"\" srcset=\"https:\/\/accio.pl\/hp9\/wp-content\/uploads\/2019\/11\/06-rozdzial-300x265.jpg 300w, https:\/\/accio.pl\/hp9\/wp-content\/uploads\/2019\/11\/06-rozdzial.jpg 340w\" sizes=\"auto, (max-width: 300px) 100vw, 300px\" \/>\n\t\t\t<\/div><\/figure><figure class='gallery-item'>\n\t\t\t<div class='gallery-icon landscape'>\n\t\t\t\t<img loading=\"lazy\" decoding=\"async\" width=\"300\" height=\"300\" src=\"https:\/\/accio.pl\/hp9\/wp-content\/uploads\/2026\/02\/07-2-300x300.jpg\" class=\"attachment-medium size-medium\" alt=\"\" srcset=\"https:\/\/accio.pl\/hp9\/wp-content\/uploads\/2026\/02\/07-2-300x300.jpg 300w, https:\/\/accio.pl\/hp9\/wp-content\/uploads\/2026\/02\/07-2-150x150.jpg 150w, https:\/\/accio.pl\/hp9\/wp-content\/uploads\/2026\/02\/07-2-768x768.jpg 768w, https:\/\/accio.pl\/hp9\/wp-content\/uploads\/2026\/02\/07-2-50x50.jpg 50w, https:\/\/accio.pl\/hp9\/wp-content\/uploads\/2026\/02\/07-2-75x75.jpg 75w, https:\/\/accio.pl\/hp9\/wp-content\/uploads\/2026\/02\/07-2.jpg 1024w\" sizes=\"auto, (max-width: 300px) 100vw, 300px\" \/>\n\t\t\t<\/div><\/figure><figure class='gallery-item'>\n\t\t\t<div class='gallery-icon portrait'>\n\t\t\t\t<img loading=\"lazy\" decoding=\"async\" width=\"242\" height=\"300\" src=\"https:\/\/accio.pl\/hp9\/wp-content\/uploads\/2019\/11\/08-rozdzial-242x300.jpg\" class=\"attachment-medium size-medium\" alt=\"\" srcset=\"https:\/\/accio.pl\/hp9\/wp-content\/uploads\/2019\/11\/08-rozdzial-242x300.jpg 242w, https:\/\/accio.pl\/hp9\/wp-content\/uploads\/2019\/11\/08-rozdzial.jpg 340w\" sizes=\"auto, (max-width: 242px) 100vw, 242px\" \/>\n\t\t\t<\/div><\/figure><figure class='gallery-item'>\n\t\t\t<div class='gallery-icon landscape'>\n\t\t\t\t<img loading=\"lazy\" decoding=\"async\" width=\"300\" height=\"244\" src=\"https:\/\/accio.pl\/hp9\/wp-content\/uploads\/2019\/11\/09-rozdzial-300x244.jpg\" class=\"attachment-medium size-medium\" alt=\"\" srcset=\"https:\/\/accio.pl\/hp9\/wp-content\/uploads\/2019\/11\/09-rozdzial-300x244.jpg 300w, https:\/\/accio.pl\/hp9\/wp-content\/uploads\/2019\/11\/09-rozdzial.jpg 489w\" sizes=\"auto, (max-width: 300px) 100vw, 300px\" \/>\n\t\t\t<\/div><\/figure><figure class='gallery-item'>\n\t\t\t<div class='gallery-icon portrait'>\n\t\t\t\t<img loading=\"lazy\" decoding=\"async\" width=\"266\" height=\"300\" src=\"https:\/\/accio.pl\/hp9\/wp-content\/uploads\/2019\/11\/10-rozdzial-266x300.jpg\" class=\"attachment-medium size-medium\" alt=\"\" srcset=\"https:\/\/accio.pl\/hp9\/wp-content\/uploads\/2019\/11\/10-rozdzial-266x300.jpg 266w, https:\/\/accio.pl\/hp9\/wp-content\/uploads\/2019\/11\/10-rozdzial.jpg 340w\" sizes=\"auto, (max-width: 266px) 100vw, 266px\" \/>\n\t\t\t<\/div><\/figure><figure class='gallery-item'>\n\t\t\t<div class='gallery-icon landscape'>\n\t\t\t\t<img loading=\"lazy\" decoding=\"async\" width=\"300\" height=\"300\" src=\"https:\/\/accio.pl\/hp9\/wp-content\/uploads\/2026\/02\/11-2-300x300.jpg\" class=\"attachment-medium size-medium\" alt=\"\" srcset=\"https:\/\/accio.pl\/hp9\/wp-content\/uploads\/2026\/02\/11-2-300x300.jpg 300w, https:\/\/accio.pl\/hp9\/wp-content\/uploads\/2026\/02\/11-2-150x150.jpg 150w, https:\/\/accio.pl\/hp9\/wp-content\/uploads\/2026\/02\/11-2-768x768.jpg 768w, https:\/\/accio.pl\/hp9\/wp-content\/uploads\/2026\/02\/11-2-50x50.jpg 50w, https:\/\/accio.pl\/hp9\/wp-content\/uploads\/2026\/02\/11-2-75x75.jpg 75w, https:\/\/accio.pl\/hp9\/wp-content\/uploads\/2026\/02\/11-2.jpg 1024w\" sizes=\"auto, (max-width: 300px) 100vw, 300px\" \/>\n\t\t\t<\/div><\/figure><figure class='gallery-item'>\n\t\t\t<div class='gallery-icon landscape'>\n\t\t\t\t<img loading=\"lazy\" decoding=\"async\" width=\"300\" height=\"235\" src=\"https:\/\/accio.pl\/hp9\/wp-content\/uploads\/2019\/11\/12-rozdzial-300x235.jpg\" class=\"attachment-medium size-medium\" alt=\"\" srcset=\"https:\/\/accio.pl\/hp9\/wp-content\/uploads\/2019\/11\/12-rozdzial-300x235.jpg 300w, https:\/\/accio.pl\/hp9\/wp-content\/uploads\/2019\/11\/12-rozdzial.jpg 340w\" sizes=\"auto, (max-width: 300px) 100vw, 300px\" \/>\n\t\t\t<\/div><\/figure><figure class='gallery-item'>\n\t\t\t<div class='gallery-icon landscape'>\n\t\t\t\t<img loading=\"lazy\" decoding=\"async\" width=\"300\" height=\"255\" src=\"https:\/\/accio.pl\/hp9\/wp-content\/uploads\/2019\/11\/13-rozdzial-300x255.jpg\" class=\"attachment-medium size-medium\" alt=\"\" srcset=\"https:\/\/accio.pl\/hp9\/wp-content\/uploads\/2019\/11\/13-rozdzial-300x255.jpg 300w, https:\/\/accio.pl\/hp9\/wp-content\/uploads\/2019\/11\/13-rozdzial.jpg 338w\" sizes=\"auto, (max-width: 300px) 100vw, 300px\" \/>\n\t\t\t<\/div><\/figure><figure class='gallery-item'>\n\t\t\t<div class='gallery-icon landscape'>\n\t\t\t\t<img loading=\"lazy\" decoding=\"async\" width=\"300\" height=\"254\" src=\"https:\/\/accio.pl\/hp9\/wp-content\/uploads\/2019\/11\/14-rozdzial-300x254.jpg\" class=\"attachment-medium size-medium\" alt=\"\" srcset=\"https:\/\/accio.pl\/hp9\/wp-content\/uploads\/2019\/11\/14-rozdzial-300x254.jpg 300w, https:\/\/accio.pl\/hp9\/wp-content\/uploads\/2019\/11\/14-rozdzial.jpg 448w\" sizes=\"auto, (max-width: 300px) 100vw, 300px\" \/>\n\t\t\t<\/div><\/figure><figure class='gallery-item'>\n\t\t\t<div class='gallery-icon portrait'>\n\t\t\t\t<img loading=\"lazy\" decoding=\"async\" width=\"265\" height=\"300\" src=\"https:\/\/accio.pl\/hp9\/wp-content\/uploads\/2019\/11\/15-rozdzial-265x300.jpg\" class=\"attachment-medium size-medium\" alt=\"\" srcset=\"https:\/\/accio.pl\/hp9\/wp-content\/uploads\/2019\/11\/15-rozdzial-265x300.jpg 265w, https:\/\/accio.pl\/hp9\/wp-content\/uploads\/2019\/11\/15-rozdzial.jpg 342w\" sizes=\"auto, (max-width: 265px) 100vw, 265px\" \/>\n\t\t\t<\/div><\/figure><figure class='gallery-item'>\n\t\t\t<div class='gallery-icon landscape'>\n\t\t\t\t<img loading=\"lazy\" decoding=\"async\" width=\"300\" height=\"213\" src=\"https:\/\/accio.pl\/hp9\/wp-content\/uploads\/2019\/11\/16-rozdzial-300x213.jpg\" class=\"attachment-medium size-medium\" alt=\"\" srcset=\"https:\/\/accio.pl\/hp9\/wp-content\/uploads\/2019\/11\/16-rozdzial-300x213.jpg 300w, https:\/\/accio.pl\/hp9\/wp-content\/uploads\/2019\/11\/16-rozdzial.jpg 397w\" sizes=\"auto, (max-width: 300px) 100vw, 300px\" \/>\n\t\t\t<\/div><\/figure><figure class='gallery-item'>\n\t\t\t<div class='gallery-icon portrait'>\n\t\t\t\t<img loading=\"lazy\" decoding=\"async\" width=\"280\" height=\"300\" src=\"https:\/\/accio.pl\/hp9\/wp-content\/uploads\/2019\/11\/17-rozdzial-280x300.jpg\" class=\"attachment-medium size-medium\" alt=\"\" srcset=\"https:\/\/accio.pl\/hp9\/wp-content\/uploads\/2019\/11\/17-rozdzial-280x300.jpg 280w, https:\/\/accio.pl\/hp9\/wp-content\/uploads\/2019\/11\/17-rozdzial.jpg 345w\" sizes=\"auto, (max-width: 280px) 100vw, 280px\" \/>\n\t\t\t<\/div><\/figure><figure class='gallery-item'>\n\t\t\t<div class='gallery-icon landscape'>\n\t\t\t\t<img loading=\"lazy\" decoding=\"async\" width=\"300\" height=\"200\" src=\"https:\/\/accio.pl\/hp9\/wp-content\/uploads\/2019\/11\/18-rozdzial-300x200.jpg\" class=\"attachment-medium size-medium\" alt=\"\" srcset=\"https:\/\/accio.pl\/hp9\/wp-content\/uploads\/2019\/11\/18-rozdzial-300x200.jpg 300w, https:\/\/accio.pl\/hp9\/wp-content\/uploads\/2019\/11\/18-rozdzial.jpg 527w\" sizes=\"auto, (max-width: 300px) 100vw, 300px\" \/>\n\t\t\t<\/div><\/figure><figure class='gallery-item'>\n\t\t\t<div class='gallery-icon landscape'>\n\t\t\t\t<img loading=\"lazy\" decoding=\"async\" width=\"300\" height=\"288\" src=\"https:\/\/accio.pl\/hp9\/wp-content\/uploads\/2019\/11\/19-rozdzial-300x288.jpg\" class=\"attachment-medium size-medium\" alt=\"\" srcset=\"https:\/\/accio.pl\/hp9\/wp-content\/uploads\/2019\/11\/19-rozdzial-300x288.jpg 300w, https:\/\/accio.pl\/hp9\/wp-content\/uploads\/2019\/11\/19-rozdzial.jpg 344w\" sizes=\"auto, (max-width: 300px) 100vw, 300px\" \/>\n\t\t\t<\/div><\/figure><figure class='gallery-item'>\n\t\t\t<div class='gallery-icon portrait'>\n\t\t\t\t<img loading=\"lazy\" decoding=\"async\" width=\"254\" height=\"300\" src=\"https:\/\/accio.pl\/hp9\/wp-content\/uploads\/2019\/11\/20-rozdzial-254x300.jpg\" class=\"attachment-medium size-medium\" alt=\"\" srcset=\"https:\/\/accio.pl\/hp9\/wp-content\/uploads\/2019\/11\/20-rozdzial-254x300.jpg 254w, https:\/\/accio.pl\/hp9\/wp-content\/uploads\/2019\/11\/20-rozdzial.jpg 339w\" sizes=\"auto, (max-width: 254px) 100vw, 254px\" \/>\n\t\t\t<\/div><\/figure><figure class='gallery-item'>\n\t\t\t<div class='gallery-icon portrait'>\n\t\t\t\t<img loading=\"lazy\" decoding=\"async\" width=\"271\" height=\"300\" src=\"https:\/\/accio.pl\/hp9\/wp-content\/uploads\/2019\/11\/21-rozdzial-271x300.jpg\" class=\"attachment-medium size-medium\" alt=\"\" srcset=\"https:\/\/accio.pl\/hp9\/wp-content\/uploads\/2019\/11\/21-rozdzial-271x300.jpg 271w, https:\/\/accio.pl\/hp9\/wp-content\/uploads\/2019\/11\/21-rozdzial.jpg 361w\" sizes=\"auto, (max-width: 271px) 100vw, 271px\" \/>\n\t\t\t<\/div><\/figure><figure class='gallery-item'>\n\t\t\t<div class='gallery-icon landscape'>\n\t\t\t\t<img loading=\"lazy\" decoding=\"async\" width=\"300\" height=\"265\" src=\"https:\/\/accio.pl\/hp9\/wp-content\/uploads\/2019\/11\/22-rozdzial-300x265.jpg\" class=\"attachment-medium size-medium\" alt=\"\" srcset=\"https:\/\/accio.pl\/hp9\/wp-content\/uploads\/2019\/11\/22-rozdzial-300x265.jpg 300w, https:\/\/accio.pl\/hp9\/wp-content\/uploads\/2019\/11\/22-rozdzial.jpg 352w\" sizes=\"auto, (max-width: 300px) 100vw, 300px\" \/>\n\t\t\t<\/div><\/figure><figure class='gallery-item'>\n\t\t\t<div class='gallery-icon portrait'>\n\t\t\t\t<img loading=\"lazy\" decoding=\"async\" width=\"275\" height=\"300\" src=\"https:\/\/accio.pl\/hp9\/wp-content\/uploads\/2019\/11\/23-rozdzial-275x300.jpg\" class=\"attachment-medium size-medium\" alt=\"\" srcset=\"https:\/\/accio.pl\/hp9\/wp-content\/uploads\/2019\/11\/23-rozdzial-275x300.jpg 275w, https:\/\/accio.pl\/hp9\/wp-content\/uploads\/2019\/11\/23-rozdzial.jpg 340w\" sizes=\"auto, (max-width: 275px) 100vw, 275px\" \/>\n\t\t\t<\/div><\/figure><figure class='gallery-item'>\n\t\t\t<div class='gallery-icon landscape'>\n\t\t\t\t<img loading=\"lazy\" decoding=\"async\" width=\"300\" height=\"236\" src=\"https:\/\/accio.pl\/hp9\/wp-content\/uploads\/2019\/11\/24-rozdzial-300x236.jpg\" class=\"attachment-medium size-medium\" alt=\"\" srcset=\"https:\/\/accio.pl\/hp9\/wp-content\/uploads\/2019\/11\/24-rozdzial-300x236.jpg 300w, https:\/\/accio.pl\/hp9\/wp-content\/uploads\/2019\/11\/24-rozdzial.jpg 360w\" sizes=\"auto, (max-width: 300px) 100vw, 300px\" \/>\n\t\t\t<\/div><\/figure><figure class='gallery-item'>\n\t\t\t<div class='gallery-icon landscape'>\n\t\t\t\t<img loading=\"lazy\" decoding=\"async\" width=\"300\" height=\"261\" src=\"https:\/\/accio.pl\/hp9\/wp-content\/uploads\/2019\/11\/25-rozdzial-300x261.jpg\" class=\"attachment-medium size-medium\" alt=\"\" srcset=\"https:\/\/accio.pl\/hp9\/wp-content\/uploads\/2019\/11\/25-rozdzial-300x261.jpg 300w, https:\/\/accio.pl\/hp9\/wp-content\/uploads\/2019\/11\/25-rozdzial.jpg 348w\" sizes=\"auto, (max-width: 300px) 100vw, 300px\" \/>\n\t\t\t<\/div><\/figure><figure class='gallery-item'>\n\t\t\t<div class='gallery-icon portrait'>\n\t\t\t\t<img loading=\"lazy\" decoding=\"async\" width=\"242\" height=\"300\" src=\"https:\/\/accio.pl\/hp9\/wp-content\/uploads\/2019\/11\/26-rozdzial-242x300.jpg\" class=\"attachment-medium size-medium\" alt=\"\" srcset=\"https:\/\/accio.pl\/hp9\/wp-content\/uploads\/2019\/11\/26-rozdzial-242x300.jpg 242w, https:\/\/accio.pl\/hp9\/wp-content\/uploads\/2019\/11\/26-rozdzial.jpg 343w\" sizes=\"auto, (max-width: 242px) 100vw, 242px\" \/>\n\t\t\t<\/div><\/figure>\n\t\t<\/div>\n\n<p>&nbsp;<\/p>\n<p>&nbsp;<\/p>\n<p style=\"text-align: center;\">Je\u015bli chcesz zobaczy\u0107 inne prace graficzne <a href=\"http:\/\/www.accio.pl\/hp9\/index.php\/user\/dominikroog\/\"><strong>Dominika Roga<\/strong><\/a>, niezwi\u0105zane z uBCG, zajrzyj pod <a href=\"https:\/\/www.instagram.com\/dominikroog\/\" target=\"_blank\" rel=\"noopener noreferrer\"><strong>ten link<\/strong><\/a>. Polecamy!<\/p>\n<p>&nbsp;<\/p>\n","protected":false},"excerpt":{"rendered":"<p>Poni\u017cej znajdziecie oryginalne ilustracje autorstwa Dominika Roga do poszczeg\u00f3lnych rozdzia\u0142\u00f3w powie\u015bci, kt\u00f3re rysownik wykona\u0142 w\u0142asnor\u0119cznie (ilustracja tytu\u0142owa, oraz do rozdzia\u0142\u00f3w 3 &#8211; 26), w czasach kiedy technologia AI jeszcze nie istnia\u0142a. Nowe ilustracje do rozdzia\u0142\u00f3w 1 i 2 powie\u015bci zosta\u0142y wygenerowane przez autora Marcina D\u0119ga z u\u017cyciem technologii AI. Dodatkowo ilustracja tytu\u0142owa, oraz ilustracje\u00a0 do rozdzia\u0142\u00f3w 7 i 11 przesz\u0142y drobny lifting, r\u00f3wnie\u017c z u\u017cyciem AI. &nbsp; &nbsp; &nbsp; Je\u015bli chcesz zobaczy\u0107 inne prace graficzne Dominika Roga, niezwi\u0105zane z uBCG, zajrzyj pod ten link. Polecamy! &nbsp;<\/p>\n","protected":false},"author":1,"featured_media":0,"parent":0,"menu_order":0,"comment_status":"open","ping_status":"closed","template":"","meta":{"footnotes":""},"class_list":["post-985","page","type-page","status-publish","hentry"],"yoast_head":"<!-- This site is optimized with the Yoast SEO plugin v27.5 - https:\/\/yoast.com\/product\/yoast-seo-wordpress\/ -->\n<title>Ilustracje do powie\u015bci ff &quot;Harry Potter i Pentakl W\u0119\u017coustych&quot; - Accio.pl<\/title>\n<meta name=\"robots\" content=\"index, follow, max-snippet:-1, max-image-preview:large, max-video-preview:-1\" \/>\n<link rel=\"canonical\" href=\"https:\/\/accio.pl\/hp9\/ilustracje-z-pentaklu-wezoustych\/\" \/>\n<meta property=\"og:locale\" content=\"pl_PL\" \/>\n<meta property=\"og:type\" content=\"article\" \/>\n<meta property=\"og:title\" content=\"Ilustracje do powie\u015bci ff &quot;Harry Potter i Pentakl W\u0119\u017coustych&quot; - Accio.pl\" \/>\n<meta property=\"og:description\" content=\"Poni\u017cej znajdziecie oryginalne ilustracje autorstwa Dominika Roga do poszczeg\u00f3lnych rozdzia\u0142\u00f3w powie\u015bci, kt\u00f3re rysownik wykona\u0142 w\u0142asnor\u0119cznie (ilustracja tytu\u0142owa, oraz do rozdzia\u0142\u00f3w 3 &#8211; 26), w czasach kiedy technologia AI jeszcze nie istnia\u0142a. Nowe ilustracje do rozdzia\u0142\u00f3w 1 i 2 powie\u015bci zosta\u0142y wygenerowane przez autora Marcina D\u0119ga z u\u017cyciem technologii AI. Dodatkowo ilustracja tytu\u0142owa, oraz ilustracje\u00a0 do rozdzia\u0142\u00f3w 7 i 11 przesz\u0142y drobny lifting, r\u00f3wnie\u017c z u\u017cyciem AI. &nbsp; &nbsp; &nbsp; Je\u015bli chcesz zobaczy\u0107 inne prace graficzne Dominika Roga, niezwi\u0105zane z uBCG, zajrzyj pod ten link. Polecamy! &nbsp;\" \/>\n<meta property=\"og:url\" content=\"https:\/\/accio.pl\/hp9\/ilustracje-z-pentaklu-wezoustych\/\" \/>\n<meta property=\"og:site_name\" content=\"Accio.pl\" \/>\n<meta property=\"article:modified_time\" content=\"2026-02-19T09:20:01+00:00\" \/>\n<meta property=\"og:image\" content=\"http:\/\/accio.pl\/hp9\/wp-content\/uploads\/2026\/02\/00_poprawiona-300x296.jpg\" \/>\n<meta name=\"twitter:card\" content=\"summary_large_image\" \/>\n<meta name=\"twitter:label1\" content=\"Szacowany czas czytania\" \/>\n\t<meta name=\"twitter:data1\" content=\"1 minuta\" \/>\n<script type=\"application\/ld+json\" class=\"yoast-schema-graph\">{\"@context\":\"https:\\\/\\\/schema.org\",\"@graph\":[{\"@type\":\"WebPage\",\"@id\":\"https:\\\/\\\/accio.pl\\\/hp9\\\/ilustracje-z-pentaklu-wezoustych\\\/\",\"url\":\"https:\\\/\\\/accio.pl\\\/hp9\\\/ilustracje-z-pentaklu-wezoustych\\\/\",\"name\":\"Ilustracje do powie\u015bci ff \\\"Harry Potter i Pentakl W\u0119\u017coustych\\\" - Accio.pl\",\"isPartOf\":{\"@id\":\"https:\\\/\\\/accio.pl\\\/hp9\\\/#website\"},\"datePublished\":\"2020-01-31T23:04:45+00:00\",\"dateModified\":\"2026-02-19T09:20:01+00:00\",\"breadcrumb\":{\"@id\":\"https:\\\/\\\/accio.pl\\\/hp9\\\/ilustracje-z-pentaklu-wezoustych\\\/#breadcrumb\"},\"inLanguage\":\"pl-PL\",\"potentialAction\":[{\"@type\":\"ReadAction\",\"target\":[\"https:\\\/\\\/accio.pl\\\/hp9\\\/ilustracje-z-pentaklu-wezoustych\\\/\"]}]},{\"@type\":\"BreadcrumbList\",\"@id\":\"https:\\\/\\\/accio.pl\\\/hp9\\\/ilustracje-z-pentaklu-wezoustych\\\/#breadcrumb\",\"itemListElement\":[{\"@type\":\"ListItem\",\"position\":1,\"name\":\"Strona g\u0142\u00f3wna\",\"item\":\"https:\\\/\\\/accio.pl\\\/hp9\\\/\"},{\"@type\":\"ListItem\",\"position\":2,\"name\":\"Ilustracje do powie\u015bci ff &#8220;Harry Potter i Pentakl W\u0119\u017coustych&#8221;\"}]},{\"@type\":\"WebSite\",\"@id\":\"https:\\\/\\\/accio.pl\\\/hp9\\\/#website\",\"url\":\"https:\\\/\\\/accio.pl\\\/hp9\\\/\",\"name\":\"Accio.pl\",\"description\":\"Przywo\u0142aj magi\u0119 sprzed lat!\",\"publisher\":{\"@id\":\"https:\\\/\\\/accio.pl\\\/hp9\\\/#organization\"},\"potentialAction\":[{\"@type\":\"SearchAction\",\"target\":{\"@type\":\"EntryPoint\",\"urlTemplate\":\"https:\\\/\\\/accio.pl\\\/hp9\\\/?s={search_term_string}\"},\"query-input\":{\"@type\":\"PropertyValueSpecification\",\"valueRequired\":true,\"valueName\":\"search_term_string\"}}],\"inLanguage\":\"pl-PL\"},{\"@type\":\"Organization\",\"@id\":\"https:\\\/\\\/accio.pl\\\/hp9\\\/#organization\",\"name\":\"Accio.pl\",\"url\":\"https:\\\/\\\/accio.pl\\\/hp9\\\/\",\"logo\":{\"@type\":\"ImageObject\",\"inLanguage\":\"pl-PL\",\"@id\":\"https:\\\/\\\/accio.pl\\\/hp9\\\/#\\\/schema\\\/logo\\\/image\\\/\",\"url\":\"https:\\\/\\\/accio.pl\\\/hp9\\\/wp-content\\\/uploads\\\/2026\\\/02\\\/logo_accio2026b.png\",\"contentUrl\":\"https:\\\/\\\/accio.pl\\\/hp9\\\/wp-content\\\/uploads\\\/2026\\\/02\\\/logo_accio2026b.png\",\"width\":370,\"height\":150,\"caption\":\"Accio.pl\"},\"image\":{\"@id\":\"https:\\\/\\\/accio.pl\\\/hp9\\\/#\\\/schema\\\/logo\\\/image\\\/\"}}]}<\/script>\n<!-- \/ Yoast SEO plugin. -->","yoast_head_json":{"title":"Ilustracje do powie\u015bci ff \"Harry Potter i Pentakl W\u0119\u017coustych\" - Accio.pl","robots":{"index":"index","follow":"follow","max-snippet":"max-snippet:-1","max-image-preview":"max-image-preview:large","max-video-preview":"max-video-preview:-1"},"canonical":"https:\/\/accio.pl\/hp9\/ilustracje-z-pentaklu-wezoustych\/","og_locale":"pl_PL","og_type":"article","og_title":"Ilustracje do powie\u015bci ff \"Harry Potter i Pentakl W\u0119\u017coustych\" - Accio.pl","og_description":"Poni\u017cej znajdziecie oryginalne ilustracje autorstwa Dominika Roga do poszczeg\u00f3lnych rozdzia\u0142\u00f3w powie\u015bci, kt\u00f3re rysownik wykona\u0142 w\u0142asnor\u0119cznie (ilustracja tytu\u0142owa, oraz do rozdzia\u0142\u00f3w 3 &#8211; 26), w czasach kiedy technologia AI jeszcze nie istnia\u0142a. Nowe ilustracje do rozdzia\u0142\u00f3w 1 i 2 powie\u015bci zosta\u0142y wygenerowane przez autora Marcina D\u0119ga z u\u017cyciem technologii AI. Dodatkowo ilustracja tytu\u0142owa, oraz ilustracje\u00a0 do rozdzia\u0142\u00f3w 7 i 11 przesz\u0142y drobny lifting, r\u00f3wnie\u017c z u\u017cyciem AI. &nbsp; &nbsp; &nbsp; Je\u015bli chcesz zobaczy\u0107 inne prace graficzne Dominika Roga, niezwi\u0105zane z uBCG, zajrzyj pod ten link. Polecamy! &nbsp;","og_url":"https:\/\/accio.pl\/hp9\/ilustracje-z-pentaklu-wezoustych\/","og_site_name":"Accio.pl","article_modified_time":"2026-02-19T09:20:01+00:00","og_image":[{"url":"http:\/\/accio.pl\/hp9\/wp-content\/uploads\/2026\/02\/00_poprawiona-300x296.jpg","type":"","width":"","height":""}],"twitter_card":"summary_large_image","twitter_misc":{"Szacowany czas czytania":"1 minuta"},"schema":{"@context":"https:\/\/schema.org","@graph":[{"@type":"WebPage","@id":"https:\/\/accio.pl\/hp9\/ilustracje-z-pentaklu-wezoustych\/","url":"https:\/\/accio.pl\/hp9\/ilustracje-z-pentaklu-wezoustych\/","name":"Ilustracje do powie\u015bci ff \"Harry Potter i Pentakl W\u0119\u017coustych\" - Accio.pl","isPartOf":{"@id":"https:\/\/accio.pl\/hp9\/#website"},"datePublished":"2020-01-31T23:04:45+00:00","dateModified":"2026-02-19T09:20:01+00:00","breadcrumb":{"@id":"https:\/\/accio.pl\/hp9\/ilustracje-z-pentaklu-wezoustych\/#breadcrumb"},"inLanguage":"pl-PL","potentialAction":[{"@type":"ReadAction","target":["https:\/\/accio.pl\/hp9\/ilustracje-z-pentaklu-wezoustych\/"]}]},{"@type":"BreadcrumbList","@id":"https:\/\/accio.pl\/hp9\/ilustracje-z-pentaklu-wezoustych\/#breadcrumb","itemListElement":[{"@type":"ListItem","position":1,"name":"Strona g\u0142\u00f3wna","item":"https:\/\/accio.pl\/hp9\/"},{"@type":"ListItem","position":2,"name":"Ilustracje do powie\u015bci ff &#8220;Harry Potter i Pentakl W\u0119\u017coustych&#8221;"}]},{"@type":"WebSite","@id":"https:\/\/accio.pl\/hp9\/#website","url":"https:\/\/accio.pl\/hp9\/","name":"Accio.pl","description":"Przywo\u0142aj magi\u0119 sprzed lat!","publisher":{"@id":"https:\/\/accio.pl\/hp9\/#organization"},"potentialAction":[{"@type":"SearchAction","target":{"@type":"EntryPoint","urlTemplate":"https:\/\/accio.pl\/hp9\/?s={search_term_string}"},"query-input":{"@type":"PropertyValueSpecification","valueRequired":true,"valueName":"search_term_string"}}],"inLanguage":"pl-PL"},{"@type":"Organization","@id":"https:\/\/accio.pl\/hp9\/#organization","name":"Accio.pl","url":"https:\/\/accio.pl\/hp9\/","logo":{"@type":"ImageObject","inLanguage":"pl-PL","@id":"https:\/\/accio.pl\/hp9\/#\/schema\/logo\/image\/","url":"https:\/\/accio.pl\/hp9\/wp-content\/uploads\/2026\/02\/logo_accio2026b.png","contentUrl":"https:\/\/accio.pl\/hp9\/wp-content\/uploads\/2026\/02\/logo_accio2026b.png","width":370,"height":150,"caption":"Accio.pl"},"image":{"@id":"https:\/\/accio.pl\/hp9\/#\/schema\/logo\/image\/"}}]}},"_links":{"self":[{"href":"https:\/\/accio.pl\/hp9\/wp-json\/wp\/v2\/pages\/985","targetHints":{"allow":["GET"]}}],"collection":[{"href":"https:\/\/accio.pl\/hp9\/wp-json\/wp\/v2\/pages"}],"about":[{"href":"https:\/\/accio.pl\/hp9\/wp-json\/wp\/v2\/types\/page"}],"author":[{"embeddable":true,"href":"https:\/\/accio.pl\/hp9\/wp-json\/wp\/v2\/users\/1"}],"replies":[{"embeddable":true,"href":"https:\/\/accio.pl\/hp9\/wp-json\/wp\/v2\/comments?post=985"}],"version-history":[{"count":7,"href":"https:\/\/accio.pl\/hp9\/wp-json\/wp\/v2\/pages\/985\/revisions"}],"predecessor-version":[{"id":3203,"href":"https:\/\/accio.pl\/hp9\/wp-json\/wp\/v2\/pages\/985\/revisions\/3203"}],"wp:attachment":[{"href":"https:\/\/accio.pl\/hp9\/wp-json\/wp\/v2\/media?parent=985"}],"curies":[{"name":"wp","href":"https:\/\/api.w.org\/{rel}","templated":true}]}}