{"id":604,"date":"2019-12-15T13:05:22","date_gmt":"2019-12-15T13:05:22","guid":{"rendered":"http:\/\/www.accio.pl\/hp9\/?page_id=604"},"modified":"2020-11-19T10:13:06","modified_gmt":"2020-11-19T09:13:06","slug":"regulamin-strony-accio-pl","status":"publish","type":"page","link":"https:\/\/accio.pl\/hp9\/regulamin-strony-accio-pl\/","title":{"rendered":"Regulamin serwisu Accio.pl"},"content":{"rendered":"<p><strong>1. Informacje podstawowe:<\/strong><br \/>\n1.1. Korzystaj\u0105c z tego serwisu, akceptujesz niniejszy regulamin.<br \/>\n1.2. Rejestracja i korzystanie z tej strony s\u0105 ca\u0142kowicie bezp\u0142atne.<br \/>\n1.3. Rejestracja w serwisie ma charakter dobrowolny.<br \/>\n1.4. Autor nie czerpie \u017cadnych korzy\u015bci finansowych z materia\u0142\u00f3w, kt\u00f3re znajduj\u0105 si\u0119 na tej stronie.<br \/>\n1.5. Kopiowanie jakichkolwiek materia\u0142\u00f3w z tej strony bez zgody autora jest zabronione.<br \/>\n1.6. Prawa autorskie do marki \u201eHarry Potter\u201d posiadaj\u0105 podmioty odpowiedzialne (patrz stopka dolna serwisu).<br \/>\n1.7. W serwisie mo\u017cna mie\u0107 tylko jedno konto, zabrania si\u0119 posiadania tzw. &#8220;Multi Kont&#8221;.<br \/>\n1.8. Regulamin w ka\u017cdej chwili mo\u017ce ulec zmianie.<\/p>\n<p><strong>2. Dane osobowe i ich ochrona:<\/strong><br \/>\n2.1. Serwis ten ma charakter prywatny, w zwi\u0105zku z tym wy\u0142\u0105czony jest spod RODO.<br \/>\n2.2. Dane zapisywane w bazie danych serwisu:<br \/>\n&#8211; <em>nick u\u017cytkownika oraz adres e-mail<\/em> &#8211; konieczne do za\u0142o\u017cenia konta u\u017cytkownika,<br \/>\n&#8211;<em> imi\u0119, nazwisko oraz nota biograficzna<\/em> &#8211; nie wymagane do za\u0142o\u017cenia konta i korzystania z serwisu.<br \/>\n2.3. Dane te przetrzymywane s\u0105 w bazie danych serwisu Accio.pl wy\u0142\u0105cznie w celu utrzymania konta u\u017cytkownika.<br \/>\n2.4. Dane osobowe mo\u017cna w dowolnym momencie wykasowa\u0107 z bazy serwisu, usuwaj\u0105c konto u\u017cytkownika.<br \/>\n2.5. Ch\u0119\u0107 usuni\u0119cia konta u\u017cytkownika i skasowania danych osobowych prosz\u0119 zg\u0142asza\u0107 <a href=\"http:\/\/www.accio.pl\/hp9\/index.php\/kontakt-z-administratorem-accio-pl\/\"><strong>tutaj<\/strong><\/a>.<\/p>\n<p><strong>3. Konta u\u017cytkownika:<\/strong><br \/>\n3.1. Za\u0142o\u017cenie konta u\u017cytkownika jest ca\u0142kowicie darmowe i dobrowolne.<br \/>\n3.2. Konto u\u017cytkownika u\u0142atwia korzystanie z serwisu Accio.pl.<br \/>\n3.3. Zak\u0142adaj\u0105c konto u\u017cytkownika nale\u017cy do\u0142o\u017cy\u0107 stara\u0144, aby:<br \/>\n&#8211; <em>nazwa u\u017cytkownika (nick)<\/em> nie zawiera\u0142a tre\u015bci religijnych, obra\u017aliwych, erotycznych itd. oraz odno\u015bnik\u00f3w do innych stron internetowych,<br \/>\n&#8211; <em>avatar i sygnatura<\/em> nie zawiera\u0142y tre\u015bci pornograficznych i obra\u017aliwych.<br \/>\n3.4. U\u017cytkownik zarejestrowany mo\u017ce w dowolnym momencie edytowa\u0107 dane zawarte na swoim koncie.<br \/>\n3.5. Konto u\u017cytkownika s\u0142u\u017cy do przegl\u0105dania zasob\u00f3w tej strony, pisania post\u00f3w oraz komentarzy.<\/p>\n<p><strong>4. Posty i komentarze:<\/strong><br \/>\n4.1. Zabrania si\u0119 dodawania post\u00f3w z adresami stron, kt\u00f3re obra\u017caj\u0105 inne osoby, zawieraj\u0105 tre\u015bci pornograficzne lub nawo\u0142uj\u0105 do rasizmu, przyczyniaj\u0105 si\u0119 do \u0142amania praw autorskich itp.<br \/>\n4.2. Zabronione jest spamowanie, floodowanie itp.<br \/>\n4.3. Nie wolno pisa\u0107 kilku komentarzy\/post\u00f3w pod rz\u0105d.<br \/>\n4.4. Nie wolno dodawa\u0107 post\u00f3w lub komentarzy zawieraj\u0105cych wy\u0142\u0105cznie lub w wi\u0119kszo\u015bci same emotikony.<br \/>\n4.5. Nie wolno przeklina\u0107, ani obra\u017ca\u0107 innych u\u017cytkownik\u00f3w.<br \/>\n4.6. Posty nale\u017cy pisa\u0107 zgodnie z podstawami ortografii i interpunkcji.<br \/>\n4.7. Posty, kt\u00f3re b\u0119d\u0105 zawiera\u0142y du\u017c\u0105 ilo\u015b\u0107 b\u0142\u0119d\u00f3w b\u0119d\u0105 kasowane.<\/p>\n<p><strong>5. Kary:<\/strong><br \/>\n5.1. Osoby \u0142ami\u0105ce, kt\u00f3rykolwiek z punkt\u00f3w regulaminu b\u0119d\u0105 karane warnem (ostrze\u017ceniem) b\u0105d\u017a banem.<br \/>\n5.2. Warna\/bana mo\u017ce przyzna\u0107 tylko administrator serwisu.<br \/>\n5.3. Ban mo\u017ce by\u0107 na okre\u015blony czas lub na sta\u0142e.<br \/>\n5.4. U\u017cytkownik zbanowany mo\u017ce zg\u0142osi\u0107 si\u0119 do administratora kt\u00f3ry go zbanowa\u0142, aby wyja\u015bni\u0107 pow\u00f3d blokady konta i ewentualnie poprosi\u0107 o odblokowanie.<br \/>\n5.5. U\u017cytkownicy maj\u0105cy powy\u017cej 5 ostrze\u017ce\u0144 mog\u0105 zosta\u0107 zbanowani na sta\u0142e.<\/p>\n<p><strong>6. Postanowienia ko\u0144cowe:<\/strong><br \/>\n6.1. Je\u017celi nie akceptujesz regulaminu, to skontaktuj si\u0119 z dowolnie wybranym administratorem, aby skasowa\u0142 Twoje konto z portalu.<br \/>\n6.2. Z administracj\u0105 serwisu mo\u017cesz si\u0119 skontaktowa\u0107 klikaj\u0105c <a href=\"http:\/\/www.accio.pl\/hp9\/index.php\/kontakt-z-administratorem-accio-pl-2\/\"><strong>tutaj<\/strong><\/a>.<br \/>\n6.3. Regulamin zosta\u0142 opracowany przez administracj\u0119 serwisu www.Accio.pl.<\/p>\n","protected":false},"excerpt":{"rendered":"<p>1. Informacje podstawowe: 1.1. Korzystaj\u0105c z tego serwisu, akceptujesz niniejszy regulamin. 1.2. Rejestracja i korzystanie z tej strony s\u0105 ca\u0142kowicie bezp\u0142atne. 1.3. Rejestracja w serwisie ma charakter dobrowolny. 1.4. Autor nie czerpie \u017cadnych korzy\u015bci finansowych z materia\u0142\u00f3w, kt\u00f3re znajduj\u0105 si\u0119 na tej stronie. 1.5. Kopiowanie jakichkolwiek materia\u0142\u00f3w z tej strony bez zgody autora jest zabronione. 1.6. Prawa autorskie do marki \u201eHarry Potter\u201d posiadaj\u0105 podmioty odpowiedzialne (patrz stopka dolna serwisu). 1.7. W serwisie mo\u017cna mie\u0107 tylko jedno konto, zabrania si\u0119 posiadania tzw. &#8220;Multi Kont&#8221;. 1.8. Regulamin w ka\u017cdej chwili mo\u017ce ulec zmianie. 2. Dane osobowe i ich ochrona: 2.1. Serwis ten ma charakter prywatny, w zwi\u0105zku z tym wy\u0142\u0105czony jest spod RODO. 2.2. Dane zapisywane w bazie danych serwisu: &#8211; nick u\u017cytkownika oraz adres e-mail &#8211; konieczne do za\u0142o\u017cenia konta u\u017cytkownika, &#8211; imi\u0119, nazwisko oraz nota biograficzna &#8211; nie wymagane do za\u0142o\u017cenia konta i korzystania z serwisu. 2.3. Dane te przetrzymywane s\u0105 w bazie danych serwisu Accio.pl wy\u0142\u0105cznie w celu utrzymania konta u\u017cytkownika. 2.4. Dane osobowe mo\u017cna w dowolnym momencie wykasowa\u0107 z bazy serwisu, usuwaj\u0105c konto u\u017cytkownika. 2.5. Ch\u0119\u0107 usuni\u0119cia konta u\u017cytkownika i skasowania danych osobowych prosz\u0119 zg\u0142asza\u0107 tutaj. 3. Konta u\u017cytkownika: 3.1. Za\u0142o\u017cenie konta u\u017cytkownika jest ca\u0142kowicie darmowe i dobrowolne. 3.2. Konto u\u017cytkownika u\u0142atwia korzystanie z serwisu Accio.pl. 3.3. Zak\u0142adaj\u0105c konto u\u017cytkownika nale\u017cy do\u0142o\u017cy\u0107 stara\u0144, aby: &#8211; nazwa u\u017cytkownika (nick) nie zawiera\u0142a tre\u015bci religijnych, obra\u017aliwych, erotycznych itd. oraz odno\u015bnik\u00f3w do innych stron internetowych, &#8211; avatar i sygnatura nie zawiera\u0142y tre\u015bci pornograficznych i obra\u017aliwych. 3.4. U\u017cytkownik zarejestrowany mo\u017ce w dowolnym momencie edytowa\u0107 dane zawarte na swoim koncie. 3.5. Konto u\u017cytkownika s\u0142u\u017cy do przegl\u0105dania zasob\u00f3w tej strony, pisania post\u00f3w oraz komentarzy. 4. Posty i komentarze: 4.1. Zabrania si\u0119 dodawania post\u00f3w z adresami stron, kt\u00f3re obra\u017caj\u0105 inne osoby, zawieraj\u0105 tre\u015bci pornograficzne lub nawo\u0142uj\u0105 do rasizmu, przyczyniaj\u0105 si\u0119 do \u0142amania praw autorskich itp. 4.2. Zabronione jest spamowanie, floodowanie itp. 4.3. Nie wolno pisa\u0107 kilku komentarzy\/post\u00f3w pod rz\u0105d. 4.4. Nie wolno dodawa\u0107 post\u00f3w lub komentarzy zawieraj\u0105cych wy\u0142\u0105cznie lub w wi\u0119kszo\u015bci same emotikony. 4.5. Nie wolno przeklina\u0107, ani obra\u017ca\u0107 innych u\u017cytkownik\u00f3w. 4.6. Posty nale\u017cy pisa\u0107 zgodnie z podstawami ortografii i interpunkcji. 4.7. Posty, kt\u00f3re b\u0119d\u0105 zawiera\u0142y du\u017c\u0105 ilo\u015b\u0107 b\u0142\u0119d\u00f3w b\u0119d\u0105 kasowane. 5. Kary: 5.1. Osoby \u0142ami\u0105ce, kt\u00f3rykolwiek z punkt\u00f3w regulaminu b\u0119d\u0105 karane warnem (ostrze\u017ceniem) b\u0105d\u017a banem. 5.2. Warna\/bana mo\u017ce przyzna\u0107 tylko administrator serwisu. 5.3. Ban mo\u017ce by\u0107 na okre\u015blony czas lub na sta\u0142e. 5.4. U\u017cytkownik zbanowany mo\u017ce zg\u0142osi\u0107 si\u0119 do administratora kt\u00f3ry go zbanowa\u0142, aby wyja\u015bni\u0107 pow\u00f3d blokady konta i ewentualnie poprosi\u0107 o odblokowanie. 5.5. U\u017cytkownicy maj\u0105cy powy\u017cej 5 ostrze\u017ce\u0144 mog\u0105 zosta\u0107 zbanowani na sta\u0142e. 6. Postanowienia ko\u0144cowe: 6.1. Je\u017celi nie akceptujesz regulaminu, to skontaktuj si\u0119 z dowolnie wybranym administratorem, aby skasowa\u0142 Twoje konto z portalu. 6.2. Z administracj\u0105 serwisu mo\u017cesz si\u0119 skontaktowa\u0107 klikaj\u0105c tutaj. 6.3. Regulamin zosta\u0142 opracowany przez administracj\u0119 serwisu www.Accio.pl.<\/p>\n","protected":false},"author":1,"featured_media":0,"parent":0,"menu_order":0,"comment_status":"closed","ping_status":"closed","template":"","meta":{"footnotes":""},"class_list":["post-604","page","type-page","status-publish","hentry"],"yoast_head":"<!-- This site is optimized with the Yoast SEO plugin v27.5 - https:\/\/yoast.com\/product\/yoast-seo-wordpress\/ -->\n<title>Regulamin serwisu Accio.pl - Accio.pl<\/title>\n<meta name=\"robots\" content=\"index, follow, max-snippet:-1, max-image-preview:large, max-video-preview:-1\" \/>\n<link rel=\"canonical\" href=\"https:\/\/accio.pl\/hp9\/regulamin-strony-accio-pl\/\" \/>\n<meta property=\"og:locale\" content=\"pl_PL\" \/>\n<meta property=\"og:type\" content=\"article\" \/>\n<meta property=\"og:title\" content=\"Regulamin serwisu Accio.pl - Accio.pl\" \/>\n<meta property=\"og:description\" content=\"1. Informacje podstawowe: 1.1. Korzystaj\u0105c z tego serwisu, akceptujesz niniejszy regulamin. 1.2. Rejestracja i korzystanie z tej strony s\u0105 ca\u0142kowicie bezp\u0142atne. 1.3. Rejestracja w serwisie ma charakter dobrowolny. 1.4. Autor nie czerpie \u017cadnych korzy\u015bci finansowych z materia\u0142\u00f3w, kt\u00f3re znajduj\u0105 si\u0119 na tej stronie. 1.5. Kopiowanie jakichkolwiek materia\u0142\u00f3w z tej strony bez zgody autora jest zabronione. 1.6. Prawa autorskie do marki \u201eHarry Potter\u201d posiadaj\u0105 podmioty odpowiedzialne (patrz stopka dolna serwisu). 1.7. W serwisie mo\u017cna mie\u0107 tylko jedno konto, zabrania si\u0119 posiadania tzw. &#8220;Multi Kont&#8221;. 1.8. Regulamin w ka\u017cdej chwili mo\u017ce ulec zmianie. 2. Dane osobowe i ich ochrona: 2.1. Serwis ten ma charakter prywatny, w zwi\u0105zku z tym wy\u0142\u0105czony jest spod RODO. 2.2. Dane zapisywane w bazie danych serwisu: &#8211; nick u\u017cytkownika oraz adres e-mail &#8211; konieczne do za\u0142o\u017cenia konta u\u017cytkownika, &#8211; imi\u0119, nazwisko oraz nota biograficzna &#8211; nie wymagane do za\u0142o\u017cenia konta i korzystania z serwisu. 2.3. Dane te przetrzymywane s\u0105 w bazie danych serwisu Accio.pl wy\u0142\u0105cznie w celu utrzymania konta u\u017cytkownika. 2.4. Dane osobowe mo\u017cna w dowolnym momencie wykasowa\u0107 z bazy serwisu, usuwaj\u0105c konto u\u017cytkownika. 2.5. Ch\u0119\u0107 usuni\u0119cia konta u\u017cytkownika i skasowania danych osobowych prosz\u0119 zg\u0142asza\u0107 tutaj. 3. Konta u\u017cytkownika: 3.1. Za\u0142o\u017cenie konta u\u017cytkownika jest ca\u0142kowicie darmowe i dobrowolne. 3.2. Konto u\u017cytkownika u\u0142atwia korzystanie z serwisu Accio.pl. 3.3. Zak\u0142adaj\u0105c konto u\u017cytkownika nale\u017cy do\u0142o\u017cy\u0107 stara\u0144, aby: &#8211; nazwa u\u017cytkownika (nick) nie zawiera\u0142a tre\u015bci religijnych, obra\u017aliwych, erotycznych itd. oraz odno\u015bnik\u00f3w do innych stron internetowych, &#8211; avatar i sygnatura nie zawiera\u0142y tre\u015bci pornograficznych i obra\u017aliwych. 3.4. U\u017cytkownik zarejestrowany mo\u017ce w dowolnym momencie edytowa\u0107 dane zawarte na swoim koncie. 3.5. Konto u\u017cytkownika s\u0142u\u017cy do przegl\u0105dania zasob\u00f3w tej strony, pisania post\u00f3w oraz komentarzy. 4. Posty i komentarze: 4.1. Zabrania si\u0119 dodawania post\u00f3w z adresami stron, kt\u00f3re obra\u017caj\u0105 inne osoby, zawieraj\u0105 tre\u015bci pornograficzne lub nawo\u0142uj\u0105 do rasizmu, przyczyniaj\u0105 si\u0119 do \u0142amania praw autorskich itp. 4.2. Zabronione jest spamowanie, floodowanie itp. 4.3. Nie wolno pisa\u0107 kilku komentarzy\/post\u00f3w pod rz\u0105d. 4.4. Nie wolno dodawa\u0107 post\u00f3w lub komentarzy zawieraj\u0105cych wy\u0142\u0105cznie lub w wi\u0119kszo\u015bci same emotikony. 4.5. Nie wolno przeklina\u0107, ani obra\u017ca\u0107 innych u\u017cytkownik\u00f3w. 4.6. Posty nale\u017cy pisa\u0107 zgodnie z podstawami ortografii i interpunkcji. 4.7. Posty, kt\u00f3re b\u0119d\u0105 zawiera\u0142y du\u017c\u0105 ilo\u015b\u0107 b\u0142\u0119d\u00f3w b\u0119d\u0105 kasowane. 5. Kary: 5.1. Osoby \u0142ami\u0105ce, kt\u00f3rykolwiek z punkt\u00f3w regulaminu b\u0119d\u0105 karane warnem (ostrze\u017ceniem) b\u0105d\u017a banem. 5.2. Warna\/bana mo\u017ce przyzna\u0107 tylko administrator serwisu. 5.3. Ban mo\u017ce by\u0107 na okre\u015blony czas lub na sta\u0142e. 5.4. U\u017cytkownik zbanowany mo\u017ce zg\u0142osi\u0107 si\u0119 do administratora kt\u00f3ry go zbanowa\u0142, aby wyja\u015bni\u0107 pow\u00f3d blokady konta i ewentualnie poprosi\u0107 o odblokowanie. 5.5. U\u017cytkownicy maj\u0105cy powy\u017cej 5 ostrze\u017ce\u0144 mog\u0105 zosta\u0107 zbanowani na sta\u0142e. 6. Postanowienia ko\u0144cowe: 6.1. Je\u017celi nie akceptujesz regulaminu, to skontaktuj si\u0119 z dowolnie wybranym administratorem, aby skasowa\u0142 Twoje konto z portalu. 6.2. Z administracj\u0105 serwisu mo\u017cesz si\u0119 skontaktowa\u0107 klikaj\u0105c tutaj. 6.3. Regulamin zosta\u0142 opracowany przez administracj\u0119 serwisu www.Accio.pl.\" \/>\n<meta property=\"og:url\" content=\"https:\/\/accio.pl\/hp9\/regulamin-strony-accio-pl\/\" \/>\n<meta property=\"og:site_name\" content=\"Accio.pl\" \/>\n<meta property=\"article:modified_time\" content=\"2020-11-19T09:13:06+00:00\" \/>\n<meta name=\"twitter:card\" content=\"summary_large_image\" \/>\n<meta name=\"twitter:label1\" content=\"Szacowany czas czytania\" \/>\n\t<meta name=\"twitter:data1\" content=\"3 minuty\" \/>\n<script type=\"application\/ld+json\" class=\"yoast-schema-graph\">{\"@context\":\"https:\\\/\\\/schema.org\",\"@graph\":[{\"@type\":\"WebPage\",\"@id\":\"https:\\\/\\\/accio.pl\\\/hp9\\\/regulamin-strony-accio-pl\\\/\",\"url\":\"https:\\\/\\\/accio.pl\\\/hp9\\\/regulamin-strony-accio-pl\\\/\",\"name\":\"Regulamin serwisu Accio.pl - Accio.pl\",\"isPartOf\":{\"@id\":\"https:\\\/\\\/accio.pl\\\/hp9\\\/#website\"},\"datePublished\":\"2019-12-15T13:05:22+00:00\",\"dateModified\":\"2020-11-19T09:13:06+00:00\",\"breadcrumb\":{\"@id\":\"https:\\\/\\\/accio.pl\\\/hp9\\\/regulamin-strony-accio-pl\\\/#breadcrumb\"},\"inLanguage\":\"pl-PL\",\"potentialAction\":[{\"@type\":\"ReadAction\",\"target\":[\"https:\\\/\\\/accio.pl\\\/hp9\\\/regulamin-strony-accio-pl\\\/\"]}]},{\"@type\":\"BreadcrumbList\",\"@id\":\"https:\\\/\\\/accio.pl\\\/hp9\\\/regulamin-strony-accio-pl\\\/#breadcrumb\",\"itemListElement\":[{\"@type\":\"ListItem\",\"position\":1,\"name\":\"Strona g\u0142\u00f3wna\",\"item\":\"https:\\\/\\\/accio.pl\\\/hp9\\\/\"},{\"@type\":\"ListItem\",\"position\":2,\"name\":\"Regulamin serwisu Accio.pl\"}]},{\"@type\":\"WebSite\",\"@id\":\"https:\\\/\\\/accio.pl\\\/hp9\\\/#website\",\"url\":\"https:\\\/\\\/accio.pl\\\/hp9\\\/\",\"name\":\"Accio.pl\",\"description\":\"Przywo\u0142aj magi\u0119 sprzed lat!\",\"publisher\":{\"@id\":\"https:\\\/\\\/accio.pl\\\/hp9\\\/#organization\"},\"potentialAction\":[{\"@type\":\"SearchAction\",\"target\":{\"@type\":\"EntryPoint\",\"urlTemplate\":\"https:\\\/\\\/accio.pl\\\/hp9\\\/?s={search_term_string}\"},\"query-input\":{\"@type\":\"PropertyValueSpecification\",\"valueRequired\":true,\"valueName\":\"search_term_string\"}}],\"inLanguage\":\"pl-PL\"},{\"@type\":\"Organization\",\"@id\":\"https:\\\/\\\/accio.pl\\\/hp9\\\/#organization\",\"name\":\"Accio.pl\",\"url\":\"https:\\\/\\\/accio.pl\\\/hp9\\\/\",\"logo\":{\"@type\":\"ImageObject\",\"inLanguage\":\"pl-PL\",\"@id\":\"https:\\\/\\\/accio.pl\\\/hp9\\\/#\\\/schema\\\/logo\\\/image\\\/\",\"url\":\"https:\\\/\\\/accio.pl\\\/hp9\\\/wp-content\\\/uploads\\\/2026\\\/02\\\/logo_accio2026b.png\",\"contentUrl\":\"https:\\\/\\\/accio.pl\\\/hp9\\\/wp-content\\\/uploads\\\/2026\\\/02\\\/logo_accio2026b.png\",\"width\":370,\"height\":150,\"caption\":\"Accio.pl\"},\"image\":{\"@id\":\"https:\\\/\\\/accio.pl\\\/hp9\\\/#\\\/schema\\\/logo\\\/image\\\/\"}}]}<\/script>\n<!-- \/ Yoast SEO plugin. -->","yoast_head_json":{"title":"Regulamin serwisu Accio.pl - Accio.pl","robots":{"index":"index","follow":"follow","max-snippet":"max-snippet:-1","max-image-preview":"max-image-preview:large","max-video-preview":"max-video-preview:-1"},"canonical":"https:\/\/accio.pl\/hp9\/regulamin-strony-accio-pl\/","og_locale":"pl_PL","og_type":"article","og_title":"Regulamin serwisu Accio.pl - Accio.pl","og_description":"1. Informacje podstawowe: 1.1. Korzystaj\u0105c z tego serwisu, akceptujesz niniejszy regulamin. 1.2. Rejestracja i korzystanie z tej strony s\u0105 ca\u0142kowicie bezp\u0142atne. 1.3. Rejestracja w serwisie ma charakter dobrowolny. 1.4. Autor nie czerpie \u017cadnych korzy\u015bci finansowych z materia\u0142\u00f3w, kt\u00f3re znajduj\u0105 si\u0119 na tej stronie. 1.5. Kopiowanie jakichkolwiek materia\u0142\u00f3w z tej strony bez zgody autora jest zabronione. 1.6. Prawa autorskie do marki \u201eHarry Potter\u201d posiadaj\u0105 podmioty odpowiedzialne (patrz stopka dolna serwisu). 1.7. W serwisie mo\u017cna mie\u0107 tylko jedno konto, zabrania si\u0119 posiadania tzw. &#8220;Multi Kont&#8221;. 1.8. Regulamin w ka\u017cdej chwili mo\u017ce ulec zmianie. 2. Dane osobowe i ich ochrona: 2.1. Serwis ten ma charakter prywatny, w zwi\u0105zku z tym wy\u0142\u0105czony jest spod RODO. 2.2. Dane zapisywane w bazie danych serwisu: &#8211; nick u\u017cytkownika oraz adres e-mail &#8211; konieczne do za\u0142o\u017cenia konta u\u017cytkownika, &#8211; imi\u0119, nazwisko oraz nota biograficzna &#8211; nie wymagane do za\u0142o\u017cenia konta i korzystania z serwisu. 2.3. Dane te przetrzymywane s\u0105 w bazie danych serwisu Accio.pl wy\u0142\u0105cznie w celu utrzymania konta u\u017cytkownika. 2.4. Dane osobowe mo\u017cna w dowolnym momencie wykasowa\u0107 z bazy serwisu, usuwaj\u0105c konto u\u017cytkownika. 2.5. Ch\u0119\u0107 usuni\u0119cia konta u\u017cytkownika i skasowania danych osobowych prosz\u0119 zg\u0142asza\u0107 tutaj. 3. Konta u\u017cytkownika: 3.1. Za\u0142o\u017cenie konta u\u017cytkownika jest ca\u0142kowicie darmowe i dobrowolne. 3.2. Konto u\u017cytkownika u\u0142atwia korzystanie z serwisu Accio.pl. 3.3. Zak\u0142adaj\u0105c konto u\u017cytkownika nale\u017cy do\u0142o\u017cy\u0107 stara\u0144, aby: &#8211; nazwa u\u017cytkownika (nick) nie zawiera\u0142a tre\u015bci religijnych, obra\u017aliwych, erotycznych itd. oraz odno\u015bnik\u00f3w do innych stron internetowych, &#8211; avatar i sygnatura nie zawiera\u0142y tre\u015bci pornograficznych i obra\u017aliwych. 3.4. U\u017cytkownik zarejestrowany mo\u017ce w dowolnym momencie edytowa\u0107 dane zawarte na swoim koncie. 3.5. Konto u\u017cytkownika s\u0142u\u017cy do przegl\u0105dania zasob\u00f3w tej strony, pisania post\u00f3w oraz komentarzy. 4. Posty i komentarze: 4.1. Zabrania si\u0119 dodawania post\u00f3w z adresami stron, kt\u00f3re obra\u017caj\u0105 inne osoby, zawieraj\u0105 tre\u015bci pornograficzne lub nawo\u0142uj\u0105 do rasizmu, przyczyniaj\u0105 si\u0119 do \u0142amania praw autorskich itp. 4.2. Zabronione jest spamowanie, floodowanie itp. 4.3. Nie wolno pisa\u0107 kilku komentarzy\/post\u00f3w pod rz\u0105d. 4.4. Nie wolno dodawa\u0107 post\u00f3w lub komentarzy zawieraj\u0105cych wy\u0142\u0105cznie lub w wi\u0119kszo\u015bci same emotikony. 4.5. Nie wolno przeklina\u0107, ani obra\u017ca\u0107 innych u\u017cytkownik\u00f3w. 4.6. Posty nale\u017cy pisa\u0107 zgodnie z podstawami ortografii i interpunkcji. 4.7. Posty, kt\u00f3re b\u0119d\u0105 zawiera\u0142y du\u017c\u0105 ilo\u015b\u0107 b\u0142\u0119d\u00f3w b\u0119d\u0105 kasowane. 5. Kary: 5.1. Osoby \u0142ami\u0105ce, kt\u00f3rykolwiek z punkt\u00f3w regulaminu b\u0119d\u0105 karane warnem (ostrze\u017ceniem) b\u0105d\u017a banem. 5.2. Warna\/bana mo\u017ce przyzna\u0107 tylko administrator serwisu. 5.3. Ban mo\u017ce by\u0107 na okre\u015blony czas lub na sta\u0142e. 5.4. U\u017cytkownik zbanowany mo\u017ce zg\u0142osi\u0107 si\u0119 do administratora kt\u00f3ry go zbanowa\u0142, aby wyja\u015bni\u0107 pow\u00f3d blokady konta i ewentualnie poprosi\u0107 o odblokowanie. 5.5. U\u017cytkownicy maj\u0105cy powy\u017cej 5 ostrze\u017ce\u0144 mog\u0105 zosta\u0107 zbanowani na sta\u0142e. 6. Postanowienia ko\u0144cowe: 6.1. Je\u017celi nie akceptujesz regulaminu, to skontaktuj si\u0119 z dowolnie wybranym administratorem, aby skasowa\u0142 Twoje konto z portalu. 6.2. Z administracj\u0105 serwisu mo\u017cesz si\u0119 skontaktowa\u0107 klikaj\u0105c tutaj. 6.3. Regulamin zosta\u0142 opracowany przez administracj\u0119 serwisu www.Accio.pl.","og_url":"https:\/\/accio.pl\/hp9\/regulamin-strony-accio-pl\/","og_site_name":"Accio.pl","article_modified_time":"2020-11-19T09:13:06+00:00","twitter_card":"summary_large_image","twitter_misc":{"Szacowany czas czytania":"3 minuty"},"schema":{"@context":"https:\/\/schema.org","@graph":[{"@type":"WebPage","@id":"https:\/\/accio.pl\/hp9\/regulamin-strony-accio-pl\/","url":"https:\/\/accio.pl\/hp9\/regulamin-strony-accio-pl\/","name":"Regulamin serwisu Accio.pl - Accio.pl","isPartOf":{"@id":"https:\/\/accio.pl\/hp9\/#website"},"datePublished":"2019-12-15T13:05:22+00:00","dateModified":"2020-11-19T09:13:06+00:00","breadcrumb":{"@id":"https:\/\/accio.pl\/hp9\/regulamin-strony-accio-pl\/#breadcrumb"},"inLanguage":"pl-PL","potentialAction":[{"@type":"ReadAction","target":["https:\/\/accio.pl\/hp9\/regulamin-strony-accio-pl\/"]}]},{"@type":"BreadcrumbList","@id":"https:\/\/accio.pl\/hp9\/regulamin-strony-accio-pl\/#breadcrumb","itemListElement":[{"@type":"ListItem","position":1,"name":"Strona g\u0142\u00f3wna","item":"https:\/\/accio.pl\/hp9\/"},{"@type":"ListItem","position":2,"name":"Regulamin serwisu Accio.pl"}]},{"@type":"WebSite","@id":"https:\/\/accio.pl\/hp9\/#website","url":"https:\/\/accio.pl\/hp9\/","name":"Accio.pl","description":"Przywo\u0142aj magi\u0119 sprzed lat!","publisher":{"@id":"https:\/\/accio.pl\/hp9\/#organization"},"potentialAction":[{"@type":"SearchAction","target":{"@type":"EntryPoint","urlTemplate":"https:\/\/accio.pl\/hp9\/?s={search_term_string}"},"query-input":{"@type":"PropertyValueSpecification","valueRequired":true,"valueName":"search_term_string"}}],"inLanguage":"pl-PL"},{"@type":"Organization","@id":"https:\/\/accio.pl\/hp9\/#organization","name":"Accio.pl","url":"https:\/\/accio.pl\/hp9\/","logo":{"@type":"ImageObject","inLanguage":"pl-PL","@id":"https:\/\/accio.pl\/hp9\/#\/schema\/logo\/image\/","url":"https:\/\/accio.pl\/hp9\/wp-content\/uploads\/2026\/02\/logo_accio2026b.png","contentUrl":"https:\/\/accio.pl\/hp9\/wp-content\/uploads\/2026\/02\/logo_accio2026b.png","width":370,"height":150,"caption":"Accio.pl"},"image":{"@id":"https:\/\/accio.pl\/hp9\/#\/schema\/logo\/image\/"}}]}},"_links":{"self":[{"href":"https:\/\/accio.pl\/hp9\/wp-json\/wp\/v2\/pages\/604","targetHints":{"allow":["GET"]}}],"collection":[{"href":"https:\/\/accio.pl\/hp9\/wp-json\/wp\/v2\/pages"}],"about":[{"href":"https:\/\/accio.pl\/hp9\/wp-json\/wp\/v2\/types\/page"}],"author":[{"embeddable":true,"href":"https:\/\/accio.pl\/hp9\/wp-json\/wp\/v2\/users\/1"}],"replies":[{"embeddable":true,"href":"https:\/\/accio.pl\/hp9\/wp-json\/wp\/v2\/comments?post=604"}],"version-history":[{"count":0,"href":"https:\/\/accio.pl\/hp9\/wp-json\/wp\/v2\/pages\/604\/revisions"}],"wp:attachment":[{"href":"https:\/\/accio.pl\/hp9\/wp-json\/wp\/v2\/media?parent=604"}],"curies":[{"name":"wp","href":"https:\/\/api.w.org\/{rel}","templated":true}]}}