{"id":3214,"date":"2026-02-19T19:16:50","date_gmt":"2026-02-19T18:16:50","guid":{"rendered":"https:\/\/accio.pl\/hp9\/?page_id=3214"},"modified":"2026-02-19T19:22:13","modified_gmt":"2026-02-19T18:22:13","slug":"inne-ilustracje-z-opowiadan-drup-u","status":"publish","type":"page","link":"https:\/\/accio.pl\/hp9\/inne-ilustracje-z-opowiadan-drup-u\/","title":{"rendered":"Inne ilustracje z opowiada\u0144 DRUP-u"},"content":{"rendered":"<p style=\"text-align: justify;\">Poni\u017cej znajdziesz ilustracje z opowiada\u0144 wchodz\u0105cych w sk\u0142ad <a href=\"https:\/\/accio.pl\/hp9\/degi-rozszerzenie-uniwerum-pottera-w-skrocie-drup\/\"><strong>DRUP-u<\/strong><\/a>, kt\u00f3re zosta\u0142y przygotowane przez autora opowiada\u0144 Marcin D\u0119ga w lutym 2026 roku, z u\u017cyciem magii technologii AI.<\/p>\n<p>&nbsp;<\/p>\n<div id='gallery-1' class='gallery galleryid-3214 gallery-columns-3 gallery-size-medium'><figure class='gallery-item'>\n\t\t\t<div class='gallery-icon landscape'>\n\t\t\t\t<img loading=\"lazy\" decoding=\"async\" width=\"300\" height=\"300\" src=\"https:\/\/accio.pl\/hp9\/wp-content\/uploads\/2026\/02\/ChatGPT-Image-3-lut-2026-13_39_18-300x300.png\" class=\"attachment-medium size-medium\" alt=\"\" aria-describedby=\"gallery-1-2532\" srcset=\"https:\/\/accio.pl\/hp9\/wp-content\/uploads\/2026\/02\/ChatGPT-Image-3-lut-2026-13_39_18-300x300.png 300w, https:\/\/accio.pl\/hp9\/wp-content\/uploads\/2026\/02\/ChatGPT-Image-3-lut-2026-13_39_18-150x150.png 150w, https:\/\/accio.pl\/hp9\/wp-content\/uploads\/2026\/02\/ChatGPT-Image-3-lut-2026-13_39_18-768x768.png 768w, https:\/\/accio.pl\/hp9\/wp-content\/uploads\/2026\/02\/ChatGPT-Image-3-lut-2026-13_39_18-50x50.png 50w, https:\/\/accio.pl\/hp9\/wp-content\/uploads\/2026\/02\/ChatGPT-Image-3-lut-2026-13_39_18-75x75.png 75w, https:\/\/accio.pl\/hp9\/wp-content\/uploads\/2026\/02\/ChatGPT-Image-3-lut-2026-13_39_18.png 1024w\" sizes=\"auto, (max-width: 300px) 100vw, 300px\" \/>\n\t\t\t<\/div>\n\t\t\t\t<figcaption class='wp-caption-text gallery-caption' id='gallery-1-2532'>\n\t\t\t\tDzie\u0144, kt\u00f3ry wszystko zmieni\u0142\n\t\t\t\t<\/figcaption><\/figure><figure class='gallery-item'>\n\t\t\t<div class='gallery-icon landscape'>\n\t\t\t\t<img loading=\"lazy\" decoding=\"async\" width=\"300\" height=\"300\" src=\"https:\/\/accio.pl\/hp9\/wp-content\/uploads\/2026\/02\/urok_r00-300x300.png\" class=\"attachment-medium size-medium\" alt=\"\" aria-describedby=\"gallery-1-3169\" srcset=\"https:\/\/accio.pl\/hp9\/wp-content\/uploads\/2026\/02\/urok_r00-300x300.png 300w, https:\/\/accio.pl\/hp9\/wp-content\/uploads\/2026\/02\/urok_r00-150x150.png 150w, https:\/\/accio.pl\/hp9\/wp-content\/uploads\/2026\/02\/urok_r00-768x768.png 768w, https:\/\/accio.pl\/hp9\/wp-content\/uploads\/2026\/02\/urok_r00-50x50.png 50w, https:\/\/accio.pl\/hp9\/wp-content\/uploads\/2026\/02\/urok_r00-75x75.png 75w, https:\/\/accio.pl\/hp9\/wp-content\/uploads\/2026\/02\/urok_r00.png 1024w\" sizes=\"auto, (max-width: 300px) 100vw, 300px\" \/>\n\t\t\t<\/div>\n\t\t\t\t<figcaption class='wp-caption-text gallery-caption' id='gallery-1-3169'>\n\t\t\t\tUrok osobisty, ilustracja tytu\u0142owa\n\t\t\t\t<\/figcaption><\/figure><figure class='gallery-item'>\n\t\t\t<div class='gallery-icon landscape'>\n\t\t\t\t<img loading=\"lazy\" decoding=\"async\" width=\"300\" height=\"300\" src=\"https:\/\/accio.pl\/hp9\/wp-content\/uploads\/2026\/02\/urok_r01_2-300x300.png\" class=\"attachment-medium size-medium\" alt=\"\" aria-describedby=\"gallery-1-3170\" srcset=\"https:\/\/accio.pl\/hp9\/wp-content\/uploads\/2026\/02\/urok_r01_2-300x300.png 300w, https:\/\/accio.pl\/hp9\/wp-content\/uploads\/2026\/02\/urok_r01_2-150x150.png 150w, https:\/\/accio.pl\/hp9\/wp-content\/uploads\/2026\/02\/urok_r01_2-768x768.png 768w, https:\/\/accio.pl\/hp9\/wp-content\/uploads\/2026\/02\/urok_r01_2-50x50.png 50w, https:\/\/accio.pl\/hp9\/wp-content\/uploads\/2026\/02\/urok_r01_2-75x75.png 75w, https:\/\/accio.pl\/hp9\/wp-content\/uploads\/2026\/02\/urok_r01_2.png 1024w\" sizes=\"auto, (max-width: 300px) 100vw, 300px\" \/>\n\t\t\t<\/div>\n\t\t\t\t<figcaption class='wp-caption-text gallery-caption' id='gallery-1-3170'>\n\t\t\t\tUrok osobisty, ilustracja do rozdz. 1\n\t\t\t\t<\/figcaption><\/figure><figure class='gallery-item'>\n\t\t\t<div class='gallery-icon landscape'>\n\t\t\t\t<img loading=\"lazy\" decoding=\"async\" width=\"300\" height=\"300\" src=\"https:\/\/accio.pl\/hp9\/wp-content\/uploads\/2026\/02\/urok_r02_2-300x300.png\" class=\"attachment-medium size-medium\" alt=\"\" aria-describedby=\"gallery-1-3171\" srcset=\"https:\/\/accio.pl\/hp9\/wp-content\/uploads\/2026\/02\/urok_r02_2-300x300.png 300w, https:\/\/accio.pl\/hp9\/wp-content\/uploads\/2026\/02\/urok_r02_2-150x150.png 150w, https:\/\/accio.pl\/hp9\/wp-content\/uploads\/2026\/02\/urok_r02_2-768x768.png 768w, https:\/\/accio.pl\/hp9\/wp-content\/uploads\/2026\/02\/urok_r02_2-50x50.png 50w, https:\/\/accio.pl\/hp9\/wp-content\/uploads\/2026\/02\/urok_r02_2-75x75.png 75w, https:\/\/accio.pl\/hp9\/wp-content\/uploads\/2026\/02\/urok_r02_2.png 1024w\" sizes=\"auto, (max-width: 300px) 100vw, 300px\" \/>\n\t\t\t<\/div>\n\t\t\t\t<figcaption class='wp-caption-text gallery-caption' id='gallery-1-3171'>\n\t\t\t\tUrok osobisty, ilustracja do rozdz. 2\n\t\t\t\t<\/figcaption><\/figure><figure class='gallery-item'>\n\t\t\t<div class='gallery-icon landscape'>\n\t\t\t\t<img loading=\"lazy\" decoding=\"async\" width=\"300\" height=\"300\" src=\"https:\/\/accio.pl\/hp9\/wp-content\/uploads\/2026\/02\/urok_r03-300x300.png\" class=\"attachment-medium size-medium\" alt=\"\" aria-describedby=\"gallery-1-3172\" srcset=\"https:\/\/accio.pl\/hp9\/wp-content\/uploads\/2026\/02\/urok_r03-300x300.png 300w, https:\/\/accio.pl\/hp9\/wp-content\/uploads\/2026\/02\/urok_r03-150x150.png 150w, https:\/\/accio.pl\/hp9\/wp-content\/uploads\/2026\/02\/urok_r03-768x768.png 768w, https:\/\/accio.pl\/hp9\/wp-content\/uploads\/2026\/02\/urok_r03-50x50.png 50w, https:\/\/accio.pl\/hp9\/wp-content\/uploads\/2026\/02\/urok_r03-75x75.png 75w, https:\/\/accio.pl\/hp9\/wp-content\/uploads\/2026\/02\/urok_r03.png 1024w\" sizes=\"auto, (max-width: 300px) 100vw, 300px\" \/>\n\t\t\t<\/div>\n\t\t\t\t<figcaption class='wp-caption-text gallery-caption' id='gallery-1-3172'>\n\t\t\t\tUrok osobisty, ilustracja do rozdz. 3\n\t\t\t\t<\/figcaption><\/figure>\n\t\t<\/div>\n\n","protected":false},"excerpt":{"rendered":"<p>Poni\u017cej znajdziesz ilustracje z opowiada\u0144 wchodz\u0105cych w sk\u0142ad DRUP-u, kt\u00f3re zosta\u0142y przygotowane przez autora opowiada\u0144 Marcin D\u0119ga w lutym 2026 roku, z u\u017cyciem magii technologii AI. &nbsp;<\/p>\n","protected":false},"author":1,"featured_media":0,"parent":0,"menu_order":0,"comment_status":"open","ping_status":"closed","template":"","meta":{"footnotes":""},"class_list":["post-3214","page","type-page","status-publish","hentry"],"yoast_head":"<!-- This site is optimized with the Yoast SEO plugin v27.4 - https:\/\/yoast.com\/product\/yoast-seo-wordpress\/ -->\n<title>Inne ilustracje z opowiada\u0144 DRUP-u - Accio.pl<\/title>\n<meta name=\"robots\" content=\"index, follow, max-snippet:-1, max-image-preview:large, max-video-preview:-1\" \/>\n<link rel=\"canonical\" href=\"https:\/\/accio.pl\/hp9\/inne-ilustracje-z-opowiadan-drup-u\/\" \/>\n<meta property=\"og:locale\" content=\"pl_PL\" \/>\n<meta property=\"og:type\" content=\"article\" \/>\n<meta property=\"og:title\" content=\"Inne ilustracje z opowiada\u0144 DRUP-u - Accio.pl\" \/>\n<meta property=\"og:description\" content=\"Poni\u017cej znajdziesz ilustracje z opowiada\u0144 wchodz\u0105cych w sk\u0142ad DRUP-u, kt\u00f3re zosta\u0142y przygotowane przez autora opowiada\u0144 Marcin D\u0119ga w lutym 2026 roku, z u\u017cyciem magii technologii AI. &nbsp;\" \/>\n<meta property=\"og:url\" content=\"https:\/\/accio.pl\/hp9\/inne-ilustracje-z-opowiadan-drup-u\/\" \/>\n<meta property=\"og:site_name\" content=\"Accio.pl\" \/>\n<meta property=\"article:modified_time\" content=\"2026-02-19T18:22:13+00:00\" \/>\n<meta property=\"og:image\" content=\"http:\/\/accio.pl\/hp9\/wp-content\/uploads\/2026\/02\/ChatGPT-Image-3-lut-2026-13_39_18-300x300.png\" \/>\n<meta name=\"twitter:card\" content=\"summary_large_image\" \/>\n<meta name=\"twitter:label1\" content=\"Szacowany czas czytania\" \/>\n\t<meta name=\"twitter:data1\" content=\"1 minuta\" \/>\n<script type=\"application\/ld+json\" class=\"yoast-schema-graph\">{\"@context\":\"https:\\\/\\\/schema.org\",\"@graph\":[{\"@type\":\"WebPage\",\"@id\":\"https:\\\/\\\/accio.pl\\\/hp9\\\/inne-ilustracje-z-opowiadan-drup-u\\\/\",\"url\":\"https:\\\/\\\/accio.pl\\\/hp9\\\/inne-ilustracje-z-opowiadan-drup-u\\\/\",\"name\":\"Inne ilustracje z opowiada\u0144 DRUP-u - Accio.pl\",\"isPartOf\":{\"@id\":\"https:\\\/\\\/accio.pl\\\/hp9\\\/#website\"},\"datePublished\":\"2026-02-19T18:16:50+00:00\",\"dateModified\":\"2026-02-19T18:22:13+00:00\",\"breadcrumb\":{\"@id\":\"https:\\\/\\\/accio.pl\\\/hp9\\\/inne-ilustracje-z-opowiadan-drup-u\\\/#breadcrumb\"},\"inLanguage\":\"pl-PL\",\"potentialAction\":[{\"@type\":\"ReadAction\",\"target\":[\"https:\\\/\\\/accio.pl\\\/hp9\\\/inne-ilustracje-z-opowiadan-drup-u\\\/\"]}]},{\"@type\":\"BreadcrumbList\",\"@id\":\"https:\\\/\\\/accio.pl\\\/hp9\\\/inne-ilustracje-z-opowiadan-drup-u\\\/#breadcrumb\",\"itemListElement\":[{\"@type\":\"ListItem\",\"position\":1,\"name\":\"Strona g\u0142\u00f3wna\",\"item\":\"https:\\\/\\\/accio.pl\\\/hp9\\\/\"},{\"@type\":\"ListItem\",\"position\":2,\"name\":\"Inne ilustracje z opowiada\u0144 DRUP-u\"}]},{\"@type\":\"WebSite\",\"@id\":\"https:\\\/\\\/accio.pl\\\/hp9\\\/#website\",\"url\":\"https:\\\/\\\/accio.pl\\\/hp9\\\/\",\"name\":\"Accio.pl\",\"description\":\"Przywo\u0142aj magi\u0119 sprzed lat!\",\"publisher\":{\"@id\":\"https:\\\/\\\/accio.pl\\\/hp9\\\/#organization\"},\"potentialAction\":[{\"@type\":\"SearchAction\",\"target\":{\"@type\":\"EntryPoint\",\"urlTemplate\":\"https:\\\/\\\/accio.pl\\\/hp9\\\/?s={search_term_string}\"},\"query-input\":{\"@type\":\"PropertyValueSpecification\",\"valueRequired\":true,\"valueName\":\"search_term_string\"}}],\"inLanguage\":\"pl-PL\"},{\"@type\":\"Organization\",\"@id\":\"https:\\\/\\\/accio.pl\\\/hp9\\\/#organization\",\"name\":\"Accio.pl\",\"url\":\"https:\\\/\\\/accio.pl\\\/hp9\\\/\",\"logo\":{\"@type\":\"ImageObject\",\"inLanguage\":\"pl-PL\",\"@id\":\"https:\\\/\\\/accio.pl\\\/hp9\\\/#\\\/schema\\\/logo\\\/image\\\/\",\"url\":\"https:\\\/\\\/accio.pl\\\/hp9\\\/wp-content\\\/uploads\\\/2026\\\/02\\\/logo_accio2026b.png\",\"contentUrl\":\"https:\\\/\\\/accio.pl\\\/hp9\\\/wp-content\\\/uploads\\\/2026\\\/02\\\/logo_accio2026b.png\",\"width\":370,\"height\":150,\"caption\":\"Accio.pl\"},\"image\":{\"@id\":\"https:\\\/\\\/accio.pl\\\/hp9\\\/#\\\/schema\\\/logo\\\/image\\\/\"}}]}<\/script>\n<!-- \/ Yoast SEO plugin. -->","yoast_head_json":{"title":"Inne ilustracje z opowiada\u0144 DRUP-u - Accio.pl","robots":{"index":"index","follow":"follow","max-snippet":"max-snippet:-1","max-image-preview":"max-image-preview:large","max-video-preview":"max-video-preview:-1"},"canonical":"https:\/\/accio.pl\/hp9\/inne-ilustracje-z-opowiadan-drup-u\/","og_locale":"pl_PL","og_type":"article","og_title":"Inne ilustracje z opowiada\u0144 DRUP-u - Accio.pl","og_description":"Poni\u017cej znajdziesz ilustracje z opowiada\u0144 wchodz\u0105cych w sk\u0142ad DRUP-u, kt\u00f3re zosta\u0142y przygotowane przez autora opowiada\u0144 Marcin D\u0119ga w lutym 2026 roku, z u\u017cyciem magii technologii AI. &nbsp;","og_url":"https:\/\/accio.pl\/hp9\/inne-ilustracje-z-opowiadan-drup-u\/","og_site_name":"Accio.pl","article_modified_time":"2026-02-19T18:22:13+00:00","og_image":[{"url":"http:\/\/accio.pl\/hp9\/wp-content\/uploads\/2026\/02\/ChatGPT-Image-3-lut-2026-13_39_18-300x300.png","type":"","width":"","height":""}],"twitter_card":"summary_large_image","twitter_misc":{"Szacowany czas czytania":"1 minuta"},"schema":{"@context":"https:\/\/schema.org","@graph":[{"@type":"WebPage","@id":"https:\/\/accio.pl\/hp9\/inne-ilustracje-z-opowiadan-drup-u\/","url":"https:\/\/accio.pl\/hp9\/inne-ilustracje-z-opowiadan-drup-u\/","name":"Inne ilustracje z opowiada\u0144 DRUP-u - Accio.pl","isPartOf":{"@id":"https:\/\/accio.pl\/hp9\/#website"},"datePublished":"2026-02-19T18:16:50+00:00","dateModified":"2026-02-19T18:22:13+00:00","breadcrumb":{"@id":"https:\/\/accio.pl\/hp9\/inne-ilustracje-z-opowiadan-drup-u\/#breadcrumb"},"inLanguage":"pl-PL","potentialAction":[{"@type":"ReadAction","target":["https:\/\/accio.pl\/hp9\/inne-ilustracje-z-opowiadan-drup-u\/"]}]},{"@type":"BreadcrumbList","@id":"https:\/\/accio.pl\/hp9\/inne-ilustracje-z-opowiadan-drup-u\/#breadcrumb","itemListElement":[{"@type":"ListItem","position":1,"name":"Strona g\u0142\u00f3wna","item":"https:\/\/accio.pl\/hp9\/"},{"@type":"ListItem","position":2,"name":"Inne ilustracje z opowiada\u0144 DRUP-u"}]},{"@type":"WebSite","@id":"https:\/\/accio.pl\/hp9\/#website","url":"https:\/\/accio.pl\/hp9\/","name":"Accio.pl","description":"Przywo\u0142aj magi\u0119 sprzed lat!","publisher":{"@id":"https:\/\/accio.pl\/hp9\/#organization"},"potentialAction":[{"@type":"SearchAction","target":{"@type":"EntryPoint","urlTemplate":"https:\/\/accio.pl\/hp9\/?s={search_term_string}"},"query-input":{"@type":"PropertyValueSpecification","valueRequired":true,"valueName":"search_term_string"}}],"inLanguage":"pl-PL"},{"@type":"Organization","@id":"https:\/\/accio.pl\/hp9\/#organization","name":"Accio.pl","url":"https:\/\/accio.pl\/hp9\/","logo":{"@type":"ImageObject","inLanguage":"pl-PL","@id":"https:\/\/accio.pl\/hp9\/#\/schema\/logo\/image\/","url":"https:\/\/accio.pl\/hp9\/wp-content\/uploads\/2026\/02\/logo_accio2026b.png","contentUrl":"https:\/\/accio.pl\/hp9\/wp-content\/uploads\/2026\/02\/logo_accio2026b.png","width":370,"height":150,"caption":"Accio.pl"},"image":{"@id":"https:\/\/accio.pl\/hp9\/#\/schema\/logo\/image\/"}}]}},"_links":{"self":[{"href":"https:\/\/accio.pl\/hp9\/wp-json\/wp\/v2\/pages\/3214","targetHints":{"allow":["GET"]}}],"collection":[{"href":"https:\/\/accio.pl\/hp9\/wp-json\/wp\/v2\/pages"}],"about":[{"href":"https:\/\/accio.pl\/hp9\/wp-json\/wp\/v2\/types\/page"}],"author":[{"embeddable":true,"href":"https:\/\/accio.pl\/hp9\/wp-json\/wp\/v2\/users\/1"}],"replies":[{"embeddable":true,"href":"https:\/\/accio.pl\/hp9\/wp-json\/wp\/v2\/comments?post=3214"}],"version-history":[{"count":2,"href":"https:\/\/accio.pl\/hp9\/wp-json\/wp\/v2\/pages\/3214\/revisions"}],"predecessor-version":[{"id":3218,"href":"https:\/\/accio.pl\/hp9\/wp-json\/wp\/v2\/pages\/3214\/revisions\/3218"}],"wp:attachment":[{"href":"https:\/\/accio.pl\/hp9\/wp-json\/wp\/v2\/media?parent=3214"}],"curies":[{"name":"wp","href":"https:\/\/api.w.org\/{rel}","templated":true}]}}