{"id":3028,"date":"2026-02-05T23:43:06","date_gmt":"2026-02-05T22:43:06","guid":{"rendered":"https:\/\/accio.pl\/hp9\/?page_id=3028"},"modified":"2026-02-06T18:41:04","modified_gmt":"2026-02-06T17:41:04","slug":"ilustracje-z-opowiadania-martin-gande-i-cuchnacy-smiercia-manipulant-czasowy","status":"publish","type":"page","link":"https:\/\/accio.pl\/hp9\/ilustracje-z-opowiadania-martin-gande-i-cuchnacy-smiercia-manipulant-czasowy\/","title":{"rendered":"Ilustracje do opowiadania &#8220;Martin Gande i cuchn\u0105cy \u015bmierci\u0105 manipulant czasowy&#8221;"},"content":{"rendered":"<p style=\"text-align: justify;\">Poni\u017cej znajdziesz wszystkie ilustracje do opowiadania, kt\u00f3re skierowane by\u0142o do doros\u0142ych Czytelnik\u00f3w i fan\u00f3w sagi Harry Potter. W\u0142a\u015bnie z tego powodu ilustracje maj\u0105 zupe\u0142nie inny styl i charakter, tzn. mniej bajkowy a bardziej powa\u017cny. Wszystkie ilustracje zosta\u0142y stworzone przez autora opowiadania Marcina D\u0119ga przy u\u017cyciu technologii AI w lutym 2026 roku.<\/p>\n<div id='gallery-1' class='gallery galleryid-3028 gallery-columns-2 gallery-size-large'><figure class='gallery-item'>\n\t\t\t<div class='gallery-icon landscape'>\n\t\t\t\t<img loading=\"lazy\" decoding=\"async\" width=\"960\" height=\"960\" src=\"https:\/\/accio.pl\/hp9\/wp-content\/uploads\/2026\/02\/00-3.png\" class=\"attachment-large size-large\" alt=\"\" srcset=\"https:\/\/accio.pl\/hp9\/wp-content\/uploads\/2026\/02\/00-3.png 1024w, https:\/\/accio.pl\/hp9\/wp-content\/uploads\/2026\/02\/00-3-300x300.png 300w, https:\/\/accio.pl\/hp9\/wp-content\/uploads\/2026\/02\/00-3-150x150.png 150w, https:\/\/accio.pl\/hp9\/wp-content\/uploads\/2026\/02\/00-3-768x768.png 768w, https:\/\/accio.pl\/hp9\/wp-content\/uploads\/2026\/02\/00-3-50x50.png 50w, https:\/\/accio.pl\/hp9\/wp-content\/uploads\/2026\/02\/00-3-75x75.png 75w\" sizes=\"auto, (max-width: 960px) 100vw, 960px\" \/>\n\t\t\t<\/div><\/figure><figure class='gallery-item'>\n\t\t\t<div class='gallery-icon portrait'>\n\t\t\t\t<img loading=\"lazy\" decoding=\"async\" width=\"683\" height=\"1024\" src=\"https:\/\/accio.pl\/hp9\/wp-content\/uploads\/2026\/02\/01-1-683x1024.jpg\" class=\"attachment-large size-large\" alt=\"\" srcset=\"https:\/\/accio.pl\/hp9\/wp-content\/uploads\/2026\/02\/01-1-683x1024.jpg 683w, https:\/\/accio.pl\/hp9\/wp-content\/uploads\/2026\/02\/01-1-200x300.jpg 200w, https:\/\/accio.pl\/hp9\/wp-content\/uploads\/2026\/02\/01-1-768x1152.jpg 768w, https:\/\/accio.pl\/hp9\/wp-content\/uploads\/2026\/02\/01-1.jpg 1024w\" sizes=\"auto, (max-width: 683px) 100vw, 683px\" \/>\n\t\t\t<\/div><\/figure><figure class='gallery-item'>\n\t\t\t<div class='gallery-icon portrait'>\n\t\t\t\t<img loading=\"lazy\" decoding=\"async\" width=\"683\" height=\"1024\" src=\"https:\/\/accio.pl\/hp9\/wp-content\/uploads\/2026\/02\/02-1-683x1024.jpg\" class=\"attachment-large size-large\" alt=\"\" srcset=\"https:\/\/accio.pl\/hp9\/wp-content\/uploads\/2026\/02\/02-1-683x1024.jpg 683w, https:\/\/accio.pl\/hp9\/wp-content\/uploads\/2026\/02\/02-1-200x300.jpg 200w, https:\/\/accio.pl\/hp9\/wp-content\/uploads\/2026\/02\/02-1-768x1152.jpg 768w, https:\/\/accio.pl\/hp9\/wp-content\/uploads\/2026\/02\/02-1.jpg 1024w\" sizes=\"auto, (max-width: 683px) 100vw, 683px\" \/>\n\t\t\t<\/div><\/figure><figure class='gallery-item'>\n\t\t\t<div class='gallery-icon landscape'>\n\t\t\t\t<img loading=\"lazy\" decoding=\"async\" width=\"960\" height=\"960\" src=\"https:\/\/accio.pl\/hp9\/wp-content\/uploads\/2026\/02\/03.jpg\" class=\"attachment-large size-large\" alt=\"\" srcset=\"https:\/\/accio.pl\/hp9\/wp-content\/uploads\/2026\/02\/03.jpg 1024w, https:\/\/accio.pl\/hp9\/wp-content\/uploads\/2026\/02\/03-300x300.jpg 300w, https:\/\/accio.pl\/hp9\/wp-content\/uploads\/2026\/02\/03-150x150.jpg 150w, https:\/\/accio.pl\/hp9\/wp-content\/uploads\/2026\/02\/03-768x768.jpg 768w, https:\/\/accio.pl\/hp9\/wp-content\/uploads\/2026\/02\/03-50x50.jpg 50w, https:\/\/accio.pl\/hp9\/wp-content\/uploads\/2026\/02\/03-75x75.jpg 75w\" sizes=\"auto, (max-width: 960px) 100vw, 960px\" \/>\n\t\t\t<\/div><\/figure><figure class='gallery-item'>\n\t\t\t<div class='gallery-icon landscape'>\n\t\t\t\t<img loading=\"lazy\" decoding=\"async\" width=\"960\" height=\"960\" src=\"https:\/\/accio.pl\/hp9\/wp-content\/uploads\/2026\/02\/04.jpg\" class=\"attachment-large size-large\" alt=\"\" srcset=\"https:\/\/accio.pl\/hp9\/wp-content\/uploads\/2026\/02\/04.jpg 1024w, https:\/\/accio.pl\/hp9\/wp-content\/uploads\/2026\/02\/04-300x300.jpg 300w, https:\/\/accio.pl\/hp9\/wp-content\/uploads\/2026\/02\/04-150x150.jpg 150w, https:\/\/accio.pl\/hp9\/wp-content\/uploads\/2026\/02\/04-768x768.jpg 768w, https:\/\/accio.pl\/hp9\/wp-content\/uploads\/2026\/02\/04-50x50.jpg 50w, https:\/\/accio.pl\/hp9\/wp-content\/uploads\/2026\/02\/04-75x75.jpg 75w\" sizes=\"auto, (max-width: 960px) 100vw, 960px\" \/>\n\t\t\t<\/div><\/figure><figure class='gallery-item'>\n\t\t\t<div class='gallery-icon landscape'>\n\t\t\t\t<img loading=\"lazy\" decoding=\"async\" width=\"960\" height=\"960\" src=\"https:\/\/accio.pl\/hp9\/wp-content\/uploads\/2026\/02\/05-1.jpg\" class=\"attachment-large size-large\" alt=\"\" srcset=\"https:\/\/accio.pl\/hp9\/wp-content\/uploads\/2026\/02\/05-1.jpg 1024w, https:\/\/accio.pl\/hp9\/wp-content\/uploads\/2026\/02\/05-1-300x300.jpg 300w, https:\/\/accio.pl\/hp9\/wp-content\/uploads\/2026\/02\/05-1-150x150.jpg 150w, https:\/\/accio.pl\/hp9\/wp-content\/uploads\/2026\/02\/05-1-768x768.jpg 768w, https:\/\/accio.pl\/hp9\/wp-content\/uploads\/2026\/02\/05-1-50x50.jpg 50w, https:\/\/accio.pl\/hp9\/wp-content\/uploads\/2026\/02\/05-1-75x75.jpg 75w\" sizes=\"auto, (max-width: 960px) 100vw, 960px\" \/>\n\t\t\t<\/div><\/figure><figure class='gallery-item'>\n\t\t\t<div class='gallery-icon landscape'>\n\t\t\t\t<img loading=\"lazy\" decoding=\"async\" width=\"960\" height=\"960\" src=\"https:\/\/accio.pl\/hp9\/wp-content\/uploads\/2026\/02\/06-1.jpg\" class=\"attachment-large size-large\" alt=\"\" srcset=\"https:\/\/accio.pl\/hp9\/wp-content\/uploads\/2026\/02\/06-1.jpg 1024w, https:\/\/accio.pl\/hp9\/wp-content\/uploads\/2026\/02\/06-1-300x300.jpg 300w, https:\/\/accio.pl\/hp9\/wp-content\/uploads\/2026\/02\/06-1-150x150.jpg 150w, https:\/\/accio.pl\/hp9\/wp-content\/uploads\/2026\/02\/06-1-768x768.jpg 768w, https:\/\/accio.pl\/hp9\/wp-content\/uploads\/2026\/02\/06-1-50x50.jpg 50w, https:\/\/accio.pl\/hp9\/wp-content\/uploads\/2026\/02\/06-1-75x75.jpg 75w\" sizes=\"auto, (max-width: 960px) 100vw, 960px\" \/>\n\t\t\t<\/div><\/figure><figure class='gallery-item'>\n\t\t\t<div class='gallery-icon landscape'>\n\t\t\t\t<img loading=\"lazy\" decoding=\"async\" width=\"960\" height=\"960\" src=\"https:\/\/accio.pl\/hp9\/wp-content\/uploads\/2026\/02\/07-1.jpg\" class=\"attachment-large size-large\" alt=\"\" srcset=\"https:\/\/accio.pl\/hp9\/wp-content\/uploads\/2026\/02\/07-1.jpg 1024w, https:\/\/accio.pl\/hp9\/wp-content\/uploads\/2026\/02\/07-1-300x300.jpg 300w, https:\/\/accio.pl\/hp9\/wp-content\/uploads\/2026\/02\/07-1-150x150.jpg 150w, https:\/\/accio.pl\/hp9\/wp-content\/uploads\/2026\/02\/07-1-768x768.jpg 768w, https:\/\/accio.pl\/hp9\/wp-content\/uploads\/2026\/02\/07-1-50x50.jpg 50w, https:\/\/accio.pl\/hp9\/wp-content\/uploads\/2026\/02\/07-1-75x75.jpg 75w\" sizes=\"auto, (max-width: 960px) 100vw, 960px\" \/>\n\t\t\t<\/div><\/figure><figure class='gallery-item'>\n\t\t\t<div class='gallery-icon landscape'>\n\t\t\t\t<img loading=\"lazy\" decoding=\"async\" width=\"960\" height=\"960\" src=\"https:\/\/accio.pl\/hp9\/wp-content\/uploads\/2026\/02\/08-1.jpg\" class=\"attachment-large size-large\" alt=\"\" srcset=\"https:\/\/accio.pl\/hp9\/wp-content\/uploads\/2026\/02\/08-1.jpg 1024w, https:\/\/accio.pl\/hp9\/wp-content\/uploads\/2026\/02\/08-1-300x300.jpg 300w, https:\/\/accio.pl\/hp9\/wp-content\/uploads\/2026\/02\/08-1-150x150.jpg 150w, https:\/\/accio.pl\/hp9\/wp-content\/uploads\/2026\/02\/08-1-768x768.jpg 768w, https:\/\/accio.pl\/hp9\/wp-content\/uploads\/2026\/02\/08-1-50x50.jpg 50w, https:\/\/accio.pl\/hp9\/wp-content\/uploads\/2026\/02\/08-1-75x75.jpg 75w\" sizes=\"auto, (max-width: 960px) 100vw, 960px\" \/>\n\t\t\t<\/div><\/figure><figure class='gallery-item'>\n\t\t\t<div class='gallery-icon landscape'>\n\t\t\t\t<img loading=\"lazy\" decoding=\"async\" width=\"960\" height=\"960\" src=\"https:\/\/accio.pl\/hp9\/wp-content\/uploads\/2026\/02\/09-1.jpg\" class=\"attachment-large size-large\" alt=\"\" srcset=\"https:\/\/accio.pl\/hp9\/wp-content\/uploads\/2026\/02\/09-1.jpg 1024w, https:\/\/accio.pl\/hp9\/wp-content\/uploads\/2026\/02\/09-1-300x300.jpg 300w, https:\/\/accio.pl\/hp9\/wp-content\/uploads\/2026\/02\/09-1-150x150.jpg 150w, https:\/\/accio.pl\/hp9\/wp-content\/uploads\/2026\/02\/09-1-768x768.jpg 768w, https:\/\/accio.pl\/hp9\/wp-content\/uploads\/2026\/02\/09-1-50x50.jpg 50w, https:\/\/accio.pl\/hp9\/wp-content\/uploads\/2026\/02\/09-1-75x75.jpg 75w\" sizes=\"auto, (max-width: 960px) 100vw, 960px\" \/>\n\t\t\t<\/div><\/figure><figure class='gallery-item'>\n\t\t\t<div class='gallery-icon portrait'>\n\t\t\t\t<img loading=\"lazy\" decoding=\"async\" width=\"683\" height=\"1024\" src=\"https:\/\/accio.pl\/hp9\/wp-content\/uploads\/2026\/02\/10-1-683x1024.jpg\" class=\"attachment-large size-large\" alt=\"\" srcset=\"https:\/\/accio.pl\/hp9\/wp-content\/uploads\/2026\/02\/10-1-683x1024.jpg 683w, https:\/\/accio.pl\/hp9\/wp-content\/uploads\/2026\/02\/10-1-200x300.jpg 200w, https:\/\/accio.pl\/hp9\/wp-content\/uploads\/2026\/02\/10-1-768x1152.jpg 768w, https:\/\/accio.pl\/hp9\/wp-content\/uploads\/2026\/02\/10-1.jpg 1024w\" sizes=\"auto, (max-width: 683px) 100vw, 683px\" \/>\n\t\t\t<\/div><\/figure><figure class='gallery-item'>\n\t\t\t<div class='gallery-icon landscape'>\n\t\t\t\t<img loading=\"lazy\" decoding=\"async\" width=\"960\" height=\"960\" src=\"https:\/\/accio.pl\/hp9\/wp-content\/uploads\/2026\/02\/11-1.jpg\" class=\"attachment-large size-large\" alt=\"\" srcset=\"https:\/\/accio.pl\/hp9\/wp-content\/uploads\/2026\/02\/11-1.jpg 1024w, https:\/\/accio.pl\/hp9\/wp-content\/uploads\/2026\/02\/11-1-300x300.jpg 300w, https:\/\/accio.pl\/hp9\/wp-content\/uploads\/2026\/02\/11-1-150x150.jpg 150w, https:\/\/accio.pl\/hp9\/wp-content\/uploads\/2026\/02\/11-1-768x768.jpg 768w, https:\/\/accio.pl\/hp9\/wp-content\/uploads\/2026\/02\/11-1-50x50.jpg 50w, https:\/\/accio.pl\/hp9\/wp-content\/uploads\/2026\/02\/11-1-75x75.jpg 75w\" sizes=\"auto, (max-width: 960px) 100vw, 960px\" \/>\n\t\t\t<\/div><\/figure><figure class='gallery-item'>\n\t\t\t<div class='gallery-icon portrait'>\n\t\t\t\t<img loading=\"lazy\" decoding=\"async\" width=\"683\" height=\"1024\" src=\"https:\/\/accio.pl\/hp9\/wp-content\/uploads\/2026\/02\/12-683x1024.jpg\" class=\"attachment-large size-large\" alt=\"\" srcset=\"https:\/\/accio.pl\/hp9\/wp-content\/uploads\/2026\/02\/12-683x1024.jpg 683w, https:\/\/accio.pl\/hp9\/wp-content\/uploads\/2026\/02\/12-200x300.jpg 200w, https:\/\/accio.pl\/hp9\/wp-content\/uploads\/2026\/02\/12-768x1152.jpg 768w, https:\/\/accio.pl\/hp9\/wp-content\/uploads\/2026\/02\/12.jpg 1024w\" sizes=\"auto, (max-width: 683px) 100vw, 683px\" \/>\n\t\t\t<\/div><\/figure><figure class='gallery-item'>\n\t\t\t<div class='gallery-icon landscape'>\n\t\t\t\t<img loading=\"lazy\" decoding=\"async\" width=\"960\" height=\"960\" src=\"https:\/\/accio.pl\/hp9\/wp-content\/uploads\/2026\/02\/13.jpg\" class=\"attachment-large size-large\" alt=\"\" srcset=\"https:\/\/accio.pl\/hp9\/wp-content\/uploads\/2026\/02\/13.jpg 1024w, https:\/\/accio.pl\/hp9\/wp-content\/uploads\/2026\/02\/13-300x300.jpg 300w, https:\/\/accio.pl\/hp9\/wp-content\/uploads\/2026\/02\/13-150x150.jpg 150w, https:\/\/accio.pl\/hp9\/wp-content\/uploads\/2026\/02\/13-768x768.jpg 768w, https:\/\/accio.pl\/hp9\/wp-content\/uploads\/2026\/02\/13-50x50.jpg 50w, https:\/\/accio.pl\/hp9\/wp-content\/uploads\/2026\/02\/13-75x75.jpg 75w\" sizes=\"auto, (max-width: 960px) 100vw, 960px\" \/>\n\t\t\t<\/div><\/figure><figure class='gallery-item'>\n\t\t\t<div class='gallery-icon landscape'>\n\t\t\t\t<img loading=\"lazy\" decoding=\"async\" width=\"960\" height=\"960\" src=\"https:\/\/accio.pl\/hp9\/wp-content\/uploads\/2026\/02\/14.jpg\" class=\"attachment-large size-large\" alt=\"\" srcset=\"https:\/\/accio.pl\/hp9\/wp-content\/uploads\/2026\/02\/14.jpg 1024w, https:\/\/accio.pl\/hp9\/wp-content\/uploads\/2026\/02\/14-300x300.jpg 300w, https:\/\/accio.pl\/hp9\/wp-content\/uploads\/2026\/02\/14-150x150.jpg 150w, https:\/\/accio.pl\/hp9\/wp-content\/uploads\/2026\/02\/14-768x768.jpg 768w, https:\/\/accio.pl\/hp9\/wp-content\/uploads\/2026\/02\/14-50x50.jpg 50w, https:\/\/accio.pl\/hp9\/wp-content\/uploads\/2026\/02\/14-75x75.jpg 75w\" sizes=\"auto, (max-width: 960px) 100vw, 960px\" \/>\n\t\t\t<\/div><\/figure><figure class='gallery-item'>\n\t\t\t<div class='gallery-icon landscape'>\n\t\t\t\t<img loading=\"lazy\" decoding=\"async\" width=\"960\" height=\"960\" src=\"https:\/\/accio.pl\/hp9\/wp-content\/uploads\/2026\/02\/15.jpg\" class=\"attachment-large size-large\" alt=\"\" srcset=\"https:\/\/accio.pl\/hp9\/wp-content\/uploads\/2026\/02\/15.jpg 1024w, https:\/\/accio.pl\/hp9\/wp-content\/uploads\/2026\/02\/15-300x300.jpg 300w, https:\/\/accio.pl\/hp9\/wp-content\/uploads\/2026\/02\/15-150x150.jpg 150w, https:\/\/accio.pl\/hp9\/wp-content\/uploads\/2026\/02\/15-768x768.jpg 768w, https:\/\/accio.pl\/hp9\/wp-content\/uploads\/2026\/02\/15-50x50.jpg 50w, https:\/\/accio.pl\/hp9\/wp-content\/uploads\/2026\/02\/15-75x75.jpg 75w\" sizes=\"auto, (max-width: 960px) 100vw, 960px\" \/>\n\t\t\t<\/div><\/figure><figure class='gallery-item'>\n\t\t\t<div class='gallery-icon landscape'>\n\t\t\t\t<img loading=\"lazy\" decoding=\"async\" width=\"960\" height=\"960\" src=\"https:\/\/accio.pl\/hp9\/wp-content\/uploads\/2026\/02\/16.jpg\" class=\"attachment-large size-large\" alt=\"\" srcset=\"https:\/\/accio.pl\/hp9\/wp-content\/uploads\/2026\/02\/16.jpg 1024w, https:\/\/accio.pl\/hp9\/wp-content\/uploads\/2026\/02\/16-300x300.jpg 300w, https:\/\/accio.pl\/hp9\/wp-content\/uploads\/2026\/02\/16-150x150.jpg 150w, https:\/\/accio.pl\/hp9\/wp-content\/uploads\/2026\/02\/16-768x768.jpg 768w, https:\/\/accio.pl\/hp9\/wp-content\/uploads\/2026\/02\/16-50x50.jpg 50w, https:\/\/accio.pl\/hp9\/wp-content\/uploads\/2026\/02\/16-75x75.jpg 75w\" sizes=\"auto, (max-width: 960px) 100vw, 960px\" \/>\n\t\t\t<\/div><\/figure><figure class='gallery-item'>\n\t\t\t<div class='gallery-icon landscape'>\n\t\t\t\t<img loading=\"lazy\" decoding=\"async\" width=\"960\" height=\"960\" src=\"https:\/\/accio.pl\/hp9\/wp-content\/uploads\/2026\/02\/17.jpg\" class=\"attachment-large size-large\" alt=\"\" srcset=\"https:\/\/accio.pl\/hp9\/wp-content\/uploads\/2026\/02\/17.jpg 1024w, https:\/\/accio.pl\/hp9\/wp-content\/uploads\/2026\/02\/17-300x300.jpg 300w, https:\/\/accio.pl\/hp9\/wp-content\/uploads\/2026\/02\/17-150x150.jpg 150w, https:\/\/accio.pl\/hp9\/wp-content\/uploads\/2026\/02\/17-768x768.jpg 768w, https:\/\/accio.pl\/hp9\/wp-content\/uploads\/2026\/02\/17-50x50.jpg 50w, https:\/\/accio.pl\/hp9\/wp-content\/uploads\/2026\/02\/17-75x75.jpg 75w\" sizes=\"auto, (max-width: 960px) 100vw, 960px\" \/>\n\t\t\t<\/div><\/figure><figure class='gallery-item'>\n\t\t\t<div class='gallery-icon landscape'>\n\t\t\t\t<img loading=\"lazy\" decoding=\"async\" width=\"960\" height=\"960\" src=\"https:\/\/accio.pl\/hp9\/wp-content\/uploads\/2026\/02\/18.jpg\" class=\"attachment-large size-large\" alt=\"\" srcset=\"https:\/\/accio.pl\/hp9\/wp-content\/uploads\/2026\/02\/18.jpg 1024w, https:\/\/accio.pl\/hp9\/wp-content\/uploads\/2026\/02\/18-300x300.jpg 300w, https:\/\/accio.pl\/hp9\/wp-content\/uploads\/2026\/02\/18-150x150.jpg 150w, https:\/\/accio.pl\/hp9\/wp-content\/uploads\/2026\/02\/18-768x768.jpg 768w, https:\/\/accio.pl\/hp9\/wp-content\/uploads\/2026\/02\/18-50x50.jpg 50w, https:\/\/accio.pl\/hp9\/wp-content\/uploads\/2026\/02\/18-75x75.jpg 75w\" sizes=\"auto, (max-width: 960px) 100vw, 960px\" \/>\n\t\t\t<\/div><\/figure><figure class='gallery-item'>\n\t\t\t<div class='gallery-icon landscape'>\n\t\t\t\t<img loading=\"lazy\" decoding=\"async\" width=\"960\" height=\"960\" src=\"https:\/\/accio.pl\/hp9\/wp-content\/uploads\/2026\/02\/19.jpg\" class=\"attachment-large size-large\" alt=\"\" srcset=\"https:\/\/accio.pl\/hp9\/wp-content\/uploads\/2026\/02\/19.jpg 1024w, https:\/\/accio.pl\/hp9\/wp-content\/uploads\/2026\/02\/19-300x300.jpg 300w, https:\/\/accio.pl\/hp9\/wp-content\/uploads\/2026\/02\/19-150x150.jpg 150w, https:\/\/accio.pl\/hp9\/wp-content\/uploads\/2026\/02\/19-768x768.jpg 768w, https:\/\/accio.pl\/hp9\/wp-content\/uploads\/2026\/02\/19-50x50.jpg 50w, https:\/\/accio.pl\/hp9\/wp-content\/uploads\/2026\/02\/19-75x75.jpg 75w\" sizes=\"auto, (max-width: 960px) 100vw, 960px\" \/>\n\t\t\t<\/div><\/figure>\n\t\t<\/div>\n\n","protected":false},"excerpt":{"rendered":"<p>Poni\u017cej znajdziesz wszystkie ilustracje do opowiadania, kt\u00f3re skierowane by\u0142o do doros\u0142ych Czytelnik\u00f3w i fan\u00f3w sagi Harry Potter. W\u0142a\u015bnie z tego powodu ilustracje maj\u0105 zupe\u0142nie inny styl i charakter, tzn. mniej bajkowy a bardziej powa\u017cny. Wszystkie ilustracje zosta\u0142y stworzone przez autora opowiadania Marcina D\u0119ga przy u\u017cyciu technologii AI w lutym 2026 roku.<\/p>\n","protected":false},"author":1,"featured_media":0,"parent":0,"menu_order":0,"comment_status":"open","ping_status":"closed","template":"","meta":{"footnotes":""},"class_list":["post-3028","page","type-page","status-publish","hentry"],"yoast_head":"<!-- This site is optimized with the Yoast SEO plugin v27.4 - https:\/\/yoast.com\/product\/yoast-seo-wordpress\/ -->\n<title>Ilustracje do opowiadania &quot;Martin Gande i cuchn\u0105cy \u015bmierci\u0105 manipulant czasowy&quot; - Accio.pl<\/title>\n<meta name=\"robots\" content=\"index, follow, max-snippet:-1, max-image-preview:large, max-video-preview:-1\" \/>\n<link rel=\"canonical\" href=\"https:\/\/accio.pl\/hp9\/ilustracje-z-opowiadania-martin-gande-i-cuchnacy-smiercia-manipulant-czasowy\/\" \/>\n<meta property=\"og:locale\" content=\"pl_PL\" \/>\n<meta property=\"og:type\" content=\"article\" \/>\n<meta property=\"og:title\" content=\"Ilustracje do opowiadania &quot;Martin Gande i cuchn\u0105cy \u015bmierci\u0105 manipulant czasowy&quot; - Accio.pl\" \/>\n<meta property=\"og:description\" content=\"Poni\u017cej znajdziesz wszystkie ilustracje do opowiadania, kt\u00f3re skierowane by\u0142o do doros\u0142ych Czytelnik\u00f3w i fan\u00f3w sagi Harry Potter. W\u0142a\u015bnie z tego powodu ilustracje maj\u0105 zupe\u0142nie inny styl i charakter, tzn. mniej bajkowy a bardziej powa\u017cny. Wszystkie ilustracje zosta\u0142y stworzone przez autora opowiadania Marcina D\u0119ga przy u\u017cyciu technologii AI w lutym 2026 roku.\" \/>\n<meta property=\"og:url\" content=\"https:\/\/accio.pl\/hp9\/ilustracje-z-opowiadania-martin-gande-i-cuchnacy-smiercia-manipulant-czasowy\/\" \/>\n<meta property=\"og:site_name\" content=\"Accio.pl\" \/>\n<meta property=\"article:modified_time\" content=\"2026-02-06T17:41:04+00:00\" \/>\n<meta property=\"og:image\" content=\"http:\/\/accio.pl\/hp9\/wp-content\/uploads\/2026\/02\/00-3.png\" \/>\n<meta name=\"twitter:card\" content=\"summary_large_image\" \/>\n<meta name=\"twitter:label1\" content=\"Szacowany czas czytania\" \/>\n\t<meta name=\"twitter:data1\" content=\"1 minuta\" \/>\n<script type=\"application\/ld+json\" class=\"yoast-schema-graph\">{\"@context\":\"https:\\\/\\\/schema.org\",\"@graph\":[{\"@type\":\"WebPage\",\"@id\":\"https:\\\/\\\/accio.pl\\\/hp9\\\/ilustracje-z-opowiadania-martin-gande-i-cuchnacy-smiercia-manipulant-czasowy\\\/\",\"url\":\"https:\\\/\\\/accio.pl\\\/hp9\\\/ilustracje-z-opowiadania-martin-gande-i-cuchnacy-smiercia-manipulant-czasowy\\\/\",\"name\":\"Ilustracje do opowiadania \\\"Martin Gande i cuchn\u0105cy \u015bmierci\u0105 manipulant czasowy\\\" - Accio.pl\",\"isPartOf\":{\"@id\":\"https:\\\/\\\/accio.pl\\\/hp9\\\/#website\"},\"datePublished\":\"2026-02-05T22:43:06+00:00\",\"dateModified\":\"2026-02-06T17:41:04+00:00\",\"breadcrumb\":{\"@id\":\"https:\\\/\\\/accio.pl\\\/hp9\\\/ilustracje-z-opowiadania-martin-gande-i-cuchnacy-smiercia-manipulant-czasowy\\\/#breadcrumb\"},\"inLanguage\":\"pl-PL\",\"potentialAction\":[{\"@type\":\"ReadAction\",\"target\":[\"https:\\\/\\\/accio.pl\\\/hp9\\\/ilustracje-z-opowiadania-martin-gande-i-cuchnacy-smiercia-manipulant-czasowy\\\/\"]}]},{\"@type\":\"BreadcrumbList\",\"@id\":\"https:\\\/\\\/accio.pl\\\/hp9\\\/ilustracje-z-opowiadania-martin-gande-i-cuchnacy-smiercia-manipulant-czasowy\\\/#breadcrumb\",\"itemListElement\":[{\"@type\":\"ListItem\",\"position\":1,\"name\":\"Strona g\u0142\u00f3wna\",\"item\":\"https:\\\/\\\/accio.pl\\\/hp9\\\/\"},{\"@type\":\"ListItem\",\"position\":2,\"name\":\"Ilustracje do opowiadania &#8220;Martin Gande i cuchn\u0105cy \u015bmierci\u0105 manipulant czasowy&#8221;\"}]},{\"@type\":\"WebSite\",\"@id\":\"https:\\\/\\\/accio.pl\\\/hp9\\\/#website\",\"url\":\"https:\\\/\\\/accio.pl\\\/hp9\\\/\",\"name\":\"Accio.pl\",\"description\":\"Przywo\u0142aj magi\u0119 sprzed lat!\",\"publisher\":{\"@id\":\"https:\\\/\\\/accio.pl\\\/hp9\\\/#organization\"},\"potentialAction\":[{\"@type\":\"SearchAction\",\"target\":{\"@type\":\"EntryPoint\",\"urlTemplate\":\"https:\\\/\\\/accio.pl\\\/hp9\\\/?s={search_term_string}\"},\"query-input\":{\"@type\":\"PropertyValueSpecification\",\"valueRequired\":true,\"valueName\":\"search_term_string\"}}],\"inLanguage\":\"pl-PL\"},{\"@type\":\"Organization\",\"@id\":\"https:\\\/\\\/accio.pl\\\/hp9\\\/#organization\",\"name\":\"Accio.pl\",\"url\":\"https:\\\/\\\/accio.pl\\\/hp9\\\/\",\"logo\":{\"@type\":\"ImageObject\",\"inLanguage\":\"pl-PL\",\"@id\":\"https:\\\/\\\/accio.pl\\\/hp9\\\/#\\\/schema\\\/logo\\\/image\\\/\",\"url\":\"https:\\\/\\\/accio.pl\\\/hp9\\\/wp-content\\\/uploads\\\/2026\\\/02\\\/logo_accio2026b.png\",\"contentUrl\":\"https:\\\/\\\/accio.pl\\\/hp9\\\/wp-content\\\/uploads\\\/2026\\\/02\\\/logo_accio2026b.png\",\"width\":370,\"height\":150,\"caption\":\"Accio.pl\"},\"image\":{\"@id\":\"https:\\\/\\\/accio.pl\\\/hp9\\\/#\\\/schema\\\/logo\\\/image\\\/\"}}]}<\/script>\n<!-- \/ Yoast SEO plugin. -->","yoast_head_json":{"title":"Ilustracje do opowiadania \"Martin Gande i cuchn\u0105cy \u015bmierci\u0105 manipulant czasowy\" - Accio.pl","robots":{"index":"index","follow":"follow","max-snippet":"max-snippet:-1","max-image-preview":"max-image-preview:large","max-video-preview":"max-video-preview:-1"},"canonical":"https:\/\/accio.pl\/hp9\/ilustracje-z-opowiadania-martin-gande-i-cuchnacy-smiercia-manipulant-czasowy\/","og_locale":"pl_PL","og_type":"article","og_title":"Ilustracje do opowiadania \"Martin Gande i cuchn\u0105cy \u015bmierci\u0105 manipulant czasowy\" - Accio.pl","og_description":"Poni\u017cej znajdziesz wszystkie ilustracje do opowiadania, kt\u00f3re skierowane by\u0142o do doros\u0142ych Czytelnik\u00f3w i fan\u00f3w sagi Harry Potter. W\u0142a\u015bnie z tego powodu ilustracje maj\u0105 zupe\u0142nie inny styl i charakter, tzn. mniej bajkowy a bardziej powa\u017cny. Wszystkie ilustracje zosta\u0142y stworzone przez autora opowiadania Marcina D\u0119ga przy u\u017cyciu technologii AI w lutym 2026 roku.","og_url":"https:\/\/accio.pl\/hp9\/ilustracje-z-opowiadania-martin-gande-i-cuchnacy-smiercia-manipulant-czasowy\/","og_site_name":"Accio.pl","article_modified_time":"2026-02-06T17:41:04+00:00","og_image":[{"url":"http:\/\/accio.pl\/hp9\/wp-content\/uploads\/2026\/02\/00-3.png","type":"","width":"","height":""}],"twitter_card":"summary_large_image","twitter_misc":{"Szacowany czas czytania":"1 minuta"},"schema":{"@context":"https:\/\/schema.org","@graph":[{"@type":"WebPage","@id":"https:\/\/accio.pl\/hp9\/ilustracje-z-opowiadania-martin-gande-i-cuchnacy-smiercia-manipulant-czasowy\/","url":"https:\/\/accio.pl\/hp9\/ilustracje-z-opowiadania-martin-gande-i-cuchnacy-smiercia-manipulant-czasowy\/","name":"Ilustracje do opowiadania \"Martin Gande i cuchn\u0105cy \u015bmierci\u0105 manipulant czasowy\" - Accio.pl","isPartOf":{"@id":"https:\/\/accio.pl\/hp9\/#website"},"datePublished":"2026-02-05T22:43:06+00:00","dateModified":"2026-02-06T17:41:04+00:00","breadcrumb":{"@id":"https:\/\/accio.pl\/hp9\/ilustracje-z-opowiadania-martin-gande-i-cuchnacy-smiercia-manipulant-czasowy\/#breadcrumb"},"inLanguage":"pl-PL","potentialAction":[{"@type":"ReadAction","target":["https:\/\/accio.pl\/hp9\/ilustracje-z-opowiadania-martin-gande-i-cuchnacy-smiercia-manipulant-czasowy\/"]}]},{"@type":"BreadcrumbList","@id":"https:\/\/accio.pl\/hp9\/ilustracje-z-opowiadania-martin-gande-i-cuchnacy-smiercia-manipulant-czasowy\/#breadcrumb","itemListElement":[{"@type":"ListItem","position":1,"name":"Strona g\u0142\u00f3wna","item":"https:\/\/accio.pl\/hp9\/"},{"@type":"ListItem","position":2,"name":"Ilustracje do opowiadania &#8220;Martin Gande i cuchn\u0105cy \u015bmierci\u0105 manipulant czasowy&#8221;"}]},{"@type":"WebSite","@id":"https:\/\/accio.pl\/hp9\/#website","url":"https:\/\/accio.pl\/hp9\/","name":"Accio.pl","description":"Przywo\u0142aj magi\u0119 sprzed lat!","publisher":{"@id":"https:\/\/accio.pl\/hp9\/#organization"},"potentialAction":[{"@type":"SearchAction","target":{"@type":"EntryPoint","urlTemplate":"https:\/\/accio.pl\/hp9\/?s={search_term_string}"},"query-input":{"@type":"PropertyValueSpecification","valueRequired":true,"valueName":"search_term_string"}}],"inLanguage":"pl-PL"},{"@type":"Organization","@id":"https:\/\/accio.pl\/hp9\/#organization","name":"Accio.pl","url":"https:\/\/accio.pl\/hp9\/","logo":{"@type":"ImageObject","inLanguage":"pl-PL","@id":"https:\/\/accio.pl\/hp9\/#\/schema\/logo\/image\/","url":"https:\/\/accio.pl\/hp9\/wp-content\/uploads\/2026\/02\/logo_accio2026b.png","contentUrl":"https:\/\/accio.pl\/hp9\/wp-content\/uploads\/2026\/02\/logo_accio2026b.png","width":370,"height":150,"caption":"Accio.pl"},"image":{"@id":"https:\/\/accio.pl\/hp9\/#\/schema\/logo\/image\/"}}]}},"_links":{"self":[{"href":"https:\/\/accio.pl\/hp9\/wp-json\/wp\/v2\/pages\/3028","targetHints":{"allow":["GET"]}}],"collection":[{"href":"https:\/\/accio.pl\/hp9\/wp-json\/wp\/v2\/pages"}],"about":[{"href":"https:\/\/accio.pl\/hp9\/wp-json\/wp\/v2\/types\/page"}],"author":[{"embeddable":true,"href":"https:\/\/accio.pl\/hp9\/wp-json\/wp\/v2\/users\/1"}],"replies":[{"embeddable":true,"href":"https:\/\/accio.pl\/hp9\/wp-json\/wp\/v2\/comments?post=3028"}],"version-history":[{"count":5,"href":"https:\/\/accio.pl\/hp9\/wp-json\/wp\/v2\/pages\/3028\/revisions"}],"predecessor-version":[{"id":3059,"href":"https:\/\/accio.pl\/hp9\/wp-json\/wp\/v2\/pages\/3028\/revisions\/3059"}],"wp:attachment":[{"href":"https:\/\/accio.pl\/hp9\/wp-json\/wp\/v2\/media?parent=3028"}],"curies":[{"name":"wp","href":"https:\/\/api.w.org\/{rel}","templated":true}]}}