{"id":2929,"date":"2026-02-05T11:26:37","date_gmt":"2026-02-05T10:26:37","guid":{"rendered":"https:\/\/accio.pl\/hp9\/?page_id=2929"},"modified":"2026-02-05T23:45:57","modified_gmt":"2026-02-05T22:45:57","slug":"ilustracje-do-opowiadania-harry-potter-i-tempus-fatum","status":"publish","type":"page","link":"https:\/\/accio.pl\/hp9\/ilustracje-do-opowiadania-harry-potter-i-tempus-fatum\/","title":{"rendered":"Ilustracje do opowiadania &#8220;Harry Potter i Tempus Fatum&#8221;"},"content":{"rendered":"<p style=\"text-align: justify;\">W lutym 2026 roku opowiadanie \u015bwi\u0105teczne ze \u015bwiata Harry&#8217;ego Pottera, osadzone w DRUPie w ko\u0144cu doczeka\u0142o si\u0119 swoich klimatycznych ilustracji. Zosta\u0142y one wygenerowane przez autora opowiadania Marcina D\u0119ga, z u\u017cyciem technologii AI. Poni\u017cej znajdziecie ilustracj\u0119 tytu\u0142ow\u0105, oraz ilustracje do wszystkich jedenastu rozdzia\u0142\u00f3w.<\/p>\n<div id='gallery-1' class='gallery galleryid-2929 gallery-columns-3 gallery-size-medium'><figure class='gallery-item'>\n\t\t\t<div class='gallery-icon landscape'>\n\t\t\t\t<img loading=\"lazy\" decoding=\"async\" width=\"300\" height=\"300\" src=\"https:\/\/accio.pl\/hp9\/wp-content\/uploads\/2026\/02\/00-2-300x300.png\" class=\"attachment-medium size-medium\" alt=\"\" srcset=\"https:\/\/accio.pl\/hp9\/wp-content\/uploads\/2026\/02\/00-2-300x300.png 300w, https:\/\/accio.pl\/hp9\/wp-content\/uploads\/2026\/02\/00-2-150x150.png 150w, https:\/\/accio.pl\/hp9\/wp-content\/uploads\/2026\/02\/00-2-768x768.png 768w, https:\/\/accio.pl\/hp9\/wp-content\/uploads\/2026\/02\/00-2-50x50.png 50w, https:\/\/accio.pl\/hp9\/wp-content\/uploads\/2026\/02\/00-2-75x75.png 75w, https:\/\/accio.pl\/hp9\/wp-content\/uploads\/2026\/02\/00-2.png 1024w\" sizes=\"auto, (max-width: 300px) 100vw, 300px\" \/>\n\t\t\t<\/div><\/figure><figure class='gallery-item'>\n\t\t\t<div class='gallery-icon portrait'>\n\t\t\t\t<img loading=\"lazy\" decoding=\"async\" width=\"213\" height=\"300\" src=\"https:\/\/accio.pl\/hp9\/wp-content\/uploads\/2026\/02\/01-213x300.jpg\" class=\"attachment-medium size-medium\" alt=\"\" srcset=\"https:\/\/accio.pl\/hp9\/wp-content\/uploads\/2026\/02\/01-213x300.jpg 213w, https:\/\/accio.pl\/hp9\/wp-content\/uploads\/2026\/02\/01-726x1024.jpg 726w, https:\/\/accio.pl\/hp9\/wp-content\/uploads\/2026\/02\/01-768x1083.jpg 768w, https:\/\/accio.pl\/hp9\/wp-content\/uploads\/2026\/02\/01.jpg 1024w\" sizes=\"auto, (max-width: 213px) 100vw, 213px\" \/>\n\t\t\t<\/div><\/figure><figure class='gallery-item'>\n\t\t\t<div class='gallery-icon landscape'>\n\t\t\t\t<img loading=\"lazy\" decoding=\"async\" width=\"300\" height=\"300\" src=\"https:\/\/accio.pl\/hp9\/wp-content\/uploads\/2026\/02\/02-300x300.jpg\" class=\"attachment-medium size-medium\" alt=\"\" srcset=\"https:\/\/accio.pl\/hp9\/wp-content\/uploads\/2026\/02\/02-300x300.jpg 300w, https:\/\/accio.pl\/hp9\/wp-content\/uploads\/2026\/02\/02-150x150.jpg 150w, https:\/\/accio.pl\/hp9\/wp-content\/uploads\/2026\/02\/02-768x768.jpg 768w, https:\/\/accio.pl\/hp9\/wp-content\/uploads\/2026\/02\/02-50x50.jpg 50w, https:\/\/accio.pl\/hp9\/wp-content\/uploads\/2026\/02\/02-75x75.jpg 75w, https:\/\/accio.pl\/hp9\/wp-content\/uploads\/2026\/02\/02.jpg 1024w\" sizes=\"auto, (max-width: 300px) 100vw, 300px\" \/>\n\t\t\t<\/div><\/figure><figure class='gallery-item'>\n\t\t\t<div class='gallery-icon landscape'>\n\t\t\t\t<img loading=\"lazy\" decoding=\"async\" width=\"300\" height=\"272\" src=\"https:\/\/accio.pl\/hp9\/wp-content\/uploads\/2026\/02\/03-300x272.png\" class=\"attachment-medium size-medium\" alt=\"\" srcset=\"https:\/\/accio.pl\/hp9\/wp-content\/uploads\/2026\/02\/03-300x272.png 300w, https:\/\/accio.pl\/hp9\/wp-content\/uploads\/2026\/02\/03-768x698.png 768w, https:\/\/accio.pl\/hp9\/wp-content\/uploads\/2026\/02\/03.png 1024w\" sizes=\"auto, (max-width: 300px) 100vw, 300px\" \/>\n\t\t\t<\/div><\/figure><figure class='gallery-item'>\n\t\t\t<div class='gallery-icon landscape'>\n\t\t\t\t<img loading=\"lazy\" decoding=\"async\" width=\"300\" height=\"290\" src=\"https:\/\/accio.pl\/hp9\/wp-content\/uploads\/2026\/02\/04-300x290.png\" class=\"attachment-medium size-medium\" alt=\"\" srcset=\"https:\/\/accio.pl\/hp9\/wp-content\/uploads\/2026\/02\/04-300x290.png 300w, https:\/\/accio.pl\/hp9\/wp-content\/uploads\/2026\/02\/04-768x743.png 768w, https:\/\/accio.pl\/hp9\/wp-content\/uploads\/2026\/02\/04.png 1024w\" sizes=\"auto, (max-width: 300px) 100vw, 300px\" \/>\n\t\t\t<\/div><\/figure><figure class='gallery-item'>\n\t\t\t<div class='gallery-icon landscape'>\n\t\t\t\t<img loading=\"lazy\" decoding=\"async\" width=\"300\" height=\"300\" src=\"https:\/\/accio.pl\/hp9\/wp-content\/uploads\/2026\/02\/05-300x300.jpg\" class=\"attachment-medium size-medium\" alt=\"\" srcset=\"https:\/\/accio.pl\/hp9\/wp-content\/uploads\/2026\/02\/05-300x300.jpg 300w, https:\/\/accio.pl\/hp9\/wp-content\/uploads\/2026\/02\/05-150x150.jpg 150w, https:\/\/accio.pl\/hp9\/wp-content\/uploads\/2026\/02\/05-768x768.jpg 768w, https:\/\/accio.pl\/hp9\/wp-content\/uploads\/2026\/02\/05-50x50.jpg 50w, https:\/\/accio.pl\/hp9\/wp-content\/uploads\/2026\/02\/05-75x75.jpg 75w, https:\/\/accio.pl\/hp9\/wp-content\/uploads\/2026\/02\/05.jpg 1024w\" sizes=\"auto, (max-width: 300px) 100vw, 300px\" \/>\n\t\t\t<\/div><\/figure><figure class='gallery-item'>\n\t\t\t<div class='gallery-icon landscape'>\n\t\t\t\t<img loading=\"lazy\" decoding=\"async\" width=\"300\" height=\"300\" src=\"https:\/\/accio.pl\/hp9\/wp-content\/uploads\/2026\/02\/06-300x300.jpg\" class=\"attachment-medium size-medium\" alt=\"\" srcset=\"https:\/\/accio.pl\/hp9\/wp-content\/uploads\/2026\/02\/06-300x300.jpg 300w, https:\/\/accio.pl\/hp9\/wp-content\/uploads\/2026\/02\/06-150x150.jpg 150w, https:\/\/accio.pl\/hp9\/wp-content\/uploads\/2026\/02\/06-768x768.jpg 768w, https:\/\/accio.pl\/hp9\/wp-content\/uploads\/2026\/02\/06-50x50.jpg 50w, https:\/\/accio.pl\/hp9\/wp-content\/uploads\/2026\/02\/06-75x75.jpg 75w, https:\/\/accio.pl\/hp9\/wp-content\/uploads\/2026\/02\/06.jpg 1024w\" sizes=\"auto, (max-width: 300px) 100vw, 300px\" \/>\n\t\t\t<\/div><\/figure><figure class='gallery-item'>\n\t\t\t<div class='gallery-icon portrait'>\n\t\t\t\t<img loading=\"lazy\" decoding=\"async\" width=\"212\" height=\"300\" src=\"https:\/\/accio.pl\/hp9\/wp-content\/uploads\/2026\/02\/07-212x300.jpg\" class=\"attachment-medium size-medium\" alt=\"\" srcset=\"https:\/\/accio.pl\/hp9\/wp-content\/uploads\/2026\/02\/07-212x300.jpg 212w, https:\/\/accio.pl\/hp9\/wp-content\/uploads\/2026\/02\/07-723x1024.jpg 723w, https:\/\/accio.pl\/hp9\/wp-content\/uploads\/2026\/02\/07-768x1088.jpg 768w, https:\/\/accio.pl\/hp9\/wp-content\/uploads\/2026\/02\/07.jpg 1024w\" sizes=\"auto, (max-width: 212px) 100vw, 212px\" \/>\n\t\t\t<\/div><\/figure><figure class='gallery-item'>\n\t\t\t<div class='gallery-icon landscape'>\n\t\t\t\t<img loading=\"lazy\" decoding=\"async\" width=\"300\" height=\"300\" src=\"https:\/\/accio.pl\/hp9\/wp-content\/uploads\/2026\/02\/08-300x300.jpg\" class=\"attachment-medium size-medium\" alt=\"\" srcset=\"https:\/\/accio.pl\/hp9\/wp-content\/uploads\/2026\/02\/08-300x300.jpg 300w, https:\/\/accio.pl\/hp9\/wp-content\/uploads\/2026\/02\/08-150x150.jpg 150w, https:\/\/accio.pl\/hp9\/wp-content\/uploads\/2026\/02\/08-768x768.jpg 768w, https:\/\/accio.pl\/hp9\/wp-content\/uploads\/2026\/02\/08-50x50.jpg 50w, https:\/\/accio.pl\/hp9\/wp-content\/uploads\/2026\/02\/08-75x75.jpg 75w, https:\/\/accio.pl\/hp9\/wp-content\/uploads\/2026\/02\/08.jpg 1024w\" sizes=\"auto, (max-width: 300px) 100vw, 300px\" \/>\n\t\t\t<\/div><\/figure><figure class='gallery-item'>\n\t\t\t<div class='gallery-icon landscape'>\n\t\t\t\t<img loading=\"lazy\" decoding=\"async\" width=\"300\" height=\"300\" src=\"https:\/\/accio.pl\/hp9\/wp-content\/uploads\/2026\/02\/09_poprawione-300x300.png\" class=\"attachment-medium size-medium\" alt=\"\" srcset=\"https:\/\/accio.pl\/hp9\/wp-content\/uploads\/2026\/02\/09_poprawione-300x300.png 300w, https:\/\/accio.pl\/hp9\/wp-content\/uploads\/2026\/02\/09_poprawione-150x150.png 150w, https:\/\/accio.pl\/hp9\/wp-content\/uploads\/2026\/02\/09_poprawione-768x768.png 768w, https:\/\/accio.pl\/hp9\/wp-content\/uploads\/2026\/02\/09_poprawione-50x50.png 50w, https:\/\/accio.pl\/hp9\/wp-content\/uploads\/2026\/02\/09_poprawione-75x75.png 75w, https:\/\/accio.pl\/hp9\/wp-content\/uploads\/2026\/02\/09_poprawione.png 1024w\" sizes=\"auto, (max-width: 300px) 100vw, 300px\" \/>\n\t\t\t<\/div><\/figure><figure class='gallery-item'>\n\t\t\t<div class='gallery-icon landscape'>\n\t\t\t\t<img loading=\"lazy\" decoding=\"async\" width=\"300\" height=\"300\" src=\"https:\/\/accio.pl\/hp9\/wp-content\/uploads\/2026\/02\/10-300x300.jpg\" class=\"attachment-medium size-medium\" alt=\"\" srcset=\"https:\/\/accio.pl\/hp9\/wp-content\/uploads\/2026\/02\/10-300x300.jpg 300w, https:\/\/accio.pl\/hp9\/wp-content\/uploads\/2026\/02\/10-150x150.jpg 150w, https:\/\/accio.pl\/hp9\/wp-content\/uploads\/2026\/02\/10-768x768.jpg 768w, https:\/\/accio.pl\/hp9\/wp-content\/uploads\/2026\/02\/10-50x50.jpg 50w, https:\/\/accio.pl\/hp9\/wp-content\/uploads\/2026\/02\/10-75x75.jpg 75w, https:\/\/accio.pl\/hp9\/wp-content\/uploads\/2026\/02\/10.jpg 1024w\" sizes=\"auto, (max-width: 300px) 100vw, 300px\" \/>\n\t\t\t<\/div><\/figure><figure class='gallery-item'>\n\t\t\t<div class='gallery-icon landscape'>\n\t\t\t\t<img loading=\"lazy\" decoding=\"async\" width=\"300\" height=\"300\" src=\"https:\/\/accio.pl\/hp9\/wp-content\/uploads\/2026\/02\/11-300x300.jpg\" class=\"attachment-medium size-medium\" alt=\"\" srcset=\"https:\/\/accio.pl\/hp9\/wp-content\/uploads\/2026\/02\/11-300x300.jpg 300w, https:\/\/accio.pl\/hp9\/wp-content\/uploads\/2026\/02\/11-150x150.jpg 150w, https:\/\/accio.pl\/hp9\/wp-content\/uploads\/2026\/02\/11-768x768.jpg 768w, https:\/\/accio.pl\/hp9\/wp-content\/uploads\/2026\/02\/11-50x50.jpg 50w, https:\/\/accio.pl\/hp9\/wp-content\/uploads\/2026\/02\/11-75x75.jpg 75w, https:\/\/accio.pl\/hp9\/wp-content\/uploads\/2026\/02\/11.jpg 1024w\" sizes=\"auto, (max-width: 300px) 100vw, 300px\" \/>\n\t\t\t<\/div><\/figure>\n\t\t<\/div>\n\n","protected":false},"excerpt":{"rendered":"<p>W lutym 2026 roku opowiadanie \u015bwi\u0105teczne ze \u015bwiata Harry&#8217;ego Pottera, osadzone w DRUPie w ko\u0144cu doczeka\u0142o si\u0119 swoich klimatycznych ilustracji. Zosta\u0142y one wygenerowane przez autora opowiadania Marcina D\u0119ga, z u\u017cyciem technologii AI. Poni\u017cej znajdziecie ilustracj\u0119 tytu\u0142ow\u0105, oraz ilustracje do wszystkich jedenastu rozdzia\u0142\u00f3w.<\/p>\n","protected":false},"author":1,"featured_media":0,"parent":0,"menu_order":0,"comment_status":"open","ping_status":"closed","template":"","meta":{"footnotes":""},"class_list":["post-2929","page","type-page","status-publish","hentry"],"yoast_head":"<!-- This site is optimized with the Yoast SEO plugin v27.4 - https:\/\/yoast.com\/product\/yoast-seo-wordpress\/ -->\n<title>Ilustracje do opowiadania &quot;Harry Potter i Tempus Fatum&quot; - Accio.pl<\/title>\n<meta name=\"robots\" content=\"index, follow, max-snippet:-1, max-image-preview:large, max-video-preview:-1\" \/>\n<link rel=\"canonical\" href=\"https:\/\/accio.pl\/hp9\/ilustracje-do-opowiadania-harry-potter-i-tempus-fatum\/\" \/>\n<meta property=\"og:locale\" content=\"pl_PL\" \/>\n<meta property=\"og:type\" content=\"article\" \/>\n<meta property=\"og:title\" content=\"Ilustracje do opowiadania &quot;Harry Potter i Tempus Fatum&quot; - Accio.pl\" \/>\n<meta property=\"og:description\" content=\"W lutym 2026 roku opowiadanie \u015bwi\u0105teczne ze \u015bwiata Harry&#8217;ego Pottera, osadzone w DRUPie w ko\u0144cu doczeka\u0142o si\u0119 swoich klimatycznych ilustracji. Zosta\u0142y one wygenerowane przez autora opowiadania Marcina D\u0119ga, z u\u017cyciem technologii AI. Poni\u017cej znajdziecie ilustracj\u0119 tytu\u0142ow\u0105, oraz ilustracje do wszystkich jedenastu rozdzia\u0142\u00f3w.\" \/>\n<meta property=\"og:url\" content=\"https:\/\/accio.pl\/hp9\/ilustracje-do-opowiadania-harry-potter-i-tempus-fatum\/\" \/>\n<meta property=\"og:site_name\" content=\"Accio.pl\" \/>\n<meta property=\"article:modified_time\" content=\"2026-02-05T22:45:57+00:00\" \/>\n<meta property=\"og:image\" content=\"http:\/\/accio.pl\/hp9\/wp-content\/uploads\/2026\/02\/00-2-300x300.png\" \/>\n<meta name=\"twitter:card\" content=\"summary_large_image\" \/>\n<meta name=\"twitter:label1\" content=\"Szacowany czas czytania\" \/>\n\t<meta name=\"twitter:data1\" content=\"1 minuta\" \/>\n<script type=\"application\/ld+json\" class=\"yoast-schema-graph\">{\"@context\":\"https:\\\/\\\/schema.org\",\"@graph\":[{\"@type\":\"WebPage\",\"@id\":\"https:\\\/\\\/accio.pl\\\/hp9\\\/ilustracje-do-opowiadania-harry-potter-i-tempus-fatum\\\/\",\"url\":\"https:\\\/\\\/accio.pl\\\/hp9\\\/ilustracje-do-opowiadania-harry-potter-i-tempus-fatum\\\/\",\"name\":\"Ilustracje do opowiadania \\\"Harry Potter i Tempus Fatum\\\" - Accio.pl\",\"isPartOf\":{\"@id\":\"https:\\\/\\\/accio.pl\\\/hp9\\\/#website\"},\"datePublished\":\"2026-02-05T10:26:37+00:00\",\"dateModified\":\"2026-02-05T22:45:57+00:00\",\"breadcrumb\":{\"@id\":\"https:\\\/\\\/accio.pl\\\/hp9\\\/ilustracje-do-opowiadania-harry-potter-i-tempus-fatum\\\/#breadcrumb\"},\"inLanguage\":\"pl-PL\",\"potentialAction\":[{\"@type\":\"ReadAction\",\"target\":[\"https:\\\/\\\/accio.pl\\\/hp9\\\/ilustracje-do-opowiadania-harry-potter-i-tempus-fatum\\\/\"]}]},{\"@type\":\"BreadcrumbList\",\"@id\":\"https:\\\/\\\/accio.pl\\\/hp9\\\/ilustracje-do-opowiadania-harry-potter-i-tempus-fatum\\\/#breadcrumb\",\"itemListElement\":[{\"@type\":\"ListItem\",\"position\":1,\"name\":\"Strona g\u0142\u00f3wna\",\"item\":\"https:\\\/\\\/accio.pl\\\/hp9\\\/\"},{\"@type\":\"ListItem\",\"position\":2,\"name\":\"Ilustracje do opowiadania &#8220;Harry Potter i Tempus Fatum&#8221;\"}]},{\"@type\":\"WebSite\",\"@id\":\"https:\\\/\\\/accio.pl\\\/hp9\\\/#website\",\"url\":\"https:\\\/\\\/accio.pl\\\/hp9\\\/\",\"name\":\"Accio.pl\",\"description\":\"Przywo\u0142aj magi\u0119 sprzed lat!\",\"publisher\":{\"@id\":\"https:\\\/\\\/accio.pl\\\/hp9\\\/#organization\"},\"potentialAction\":[{\"@type\":\"SearchAction\",\"target\":{\"@type\":\"EntryPoint\",\"urlTemplate\":\"https:\\\/\\\/accio.pl\\\/hp9\\\/?s={search_term_string}\"},\"query-input\":{\"@type\":\"PropertyValueSpecification\",\"valueRequired\":true,\"valueName\":\"search_term_string\"}}],\"inLanguage\":\"pl-PL\"},{\"@type\":\"Organization\",\"@id\":\"https:\\\/\\\/accio.pl\\\/hp9\\\/#organization\",\"name\":\"Accio.pl\",\"url\":\"https:\\\/\\\/accio.pl\\\/hp9\\\/\",\"logo\":{\"@type\":\"ImageObject\",\"inLanguage\":\"pl-PL\",\"@id\":\"https:\\\/\\\/accio.pl\\\/hp9\\\/#\\\/schema\\\/logo\\\/image\\\/\",\"url\":\"https:\\\/\\\/accio.pl\\\/hp9\\\/wp-content\\\/uploads\\\/2026\\\/02\\\/logo_accio2026b.png\",\"contentUrl\":\"https:\\\/\\\/accio.pl\\\/hp9\\\/wp-content\\\/uploads\\\/2026\\\/02\\\/logo_accio2026b.png\",\"width\":370,\"height\":150,\"caption\":\"Accio.pl\"},\"image\":{\"@id\":\"https:\\\/\\\/accio.pl\\\/hp9\\\/#\\\/schema\\\/logo\\\/image\\\/\"}}]}<\/script>\n<!-- \/ Yoast SEO plugin. -->","yoast_head_json":{"title":"Ilustracje do opowiadania \"Harry Potter i Tempus Fatum\" - Accio.pl","robots":{"index":"index","follow":"follow","max-snippet":"max-snippet:-1","max-image-preview":"max-image-preview:large","max-video-preview":"max-video-preview:-1"},"canonical":"https:\/\/accio.pl\/hp9\/ilustracje-do-opowiadania-harry-potter-i-tempus-fatum\/","og_locale":"pl_PL","og_type":"article","og_title":"Ilustracje do opowiadania \"Harry Potter i Tempus Fatum\" - Accio.pl","og_description":"W lutym 2026 roku opowiadanie \u015bwi\u0105teczne ze \u015bwiata Harry&#8217;ego Pottera, osadzone w DRUPie w ko\u0144cu doczeka\u0142o si\u0119 swoich klimatycznych ilustracji. Zosta\u0142y one wygenerowane przez autora opowiadania Marcina D\u0119ga, z u\u017cyciem technologii AI. Poni\u017cej znajdziecie ilustracj\u0119 tytu\u0142ow\u0105, oraz ilustracje do wszystkich jedenastu rozdzia\u0142\u00f3w.","og_url":"https:\/\/accio.pl\/hp9\/ilustracje-do-opowiadania-harry-potter-i-tempus-fatum\/","og_site_name":"Accio.pl","article_modified_time":"2026-02-05T22:45:57+00:00","og_image":[{"url":"http:\/\/accio.pl\/hp9\/wp-content\/uploads\/2026\/02\/00-2-300x300.png","type":"","width":"","height":""}],"twitter_card":"summary_large_image","twitter_misc":{"Szacowany czas czytania":"1 minuta"},"schema":{"@context":"https:\/\/schema.org","@graph":[{"@type":"WebPage","@id":"https:\/\/accio.pl\/hp9\/ilustracje-do-opowiadania-harry-potter-i-tempus-fatum\/","url":"https:\/\/accio.pl\/hp9\/ilustracje-do-opowiadania-harry-potter-i-tempus-fatum\/","name":"Ilustracje do opowiadania \"Harry Potter i Tempus Fatum\" - Accio.pl","isPartOf":{"@id":"https:\/\/accio.pl\/hp9\/#website"},"datePublished":"2026-02-05T10:26:37+00:00","dateModified":"2026-02-05T22:45:57+00:00","breadcrumb":{"@id":"https:\/\/accio.pl\/hp9\/ilustracje-do-opowiadania-harry-potter-i-tempus-fatum\/#breadcrumb"},"inLanguage":"pl-PL","potentialAction":[{"@type":"ReadAction","target":["https:\/\/accio.pl\/hp9\/ilustracje-do-opowiadania-harry-potter-i-tempus-fatum\/"]}]},{"@type":"BreadcrumbList","@id":"https:\/\/accio.pl\/hp9\/ilustracje-do-opowiadania-harry-potter-i-tempus-fatum\/#breadcrumb","itemListElement":[{"@type":"ListItem","position":1,"name":"Strona g\u0142\u00f3wna","item":"https:\/\/accio.pl\/hp9\/"},{"@type":"ListItem","position":2,"name":"Ilustracje do opowiadania &#8220;Harry Potter i Tempus Fatum&#8221;"}]},{"@type":"WebSite","@id":"https:\/\/accio.pl\/hp9\/#website","url":"https:\/\/accio.pl\/hp9\/","name":"Accio.pl","description":"Przywo\u0142aj magi\u0119 sprzed lat!","publisher":{"@id":"https:\/\/accio.pl\/hp9\/#organization"},"potentialAction":[{"@type":"SearchAction","target":{"@type":"EntryPoint","urlTemplate":"https:\/\/accio.pl\/hp9\/?s={search_term_string}"},"query-input":{"@type":"PropertyValueSpecification","valueRequired":true,"valueName":"search_term_string"}}],"inLanguage":"pl-PL"},{"@type":"Organization","@id":"https:\/\/accio.pl\/hp9\/#organization","name":"Accio.pl","url":"https:\/\/accio.pl\/hp9\/","logo":{"@type":"ImageObject","inLanguage":"pl-PL","@id":"https:\/\/accio.pl\/hp9\/#\/schema\/logo\/image\/","url":"https:\/\/accio.pl\/hp9\/wp-content\/uploads\/2026\/02\/logo_accio2026b.png","contentUrl":"https:\/\/accio.pl\/hp9\/wp-content\/uploads\/2026\/02\/logo_accio2026b.png","width":370,"height":150,"caption":"Accio.pl"},"image":{"@id":"https:\/\/accio.pl\/hp9\/#\/schema\/logo\/image\/"}}]}},"_links":{"self":[{"href":"https:\/\/accio.pl\/hp9\/wp-json\/wp\/v2\/pages\/2929","targetHints":{"allow":["GET"]}}],"collection":[{"href":"https:\/\/accio.pl\/hp9\/wp-json\/wp\/v2\/pages"}],"about":[{"href":"https:\/\/accio.pl\/hp9\/wp-json\/wp\/v2\/types\/page"}],"author":[{"embeddable":true,"href":"https:\/\/accio.pl\/hp9\/wp-json\/wp\/v2\/users\/1"}],"replies":[{"embeddable":true,"href":"https:\/\/accio.pl\/hp9\/wp-json\/wp\/v2\/comments?post=2929"}],"version-history":[{"count":4,"href":"https:\/\/accio.pl\/hp9\/wp-json\/wp\/v2\/pages\/2929\/revisions"}],"predecessor-version":[{"id":3027,"href":"https:\/\/accio.pl\/hp9\/wp-json\/wp\/v2\/pages\/2929\/revisions\/3027"}],"wp:attachment":[{"href":"https:\/\/accio.pl\/hp9\/wp-json\/wp\/v2\/media?parent=2929"}],"curies":[{"name":"wp","href":"https:\/\/api.w.org\/{rel}","templated":true}]}}