{"id":2283,"date":"2021-03-13T00:05:01","date_gmt":"2021-03-12T23:05:01","guid":{"rendered":"http:\/\/www.accio.pl\/hp9\/?page_id=2283"},"modified":"2021-03-13T02:32:57","modified_gmt":"2021-03-13T01:32:57","slug":"pw","status":"publish","type":"page","link":"https:\/\/accio.pl\/hp9\/pw\/","title":{"rendered":"Harry Potter i Deponent Za\u0142o\u017cycieli (tom 2) online"},"content":{"rendered":"<h2><em><a href=\"http:\/\/www.accio.pl\/hp9\/?attachment_id=2275\" rel=\"attachment wp-att-2275\"><img loading=\"lazy\" decoding=\"async\" class=\"alignleft wp-image-2275 size-full\" src=\"http:\/\/www.accio.pl\/hp9\/wp-content\/uploads\/2021\/03\/hp9_got2aba.jpg\" alt=\"\" width=\"500\" height=\"1138\" srcset=\"https:\/\/accio.pl\/hp9\/wp-content\/uploads\/2021\/03\/hp9_got2aba.jpg 500w, https:\/\/accio.pl\/hp9\/wp-content\/uploads\/2021\/03\/hp9_got2aba-132x300.jpg 132w, https:\/\/accio.pl\/hp9\/wp-content\/uploads\/2021\/03\/hp9_got2aba-450x1024.jpg 450w, https:\/\/accio.pl\/hp9\/wp-content\/uploads\/2021\/03\/hp9_got2aba-66x150.jpg 66w\" sizes=\"auto, (max-width: 500px) 100vw, 500px\" \/><\/a><\/em><strong>OPIS FABU\u0141Y<\/strong><\/h2>\n<p style=\"text-align: justify;\"><em>Zmuszony przez Rad\u0119 Nadzorcz\u0105 szko\u0142y Harry Potter sprowadza si\u0119 z rodzin\u0105 do Hogsmeade i kontynuuje prac\u0119 w Hogwarcie. Zaskakuj\u0105cy przebieg Ceremonii Przydzia\u0142u staje si\u0119 dla niego pocz\u0105tkiem drogi do odkrycia szokuj\u0105cej prawdy na temat przesz\u0142o\u015bci za\u0142o\u017cycieli szko\u0142y.\u00a0<\/em><\/p>\n<p style=\"text-align: justify;\"><em>Obawiaj\u0105c si\u0119 rych\u0142ego powrotu W\u0119\u017cowego J\u0119zyka, Harry prze\u017cywa wielk\u0105 osobist\u0105 tragedi\u0119, wpada na trop hodowcy niebezpiecznych fantastycznych zwierz\u0105t, oraz zmaga si\u0119 z licznymi intrygami kogo\u015b, kto z ca\u0142ych si\u0142 stara si\u0119 uprzykrzy\u0107 mu \u017cycie. Powr\u00f3t Lisy Turpin mocno komplikuje jego \u017cycie osobiste i budzi uczucia, o kt\u00f3rych istnieniu nie mia\u0142 poj\u0119cia.<\/em><\/p>\n<p>&nbsp;<\/p>\n<p><strong>SPIS TRE\u015aCI<\/strong><\/p>\n<p><strong><a href=\"http:\/\/www.accio.pl\/hp9\/wp-content\/uploads\/2020\/01\/DZ01.pdf\">Rozdzia\u0142 1. Dotrzymana obietnica<\/a><\/strong><br \/>\n<a href=\"http:\/\/www.accio.pl\/hp9\/wp-content\/uploads\/2020\/01\/DZ02.pdf\"><strong>Rozdzia\u0142 2. Ceremonia zaprzysi\u0119\u017cenia<\/strong><\/a><br \/>\n<a href=\"http:\/\/www.accio.pl\/hp9\/wp-content\/uploads\/2020\/01\/DZ03.pdf\"><strong>Rozdzia\u0142 3. K\u0142opotliwy list<\/strong><\/a><br \/>\n<a href=\"http:\/\/www.accio.pl\/hp9\/wp-content\/uploads\/2020\/01\/DZ04.pdf\"><strong>Rozdzia\u0142 4. Niespodziewana wizyta<\/strong><\/a><br \/>\n<strong><a href=\"http:\/\/www.accio.pl\/hp9\/wp-content\/uploads\/2020\/01\/DZ05.pdf\">Rozdzia\u0142 5. Trudne zadanie<\/a><\/strong><br \/>\n<strong><a href=\"http:\/\/www.accio.pl\/hp9\/wp-content\/uploads\/2020\/01\/DZ06.pdf\">Rozdzia\u0142 6. Wizyta na Pok\u0105tnej<\/a><br \/>\n<a href=\"http:\/\/www.accio.pl\/hp9\/wp-content\/uploads\/2020\/01\/DZ07.pdf\">Rozdzia\u0142 7. Kapeluszak<\/a><br \/>\n<a href=\"http:\/\/www.accio.pl\/hp9\/wp-content\/uploads\/2020\/01\/DZ08.pdf\">Rozdzia\u0142 8. Nowy przedmiot nauczania<\/a><br \/>\n<a href=\"http:\/\/www.accio.pl\/hp9\/wp-content\/uploads\/2020\/03\/DZ09.pdf\">Rozdzia\u0142 9. Czwarte zakl\u0119cie<\/a><br \/>\n<a href=\"http:\/\/www.accio.pl\/hp9\/wp-content\/uploads\/2020\/03\/DZ10_poprawka.pdf\">Rozdzia\u0142 10. Najwi\u0119ksze marzenie Rona<\/a><br \/>\n<a href=\"http:\/\/www.accio.pl\/hp9\/wp-content\/uploads\/2020\/03\/DZ11.pdf\">Rozdzia\u0142 11. Plotki, k\u0142amstwa i pom\u00f3wienia<\/a><br \/>\n<a href=\"http:\/\/www.accio.pl\/hp9\/wp-content\/uploads\/2020\/03\/DZ12_ilustracja.pdf\">Rozdzia\u0142 12. Wizyta i nieporozumienie<\/a><br \/>\n<a href=\"http:\/\/www.accio.pl\/hp9\/wp-content\/uploads\/2020\/03\/DZ13.pdf\">Rozdzia\u0142 13. Pogaw\u0119dki z duchami<\/a><br \/>\n<a href=\"http:\/\/www.accio.pl\/hp9\/wp-content\/uploads\/2020\/03\/DZ14.pdf\">Rozdzia\u0142 14. Nowe dekrety Ministra Magii<\/a><br \/>\n<a href=\"http:\/\/www.accio.pl\/hp9\/wp-content\/uploads\/2020\/03\/DZ15.pdf\">Rozdzia\u0142 15. Widmo i Przyjaciel<\/a><br \/>\n<a href=\"http:\/\/www.accio.pl\/hp9\/wp-content\/uploads\/2020\/03\/DZ16_poprawka.pdf\">Rozdzia\u0142 16. Domys\u0142y i podejrzenia<\/a><br \/>\n<a href=\"http:\/\/www.accio.pl\/hp9\/wp-content\/uploads\/2020\/03\/DZ17.pdf\">Rozdzia\u0142 17. Niedoko\u0144czony pojedynek<\/a><br \/>\n<a href=\"http:\/\/www.accio.pl\/hp9\/wp-content\/uploads\/2020\/03\/DZ18.pdf\">Rozdzia\u0142 18. Okrutna zemsta<\/a><br \/>\n<\/strong><strong><a href=\"http:\/\/www.accio.pl\/hp9\/wp-content\/uploads\/2020\/03\/DZ19.pdf\">Rozdzia\u0142 19. Teoria Hermiony<\/a><br \/>\n<a href=\"http:\/\/www.accio.pl\/hp9\/wp-content\/uploads\/2020\/04\/DZ20.pdf\">Rozdzia\u0142 20. Na ratunek goblinom<\/a><br \/>\n<a href=\"http:\/\/www.accio.pl\/hp9\/wp-content\/uploads\/2020\/04\/DZ21.pdf\">Rozdzia\u0142 21. Wyznania i rozstania<\/a><br \/>\n<a href=\"http:\/\/www.accio.pl\/hp9\/wp-content\/uploads\/2020\/04\/DZ22.pdf\">Rozdzia\u0142 22. Podst\u0119p<\/a><br \/>\n<a href=\"http:\/\/www.accio.pl\/hp9\/wp-content\/uploads\/2020\/04\/DZ23.pdf\">Rozdzia\u0142 23. Handlarz i morderca<\/a><br \/>\n<a href=\"http:\/\/www.accio.pl\/hp9\/wp-content\/uploads\/2020\/04\/DZ24.pdf\">Rozdzia\u0142 24. Pomoc z nieoczekiwanej strony<\/a><br \/>\n<a href=\"http:\/\/www.accio.pl\/hp9\/wp-content\/uploads\/2020\/04\/DZ25.pdf\">Rozdzia\u0142 25. To\u017csamo\u015b\u0107 metamorfomaga<\/a><br \/>\n<a href=\"http:\/\/www.accio.pl\/hp9\/wp-content\/uploads\/2020\/04\/DZ26.pdf\">Rozdzia\u0142 26. \u015aladem czterech biurek<\/a><br \/>\n<a href=\"http:\/\/www.accio.pl\/hp9\/wp-content\/uploads\/2020\/05\/DZ27.pdf\">Rozdzia\u0142 27. Pokorek i Minister<\/a><br \/>\n<a href=\"http:\/\/www.accio.pl\/hp9\/wp-content\/uploads\/2020\/05\/DZ28.pdf\">Rozdzia\u0142 28. Zaskakuj\u0105ce odkrycie Neville\u2019a<\/a><br \/>\n<a href=\"http:\/\/www.accio.pl\/hp9\/wp-content\/uploads\/2020\/05\/DZ29.pdf\">Rozdzia\u0142 29. Deponent Za\u0142o\u017cycieli<\/a><br \/>\n<a href=\"http:\/\/www.accio.pl\/hp9\/wp-content\/uploads\/2020\/05\/DZ30.pdf\">Rozdzia\u0142 30. Po w\u0142a\u015bciwej stronie<\/a><br \/>\n<a href=\"http:\/\/www.accio.pl\/hp9\/wp-content\/uploads\/2020\/05\/DZ31.pdf\">Rozdzia\u0142 31. Depozytariusz<\/a><br \/>\n<a href=\"http:\/\/www.accio.pl\/hp9\/wp-content\/uploads\/2020\/05\/DZ32.pdf\">Rozdzia\u0142 32. Z pomoc\u0105 trojga przyjaci\u00f3\u0142<\/a><br \/>\n<a href=\"http:\/\/www.accio.pl\/hp9\/wp-content\/uploads\/2020\/05\/DZ33.pdf\">Rozdzia\u0142 33. Nadzwyczajna narada<\/a><br \/>\n<a href=\"http:\/\/www.accio.pl\/hp9\/wp-content\/uploads\/2021\/01\/HP9-komentarze-X-2020.pdf\">Komentarze do wybranych rozdzia\u0142\u00f3w<\/a><br \/>\n<a href=\"http:\/\/www.accio.pl\/hp9\/wp-content\/uploads\/2021\/01\/HP9-slownik-X-2020.pdf\">S\u0142owniczek poj\u0119\u0107<\/a><\/strong><\/p>\n<p>&nbsp;<\/p>\n","protected":false},"excerpt":{"rendered":"<p>OPIS FABU\u0141Y Zmuszony przez Rad\u0119 Nadzorcz\u0105 szko\u0142y Harry Potter sprowadza si\u0119 z rodzin\u0105 do Hogsmeade i kontynuuje prac\u0119 w Hogwarcie. Zaskakuj\u0105cy przebieg Ceremonii Przydzia\u0142u staje si\u0119 dla niego pocz\u0105tkiem drogi do odkrycia szokuj\u0105cej prawdy na temat przesz\u0142o\u015bci za\u0142o\u017cycieli szko\u0142y.\u00a0 Obawiaj\u0105c si\u0119 rych\u0142ego powrotu W\u0119\u017cowego J\u0119zyka, Harry prze\u017cywa wielk\u0105 osobist\u0105 tragedi\u0119, wpada na trop hodowcy niebezpiecznych fantastycznych zwierz\u0105t, oraz zmaga si\u0119 z licznymi intrygami kogo\u015b, kto z ca\u0142ych si\u0142 stara si\u0119 uprzykrzy\u0107 mu \u017cycie. Powr\u00f3t Lisy Turpin mocno komplikuje jego \u017cycie osobiste i budzi uczucia, o kt\u00f3rych istnieniu nie mia\u0142 poj\u0119cia. &nbsp; SPIS TRE\u015aCI Rozdzia\u0142 1. Dotrzymana obietnica Rozdzia\u0142 2. Ceremonia zaprzysi\u0119\u017cenia Rozdzia\u0142 3. K\u0142opotliwy list Rozdzia\u0142 4. Niespodziewana wizyta Rozdzia\u0142 5. Trudne zadanie Rozdzia\u0142 6. Wizyta na Pok\u0105tnej Rozdzia\u0142 7. Kapeluszak Rozdzia\u0142 8. Nowy przedmiot nauczania Rozdzia\u0142 9. Czwarte zakl\u0119cie Rozdzia\u0142 10. Najwi\u0119ksze marzenie Rona Rozdzia\u0142 11. Plotki, k\u0142amstwa i pom\u00f3wienia Rozdzia\u0142 12. Wizyta i nieporozumienie Rozdzia\u0142 13. Pogaw\u0119dki z duchami Rozdzia\u0142 14. Nowe dekrety Ministra Magii Rozdzia\u0142 15. Widmo i Przyjaciel Rozdzia\u0142 16. Domys\u0142y i podejrzenia Rozdzia\u0142 17. Niedoko\u0144czony pojedynek Rozdzia\u0142 18. Okrutna zemsta Rozdzia\u0142 19. Teoria Hermiony Rozdzia\u0142 20. Na ratunek goblinom Rozdzia\u0142 21. Wyznania i rozstania Rozdzia\u0142 22. Podst\u0119p Rozdzia\u0142 23. Handlarz i morderca Rozdzia\u0142 24. Pomoc z nieoczekiwanej strony Rozdzia\u0142 25. To\u017csamo\u015b\u0107 metamorfomaga Rozdzia\u0142 26. \u015aladem czterech biurek Rozdzia\u0142 27. Pokorek i Minister Rozdzia\u0142 28. Zaskakuj\u0105ce odkrycie Neville\u2019a Rozdzia\u0142 29. Deponent Za\u0142o\u017cycieli Rozdzia\u0142 30. Po w\u0142a\u015bciwej stronie Rozdzia\u0142 31. Depozytariusz Rozdzia\u0142 32. Z pomoc\u0105 trojga przyjaci\u00f3\u0142 Rozdzia\u0142 33. Nadzwyczajna narada Komentarze do wybranych rozdzia\u0142\u00f3w S\u0142owniczek poj\u0119\u0107 &nbsp;<\/p>\n","protected":false},"author":1,"featured_media":0,"parent":0,"menu_order":0,"comment_status":"open","ping_status":"closed","template":"elementor_header_footer","meta":{"footnotes":""},"class_list":["post-2283","page","type-page","status-publish","hentry"],"yoast_head":"<!-- This site is optimized with the Yoast SEO plugin v27.4 - https:\/\/yoast.com\/product\/yoast-seo-wordpress\/ -->\n<title>Harry Potter i Deponent Za\u0142o\u017cycieli (tom 2) online - Accio.pl<\/title>\n<meta name=\"robots\" content=\"index, follow, max-snippet:-1, max-image-preview:large, max-video-preview:-1\" \/>\n<link rel=\"canonical\" href=\"https:\/\/accio.pl\/hp9\/pw\/\" \/>\n<meta property=\"og:locale\" content=\"pl_PL\" \/>\n<meta property=\"og:type\" content=\"article\" \/>\n<meta property=\"og:title\" content=\"Harry Potter i Deponent Za\u0142o\u017cycieli (tom 2) online - Accio.pl\" \/>\n<meta property=\"og:description\" content=\"OPIS FABU\u0141Y Zmuszony przez Rad\u0119 Nadzorcz\u0105 szko\u0142y Harry Potter sprowadza si\u0119 z rodzin\u0105 do Hogsmeade i kontynuuje prac\u0119 w Hogwarcie. Zaskakuj\u0105cy przebieg Ceremonii Przydzia\u0142u staje si\u0119 dla niego pocz\u0105tkiem drogi do odkrycia szokuj\u0105cej prawdy na temat przesz\u0142o\u015bci za\u0142o\u017cycieli szko\u0142y.\u00a0 Obawiaj\u0105c si\u0119 rych\u0142ego powrotu W\u0119\u017cowego J\u0119zyka, Harry prze\u017cywa wielk\u0105 osobist\u0105 tragedi\u0119, wpada na trop hodowcy niebezpiecznych fantastycznych zwierz\u0105t, oraz zmaga si\u0119 z licznymi intrygami kogo\u015b, kto z ca\u0142ych si\u0142 stara si\u0119 uprzykrzy\u0107 mu \u017cycie. Powr\u00f3t Lisy Turpin mocno komplikuje jego \u017cycie osobiste i budzi uczucia, o kt\u00f3rych istnieniu nie mia\u0142 poj\u0119cia. &nbsp; SPIS TRE\u015aCI Rozdzia\u0142 1. Dotrzymana obietnica Rozdzia\u0142 2. Ceremonia zaprzysi\u0119\u017cenia Rozdzia\u0142 3. K\u0142opotliwy list Rozdzia\u0142 4. Niespodziewana wizyta Rozdzia\u0142 5. Trudne zadanie Rozdzia\u0142 6. Wizyta na Pok\u0105tnej Rozdzia\u0142 7. Kapeluszak Rozdzia\u0142 8. Nowy przedmiot nauczania Rozdzia\u0142 9. Czwarte zakl\u0119cie Rozdzia\u0142 10. Najwi\u0119ksze marzenie Rona Rozdzia\u0142 11. Plotki, k\u0142amstwa i pom\u00f3wienia Rozdzia\u0142 12. Wizyta i nieporozumienie Rozdzia\u0142 13. Pogaw\u0119dki z duchami Rozdzia\u0142 14. Nowe dekrety Ministra Magii Rozdzia\u0142 15. Widmo i Przyjaciel Rozdzia\u0142 16. Domys\u0142y i podejrzenia Rozdzia\u0142 17. Niedoko\u0144czony pojedynek Rozdzia\u0142 18. Okrutna zemsta Rozdzia\u0142 19. Teoria Hermiony Rozdzia\u0142 20. Na ratunek goblinom Rozdzia\u0142 21. Wyznania i rozstania Rozdzia\u0142 22. Podst\u0119p Rozdzia\u0142 23. Handlarz i morderca Rozdzia\u0142 24. Pomoc z nieoczekiwanej strony Rozdzia\u0142 25. To\u017csamo\u015b\u0107 metamorfomaga Rozdzia\u0142 26. \u015aladem czterech biurek Rozdzia\u0142 27. Pokorek i Minister Rozdzia\u0142 28. Zaskakuj\u0105ce odkrycie Neville\u2019a Rozdzia\u0142 29. Deponent Za\u0142o\u017cycieli Rozdzia\u0142 30. Po w\u0142a\u015bciwej stronie Rozdzia\u0142 31. Depozytariusz Rozdzia\u0142 32. Z pomoc\u0105 trojga przyjaci\u00f3\u0142 Rozdzia\u0142 33. Nadzwyczajna narada Komentarze do wybranych rozdzia\u0142\u00f3w S\u0142owniczek poj\u0119\u0107 &nbsp;\" \/>\n<meta property=\"og:url\" content=\"https:\/\/accio.pl\/hp9\/pw\/\" \/>\n<meta property=\"og:site_name\" content=\"Accio.pl\" \/>\n<meta property=\"article:modified_time\" content=\"2021-03-13T01:32:57+00:00\" \/>\n<meta property=\"og:image\" content=\"http:\/\/www.accio.pl\/hp9\/wp-content\/uploads\/2021\/03\/hp9_got2aba.jpg\" \/>\n<meta name=\"twitter:card\" content=\"summary_large_image\" \/>\n<meta name=\"twitter:label1\" content=\"Szacowany czas czytania\" \/>\n\t<meta name=\"twitter:data1\" content=\"1 minuta\" \/>\n<script type=\"application\/ld+json\" class=\"yoast-schema-graph\">{\"@context\":\"https:\\\/\\\/schema.org\",\"@graph\":[{\"@type\":\"WebPage\",\"@id\":\"https:\\\/\\\/accio.pl\\\/hp9\\\/pw\\\/\",\"url\":\"https:\\\/\\\/accio.pl\\\/hp9\\\/pw\\\/\",\"name\":\"Harry Potter i Deponent Za\u0142o\u017cycieli (tom 2) online - Accio.pl\",\"isPartOf\":{\"@id\":\"https:\\\/\\\/accio.pl\\\/hp9\\\/#website\"},\"primaryImageOfPage\":{\"@id\":\"https:\\\/\\\/accio.pl\\\/hp9\\\/pw\\\/#primaryimage\"},\"image\":{\"@id\":\"https:\\\/\\\/accio.pl\\\/hp9\\\/pw\\\/#primaryimage\"},\"thumbnailUrl\":\"http:\\\/\\\/www.accio.pl\\\/hp9\\\/wp-content\\\/uploads\\\/2021\\\/03\\\/hp9_got2aba.jpg\",\"datePublished\":\"2021-03-12T23:05:01+00:00\",\"dateModified\":\"2021-03-13T01:32:57+00:00\",\"breadcrumb\":{\"@id\":\"https:\\\/\\\/accio.pl\\\/hp9\\\/pw\\\/#breadcrumb\"},\"inLanguage\":\"pl-PL\",\"potentialAction\":[{\"@type\":\"ReadAction\",\"target\":[\"https:\\\/\\\/accio.pl\\\/hp9\\\/pw\\\/\"]}]},{\"@type\":\"ImageObject\",\"inLanguage\":\"pl-PL\",\"@id\":\"https:\\\/\\\/accio.pl\\\/hp9\\\/pw\\\/#primaryimage\",\"url\":\"http:\\\/\\\/www.accio.pl\\\/hp9\\\/wp-content\\\/uploads\\\/2021\\\/03\\\/hp9_got2aba.jpg\",\"contentUrl\":\"http:\\\/\\\/www.accio.pl\\\/hp9\\\/wp-content\\\/uploads\\\/2021\\\/03\\\/hp9_got2aba.jpg\"},{\"@type\":\"BreadcrumbList\",\"@id\":\"https:\\\/\\\/accio.pl\\\/hp9\\\/pw\\\/#breadcrumb\",\"itemListElement\":[{\"@type\":\"ListItem\",\"position\":1,\"name\":\"Strona g\u0142\u00f3wna\",\"item\":\"https:\\\/\\\/accio.pl\\\/hp9\\\/\"},{\"@type\":\"ListItem\",\"position\":2,\"name\":\"Harry Potter i Deponent Za\u0142o\u017cycieli (tom 2) online\"}]},{\"@type\":\"WebSite\",\"@id\":\"https:\\\/\\\/accio.pl\\\/hp9\\\/#website\",\"url\":\"https:\\\/\\\/accio.pl\\\/hp9\\\/\",\"name\":\"Accio.pl\",\"description\":\"Przywo\u0142aj magi\u0119 sprzed lat!\",\"publisher\":{\"@id\":\"https:\\\/\\\/accio.pl\\\/hp9\\\/#organization\"},\"potentialAction\":[{\"@type\":\"SearchAction\",\"target\":{\"@type\":\"EntryPoint\",\"urlTemplate\":\"https:\\\/\\\/accio.pl\\\/hp9\\\/?s={search_term_string}\"},\"query-input\":{\"@type\":\"PropertyValueSpecification\",\"valueRequired\":true,\"valueName\":\"search_term_string\"}}],\"inLanguage\":\"pl-PL\"},{\"@type\":\"Organization\",\"@id\":\"https:\\\/\\\/accio.pl\\\/hp9\\\/#organization\",\"name\":\"Accio.pl\",\"url\":\"https:\\\/\\\/accio.pl\\\/hp9\\\/\",\"logo\":{\"@type\":\"ImageObject\",\"inLanguage\":\"pl-PL\",\"@id\":\"https:\\\/\\\/accio.pl\\\/hp9\\\/#\\\/schema\\\/logo\\\/image\\\/\",\"url\":\"https:\\\/\\\/accio.pl\\\/hp9\\\/wp-content\\\/uploads\\\/2026\\\/02\\\/logo_accio2026b.png\",\"contentUrl\":\"https:\\\/\\\/accio.pl\\\/hp9\\\/wp-content\\\/uploads\\\/2026\\\/02\\\/logo_accio2026b.png\",\"width\":370,\"height\":150,\"caption\":\"Accio.pl\"},\"image\":{\"@id\":\"https:\\\/\\\/accio.pl\\\/hp9\\\/#\\\/schema\\\/logo\\\/image\\\/\"}}]}<\/script>\n<!-- \/ Yoast SEO plugin. -->","yoast_head_json":{"title":"Harry Potter i Deponent Za\u0142o\u017cycieli (tom 2) online - Accio.pl","robots":{"index":"index","follow":"follow","max-snippet":"max-snippet:-1","max-image-preview":"max-image-preview:large","max-video-preview":"max-video-preview:-1"},"canonical":"https:\/\/accio.pl\/hp9\/pw\/","og_locale":"pl_PL","og_type":"article","og_title":"Harry Potter i Deponent Za\u0142o\u017cycieli (tom 2) online - Accio.pl","og_description":"OPIS FABU\u0141Y Zmuszony przez Rad\u0119 Nadzorcz\u0105 szko\u0142y Harry Potter sprowadza si\u0119 z rodzin\u0105 do Hogsmeade i kontynuuje prac\u0119 w Hogwarcie. Zaskakuj\u0105cy przebieg Ceremonii Przydzia\u0142u staje si\u0119 dla niego pocz\u0105tkiem drogi do odkrycia szokuj\u0105cej prawdy na temat przesz\u0142o\u015bci za\u0142o\u017cycieli szko\u0142y.\u00a0 Obawiaj\u0105c si\u0119 rych\u0142ego powrotu W\u0119\u017cowego J\u0119zyka, Harry prze\u017cywa wielk\u0105 osobist\u0105 tragedi\u0119, wpada na trop hodowcy niebezpiecznych fantastycznych zwierz\u0105t, oraz zmaga si\u0119 z licznymi intrygami kogo\u015b, kto z ca\u0142ych si\u0142 stara si\u0119 uprzykrzy\u0107 mu \u017cycie. Powr\u00f3t Lisy Turpin mocno komplikuje jego \u017cycie osobiste i budzi uczucia, o kt\u00f3rych istnieniu nie mia\u0142 poj\u0119cia. &nbsp; SPIS TRE\u015aCI Rozdzia\u0142 1. Dotrzymana obietnica Rozdzia\u0142 2. Ceremonia zaprzysi\u0119\u017cenia Rozdzia\u0142 3. K\u0142opotliwy list Rozdzia\u0142 4. Niespodziewana wizyta Rozdzia\u0142 5. Trudne zadanie Rozdzia\u0142 6. Wizyta na Pok\u0105tnej Rozdzia\u0142 7. Kapeluszak Rozdzia\u0142 8. Nowy przedmiot nauczania Rozdzia\u0142 9. Czwarte zakl\u0119cie Rozdzia\u0142 10. Najwi\u0119ksze marzenie Rona Rozdzia\u0142 11. Plotki, k\u0142amstwa i pom\u00f3wienia Rozdzia\u0142 12. Wizyta i nieporozumienie Rozdzia\u0142 13. Pogaw\u0119dki z duchami Rozdzia\u0142 14. Nowe dekrety Ministra Magii Rozdzia\u0142 15. Widmo i Przyjaciel Rozdzia\u0142 16. Domys\u0142y i podejrzenia Rozdzia\u0142 17. Niedoko\u0144czony pojedynek Rozdzia\u0142 18. Okrutna zemsta Rozdzia\u0142 19. Teoria Hermiony Rozdzia\u0142 20. Na ratunek goblinom Rozdzia\u0142 21. Wyznania i rozstania Rozdzia\u0142 22. Podst\u0119p Rozdzia\u0142 23. Handlarz i morderca Rozdzia\u0142 24. Pomoc z nieoczekiwanej strony Rozdzia\u0142 25. To\u017csamo\u015b\u0107 metamorfomaga Rozdzia\u0142 26. \u015aladem czterech biurek Rozdzia\u0142 27. Pokorek i Minister Rozdzia\u0142 28. Zaskakuj\u0105ce odkrycie Neville\u2019a Rozdzia\u0142 29. Deponent Za\u0142o\u017cycieli Rozdzia\u0142 30. Po w\u0142a\u015bciwej stronie Rozdzia\u0142 31. Depozytariusz Rozdzia\u0142 32. Z pomoc\u0105 trojga przyjaci\u00f3\u0142 Rozdzia\u0142 33. Nadzwyczajna narada Komentarze do wybranych rozdzia\u0142\u00f3w S\u0142owniczek poj\u0119\u0107 &nbsp;","og_url":"https:\/\/accio.pl\/hp9\/pw\/","og_site_name":"Accio.pl","article_modified_time":"2021-03-13T01:32:57+00:00","og_image":[{"url":"http:\/\/www.accio.pl\/hp9\/wp-content\/uploads\/2021\/03\/hp9_got2aba.jpg","type":"","width":"","height":""}],"twitter_card":"summary_large_image","twitter_misc":{"Szacowany czas czytania":"1 minuta"},"schema":{"@context":"https:\/\/schema.org","@graph":[{"@type":"WebPage","@id":"https:\/\/accio.pl\/hp9\/pw\/","url":"https:\/\/accio.pl\/hp9\/pw\/","name":"Harry Potter i Deponent Za\u0142o\u017cycieli (tom 2) online - Accio.pl","isPartOf":{"@id":"https:\/\/accio.pl\/hp9\/#website"},"primaryImageOfPage":{"@id":"https:\/\/accio.pl\/hp9\/pw\/#primaryimage"},"image":{"@id":"https:\/\/accio.pl\/hp9\/pw\/#primaryimage"},"thumbnailUrl":"http:\/\/www.accio.pl\/hp9\/wp-content\/uploads\/2021\/03\/hp9_got2aba.jpg","datePublished":"2021-03-12T23:05:01+00:00","dateModified":"2021-03-13T01:32:57+00:00","breadcrumb":{"@id":"https:\/\/accio.pl\/hp9\/pw\/#breadcrumb"},"inLanguage":"pl-PL","potentialAction":[{"@type":"ReadAction","target":["https:\/\/accio.pl\/hp9\/pw\/"]}]},{"@type":"ImageObject","inLanguage":"pl-PL","@id":"https:\/\/accio.pl\/hp9\/pw\/#primaryimage","url":"http:\/\/www.accio.pl\/hp9\/wp-content\/uploads\/2021\/03\/hp9_got2aba.jpg","contentUrl":"http:\/\/www.accio.pl\/hp9\/wp-content\/uploads\/2021\/03\/hp9_got2aba.jpg"},{"@type":"BreadcrumbList","@id":"https:\/\/accio.pl\/hp9\/pw\/#breadcrumb","itemListElement":[{"@type":"ListItem","position":1,"name":"Strona g\u0142\u00f3wna","item":"https:\/\/accio.pl\/hp9\/"},{"@type":"ListItem","position":2,"name":"Harry Potter i Deponent Za\u0142o\u017cycieli (tom 2) online"}]},{"@type":"WebSite","@id":"https:\/\/accio.pl\/hp9\/#website","url":"https:\/\/accio.pl\/hp9\/","name":"Accio.pl","description":"Przywo\u0142aj magi\u0119 sprzed lat!","publisher":{"@id":"https:\/\/accio.pl\/hp9\/#organization"},"potentialAction":[{"@type":"SearchAction","target":{"@type":"EntryPoint","urlTemplate":"https:\/\/accio.pl\/hp9\/?s={search_term_string}"},"query-input":{"@type":"PropertyValueSpecification","valueRequired":true,"valueName":"search_term_string"}}],"inLanguage":"pl-PL"},{"@type":"Organization","@id":"https:\/\/accio.pl\/hp9\/#organization","name":"Accio.pl","url":"https:\/\/accio.pl\/hp9\/","logo":{"@type":"ImageObject","inLanguage":"pl-PL","@id":"https:\/\/accio.pl\/hp9\/#\/schema\/logo\/image\/","url":"https:\/\/accio.pl\/hp9\/wp-content\/uploads\/2026\/02\/logo_accio2026b.png","contentUrl":"https:\/\/accio.pl\/hp9\/wp-content\/uploads\/2026\/02\/logo_accio2026b.png","width":370,"height":150,"caption":"Accio.pl"},"image":{"@id":"https:\/\/accio.pl\/hp9\/#\/schema\/logo\/image\/"}}]}},"_links":{"self":[{"href":"https:\/\/accio.pl\/hp9\/wp-json\/wp\/v2\/pages\/2283","targetHints":{"allow":["GET"]}}],"collection":[{"href":"https:\/\/accio.pl\/hp9\/wp-json\/wp\/v2\/pages"}],"about":[{"href":"https:\/\/accio.pl\/hp9\/wp-json\/wp\/v2\/types\/page"}],"author":[{"embeddable":true,"href":"https:\/\/accio.pl\/hp9\/wp-json\/wp\/v2\/users\/1"}],"replies":[{"embeddable":true,"href":"https:\/\/accio.pl\/hp9\/wp-json\/wp\/v2\/comments?post=2283"}],"version-history":[{"count":0,"href":"https:\/\/accio.pl\/hp9\/wp-json\/wp\/v2\/pages\/2283\/revisions"}],"wp:attachment":[{"href":"https:\/\/accio.pl\/hp9\/wp-json\/wp\/v2\/media?parent=2283"}],"curies":[{"name":"wp","href":"https:\/\/api.w.org\/{rel}","templated":true}]}}