{"id":1864,"date":"2020-09-27T21:42:41","date_gmt":"2020-09-27T19:42:41","guid":{"rendered":"http:\/\/www.accio.pl\/hp9\/?page_id=1864"},"modified":"2020-10-08T16:31:19","modified_gmt":"2020-10-08T14:31:19","slug":"darmowe-e-booki","status":"publish","type":"page","link":"https:\/\/accio.pl\/hp9\/darmowe-e-booki\/","title":{"rendered":"Darmowe e-booki"},"content":{"rendered":"<div align=\"center\">\n<p>Zach\u0119camy do pobierania i czytania darmowych e-book\u00f3w z D\u0119gi Rozszerzenia Uniwersum Pottera (DRUP).<\/p>\n<p>Ka\u017cda ksi\u0105\u017cka przygotowana jest w trzech wygodnych formatach do wyboru: <span style=\"font-size: 14pt;\"><strong>pdf<\/strong>, <strong>epub<\/strong> i <strong>mobi<\/strong><\/span>.<\/p>\n<p>&nbsp;<\/p>\n<h3>TRYLOGIA BRACTWA CZARNEJ GWIAZDY &#8211; TOM 1, 2<\/h3>\n<p>&nbsp;<\/p>\n<button class='pum-trigger  popmake-1922  ' data-do-default=''><img loading=\"lazy\" decoding=\"async\" src=\"http:\/\/www.accio.pl\/hp9\/wp-content\/uploads\/2020\/05\/1588398244-768x1024.png\" width=\"200\" height=\"267\" align=\"left\" border=\"0\"\/><\/button>\n<button class='pum-trigger  popmake-1976  ' data-do-default=''><img loading=\"lazy\" decoding=\"async\" src=\"http:\/\/www.accio.pl\/hp9\/wp-content\/uploads\/2020\/10\/1601759218.png\" width=\"200\" height=\"267\" border=\"0\"\/><\/button>\n<p>&nbsp;<\/p>\n<h3><\/h3>\n<h3>INNE POWI\u0104ZANE UTWORY<\/h3>\n<p>&nbsp;<\/p>\n<button class='pum-trigger  popmake-2055  ' data-do-default=''><img loading=\"lazy\" decoding=\"async\" src=\"http:\/\/www.accio.pl\/hp9\/wp-content\/uploads\/2020\/10\/1601583197.png\" width=\"200\" height=\"267\" border=\"0\" \/><\/button>\n<button class='pum-trigger  popmake-2059  ' data-do-default=''><img loading=\"lazy\" decoding=\"async\" src=\"http:\/\/www.accio.pl\/hp9\/wp-content\/uploads\/2020\/10\/1601583320.png\" width=\"200\" height=\"267\" border=\"0\" \/><\/button>\n<p>&nbsp;<\/p>\n<p>&nbsp;<\/p>\n<\/div>\n","protected":false},"excerpt":{"rendered":"<p>Zach\u0119camy do pobierania i czytania darmowych e-book\u00f3w z D\u0119gi Rozszerzenia Uniwersum Pottera (DRUP). Ka\u017cda ksi\u0105\u017cka przygotowana jest w trzech wygodnych formatach do wyboru: pdf, epub i mobi. &nbsp; TRYLOGIA BRACTWA CZARNEJ GWIAZDY &#8211; TOM 1, 2 &nbsp; &nbsp; INNE POWI\u0104ZANE UTWORY &nbsp; &nbsp; &nbsp;<\/p>\n","protected":false},"author":1,"featured_media":0,"parent":0,"menu_order":0,"comment_status":"closed","ping_status":"closed","template":"","meta":{"footnotes":""},"class_list":["post-1864","page","type-page","status-publish","hentry"],"yoast_head":"<!-- This site is optimized with the Yoast SEO plugin v27.5 - https:\/\/yoast.com\/product\/yoast-seo-wordpress\/ -->\n<title>Darmowe e-booki - Accio.pl<\/title>\n<meta name=\"robots\" content=\"index, follow, max-snippet:-1, max-image-preview:large, max-video-preview:-1\" \/>\n<link rel=\"canonical\" href=\"https:\/\/accio.pl\/hp9\/darmowe-e-booki\/\" \/>\n<meta property=\"og:locale\" content=\"pl_PL\" \/>\n<meta property=\"og:type\" content=\"article\" \/>\n<meta property=\"og:title\" content=\"Darmowe e-booki - Accio.pl\" \/>\n<meta property=\"og:description\" content=\"Zach\u0119camy do pobierania i czytania darmowych e-book\u00f3w z D\u0119gi Rozszerzenia Uniwersum Pottera (DRUP). Ka\u017cda ksi\u0105\u017cka przygotowana jest w trzech wygodnych formatach do wyboru: pdf, epub i mobi. &nbsp; TRYLOGIA BRACTWA CZARNEJ GWIAZDY &#8211; TOM 1, 2 &nbsp; &nbsp; INNE POWI\u0104ZANE UTWORY &nbsp; &nbsp; &nbsp;\" \/>\n<meta property=\"og:url\" content=\"https:\/\/accio.pl\/hp9\/darmowe-e-booki\/\" \/>\n<meta property=\"og:site_name\" content=\"Accio.pl\" \/>\n<meta property=\"article:modified_time\" content=\"2020-10-08T14:31:19+00:00\" \/>\n<meta property=\"og:image\" content=\"http:\/\/www.accio.pl\/hp9\/wp-content\/uploads\/2020\/05\/1588398244-768x1024.png\" \/>\n<meta name=\"twitter:card\" content=\"summary_large_image\" \/>\n<script type=\"application\/ld+json\" class=\"yoast-schema-graph\">{\"@context\":\"https:\\\/\\\/schema.org\",\"@graph\":[{\"@type\":\"WebPage\",\"@id\":\"https:\\\/\\\/accio.pl\\\/hp9\\\/darmowe-e-booki\\\/\",\"url\":\"https:\\\/\\\/accio.pl\\\/hp9\\\/darmowe-e-booki\\\/\",\"name\":\"Darmowe e-booki - Accio.pl\",\"isPartOf\":{\"@id\":\"https:\\\/\\\/accio.pl\\\/hp9\\\/#website\"},\"primaryImageOfPage\":{\"@id\":\"https:\\\/\\\/accio.pl\\\/hp9\\\/darmowe-e-booki\\\/#primaryimage\"},\"image\":{\"@id\":\"https:\\\/\\\/accio.pl\\\/hp9\\\/darmowe-e-booki\\\/#primaryimage\"},\"thumbnailUrl\":\"http:\\\/\\\/www.accio.pl\\\/hp9\\\/wp-content\\\/uploads\\\/2020\\\/05\\\/1588398244-768x1024.png\",\"datePublished\":\"2020-09-27T19:42:41+00:00\",\"dateModified\":\"2020-10-08T14:31:19+00:00\",\"breadcrumb\":{\"@id\":\"https:\\\/\\\/accio.pl\\\/hp9\\\/darmowe-e-booki\\\/#breadcrumb\"},\"inLanguage\":\"pl-PL\",\"potentialAction\":[{\"@type\":\"ReadAction\",\"target\":[\"https:\\\/\\\/accio.pl\\\/hp9\\\/darmowe-e-booki\\\/\"]}]},{\"@type\":\"ImageObject\",\"inLanguage\":\"pl-PL\",\"@id\":\"https:\\\/\\\/accio.pl\\\/hp9\\\/darmowe-e-booki\\\/#primaryimage\",\"url\":\"http:\\\/\\\/www.accio.pl\\\/hp9\\\/wp-content\\\/uploads\\\/2020\\\/05\\\/1588398244-768x1024.png\",\"contentUrl\":\"http:\\\/\\\/www.accio.pl\\\/hp9\\\/wp-content\\\/uploads\\\/2020\\\/05\\\/1588398244-768x1024.png\"},{\"@type\":\"BreadcrumbList\",\"@id\":\"https:\\\/\\\/accio.pl\\\/hp9\\\/darmowe-e-booki\\\/#breadcrumb\",\"itemListElement\":[{\"@type\":\"ListItem\",\"position\":1,\"name\":\"Strona g\u0142\u00f3wna\",\"item\":\"https:\\\/\\\/accio.pl\\\/hp9\\\/\"},{\"@type\":\"ListItem\",\"position\":2,\"name\":\"Darmowe e-booki\"}]},{\"@type\":\"WebSite\",\"@id\":\"https:\\\/\\\/accio.pl\\\/hp9\\\/#website\",\"url\":\"https:\\\/\\\/accio.pl\\\/hp9\\\/\",\"name\":\"Accio.pl\",\"description\":\"Przywo\u0142aj magi\u0119 sprzed lat!\",\"publisher\":{\"@id\":\"https:\\\/\\\/accio.pl\\\/hp9\\\/#organization\"},\"potentialAction\":[{\"@type\":\"SearchAction\",\"target\":{\"@type\":\"EntryPoint\",\"urlTemplate\":\"https:\\\/\\\/accio.pl\\\/hp9\\\/?s={search_term_string}\"},\"query-input\":{\"@type\":\"PropertyValueSpecification\",\"valueRequired\":true,\"valueName\":\"search_term_string\"}}],\"inLanguage\":\"pl-PL\"},{\"@type\":\"Organization\",\"@id\":\"https:\\\/\\\/accio.pl\\\/hp9\\\/#organization\",\"name\":\"Accio.pl\",\"url\":\"https:\\\/\\\/accio.pl\\\/hp9\\\/\",\"logo\":{\"@type\":\"ImageObject\",\"inLanguage\":\"pl-PL\",\"@id\":\"https:\\\/\\\/accio.pl\\\/hp9\\\/#\\\/schema\\\/logo\\\/image\\\/\",\"url\":\"https:\\\/\\\/accio.pl\\\/hp9\\\/wp-content\\\/uploads\\\/2026\\\/02\\\/logo_accio2026b.png\",\"contentUrl\":\"https:\\\/\\\/accio.pl\\\/hp9\\\/wp-content\\\/uploads\\\/2026\\\/02\\\/logo_accio2026b.png\",\"width\":370,\"height\":150,\"caption\":\"Accio.pl\"},\"image\":{\"@id\":\"https:\\\/\\\/accio.pl\\\/hp9\\\/#\\\/schema\\\/logo\\\/image\\\/\"}}]}<\/script>\n<!-- \/ Yoast SEO plugin. -->","yoast_head_json":{"title":"Darmowe e-booki - Accio.pl","robots":{"index":"index","follow":"follow","max-snippet":"max-snippet:-1","max-image-preview":"max-image-preview:large","max-video-preview":"max-video-preview:-1"},"canonical":"https:\/\/accio.pl\/hp9\/darmowe-e-booki\/","og_locale":"pl_PL","og_type":"article","og_title":"Darmowe e-booki - Accio.pl","og_description":"Zach\u0119camy do pobierania i czytania darmowych e-book\u00f3w z D\u0119gi Rozszerzenia Uniwersum Pottera (DRUP). Ka\u017cda ksi\u0105\u017cka przygotowana jest w trzech wygodnych formatach do wyboru: pdf, epub i mobi. &nbsp; TRYLOGIA BRACTWA CZARNEJ GWIAZDY &#8211; TOM 1, 2 &nbsp; &nbsp; INNE POWI\u0104ZANE UTWORY &nbsp; &nbsp; &nbsp;","og_url":"https:\/\/accio.pl\/hp9\/darmowe-e-booki\/","og_site_name":"Accio.pl","article_modified_time":"2020-10-08T14:31:19+00:00","og_image":[{"url":"http:\/\/www.accio.pl\/hp9\/wp-content\/uploads\/2020\/05\/1588398244-768x1024.png","type":"","width":"","height":""}],"twitter_card":"summary_large_image","schema":{"@context":"https:\/\/schema.org","@graph":[{"@type":"WebPage","@id":"https:\/\/accio.pl\/hp9\/darmowe-e-booki\/","url":"https:\/\/accio.pl\/hp9\/darmowe-e-booki\/","name":"Darmowe e-booki - Accio.pl","isPartOf":{"@id":"https:\/\/accio.pl\/hp9\/#website"},"primaryImageOfPage":{"@id":"https:\/\/accio.pl\/hp9\/darmowe-e-booki\/#primaryimage"},"image":{"@id":"https:\/\/accio.pl\/hp9\/darmowe-e-booki\/#primaryimage"},"thumbnailUrl":"http:\/\/www.accio.pl\/hp9\/wp-content\/uploads\/2020\/05\/1588398244-768x1024.png","datePublished":"2020-09-27T19:42:41+00:00","dateModified":"2020-10-08T14:31:19+00:00","breadcrumb":{"@id":"https:\/\/accio.pl\/hp9\/darmowe-e-booki\/#breadcrumb"},"inLanguage":"pl-PL","potentialAction":[{"@type":"ReadAction","target":["https:\/\/accio.pl\/hp9\/darmowe-e-booki\/"]}]},{"@type":"ImageObject","inLanguage":"pl-PL","@id":"https:\/\/accio.pl\/hp9\/darmowe-e-booki\/#primaryimage","url":"http:\/\/www.accio.pl\/hp9\/wp-content\/uploads\/2020\/05\/1588398244-768x1024.png","contentUrl":"http:\/\/www.accio.pl\/hp9\/wp-content\/uploads\/2020\/05\/1588398244-768x1024.png"},{"@type":"BreadcrumbList","@id":"https:\/\/accio.pl\/hp9\/darmowe-e-booki\/#breadcrumb","itemListElement":[{"@type":"ListItem","position":1,"name":"Strona g\u0142\u00f3wna","item":"https:\/\/accio.pl\/hp9\/"},{"@type":"ListItem","position":2,"name":"Darmowe e-booki"}]},{"@type":"WebSite","@id":"https:\/\/accio.pl\/hp9\/#website","url":"https:\/\/accio.pl\/hp9\/","name":"Accio.pl","description":"Przywo\u0142aj magi\u0119 sprzed lat!","publisher":{"@id":"https:\/\/accio.pl\/hp9\/#organization"},"potentialAction":[{"@type":"SearchAction","target":{"@type":"EntryPoint","urlTemplate":"https:\/\/accio.pl\/hp9\/?s={search_term_string}"},"query-input":{"@type":"PropertyValueSpecification","valueRequired":true,"valueName":"search_term_string"}}],"inLanguage":"pl-PL"},{"@type":"Organization","@id":"https:\/\/accio.pl\/hp9\/#organization","name":"Accio.pl","url":"https:\/\/accio.pl\/hp9\/","logo":{"@type":"ImageObject","inLanguage":"pl-PL","@id":"https:\/\/accio.pl\/hp9\/#\/schema\/logo\/image\/","url":"https:\/\/accio.pl\/hp9\/wp-content\/uploads\/2026\/02\/logo_accio2026b.png","contentUrl":"https:\/\/accio.pl\/hp9\/wp-content\/uploads\/2026\/02\/logo_accio2026b.png","width":370,"height":150,"caption":"Accio.pl"},"image":{"@id":"https:\/\/accio.pl\/hp9\/#\/schema\/logo\/image\/"}}]}},"_links":{"self":[{"href":"https:\/\/accio.pl\/hp9\/wp-json\/wp\/v2\/pages\/1864","targetHints":{"allow":["GET"]}}],"collection":[{"href":"https:\/\/accio.pl\/hp9\/wp-json\/wp\/v2\/pages"}],"about":[{"href":"https:\/\/accio.pl\/hp9\/wp-json\/wp\/v2\/types\/page"}],"author":[{"embeddable":true,"href":"https:\/\/accio.pl\/hp9\/wp-json\/wp\/v2\/users\/1"}],"replies":[{"embeddable":true,"href":"https:\/\/accio.pl\/hp9\/wp-json\/wp\/v2\/comments?post=1864"}],"version-history":[{"count":0,"href":"https:\/\/accio.pl\/hp9\/wp-json\/wp\/v2\/pages\/1864\/revisions"}],"wp:attachment":[{"href":"https:\/\/accio.pl\/hp9\/wp-json\/wp\/v2\/media?parent=1864"}],"curies":[{"name":"wp","href":"https:\/\/api.w.org\/{rel}","templated":true}]}}