{"id":1839,"date":"2020-09-27T12:23:08","date_gmt":"2020-09-27T10:23:08","guid":{"rendered":"http:\/\/www.accio.pl\/hp9\/?page_id=1839"},"modified":"2026-02-19T10:28:49","modified_gmt":"2026-02-19T09:28:49","slug":"inne-opowiadania-z-drup-u","status":"publish","type":"page","link":"https:\/\/accio.pl\/hp9\/inne-opowiadania-z-drup-u\/","title":{"rendered":"Inne opowiadania z DRUP-u"},"content":{"rendered":"<div align=\"center\">\n<table border=\"0\" cellspacing=\"0\" cellpadding=\"0\"><!-- MSTableType=\"nolayout\" --><\/p>\n<tbody>\n<tr>\n<td style=\"text-align: center;\" align=\"center\"><a href=\"http:\/\/www.accio.pl\/hp9\/index.php\/martin-gande\/\"><br \/>\n<img loading=\"lazy\" decoding=\"async\" class=\"alignnone size-medium wp-image-2262\" src=\"http:\/\/accio.pl\/hp9\/wp-content\/uploads\/2026\/02\/mg1_okl3d_2_small.png\" alt=\"\" width=\"300\" height=\"230\" \/><\/a><\/td>\n<td style=\"text-align: center;\" align=\"center\"><a href=\"http:\/\/www.accio.pl\/hp9\/index.php\/tempus-fatum\/\"><br \/>\n<img loading=\"lazy\" decoding=\"async\" class=\"alignnone size-medium wp-image-2264\" src=\"http:\/\/accio.pl\/hp9\/wp-content\/uploads\/2026\/02\/tempus_3d_mini.png\" alt=\"\" width=\"300\" height=\"228\" \/><\/a><\/td>\n<\/tr>\n<tr>\n<td style=\"text-align: center;\" align=\"center\"><b>MARTIN GANDE<br \/>\ni cuchn\u0105cy \u015bmierci\u0105 manipulant czasowy<\/b><\/td>\n<td style=\"text-align: center;\" align=\"center\"><b>HARRY POTTER<br \/>\ni Tempus Fatum<\/b><\/td>\n<\/tr>\n<tr>\n<td style=\"text-align: center;\" align=\"center\">&nbsp;<\/td>\n<td style=\"text-align: center;\" align=\"center\">&nbsp;<\/td>\n<\/tr>\n<tr>\n<td style=\"text-align: center;\" align=\"center\">\n<a href=\"http:\/\/www.accio.pl\/hp9\/index.php\/2019\/11\/02\/dzien-ktory-wszystko-zmienil\/\"><img loading=\"lazy\" decoding=\"async\" class=\"alignnone size-medium wp-image-2533\" src=\"http:\/\/accio.pl\/hp9\/wp-content\/uploads\/2026\/02\/ChatGPT-Image-3-lut-2026-13_37_31-300x300.png\" alt=\"\" width=\"300\" height=\"300\" srcset=\"https:\/\/accio.pl\/hp9\/wp-content\/uploads\/2026\/02\/ChatGPT-Image-3-lut-2026-13_37_31-300x300.png 300w, https:\/\/accio.pl\/hp9\/wp-content\/uploads\/2026\/02\/ChatGPT-Image-3-lut-2026-13_37_31-150x150.png 150w, https:\/\/accio.pl\/hp9\/wp-content\/uploads\/2026\/02\/ChatGPT-Image-3-lut-2026-13_37_31-768x768.png 768w, https:\/\/accio.pl\/hp9\/wp-content\/uploads\/2026\/02\/ChatGPT-Image-3-lut-2026-13_37_31-50x50.png 50w, https:\/\/accio.pl\/hp9\/wp-content\/uploads\/2026\/02\/ChatGPT-Image-3-lut-2026-13_37_31-75x75.png 75w, https:\/\/accio.pl\/hp9\/wp-content\/uploads\/2026\/02\/ChatGPT-Image-3-lut-2026-13_37_31.png 1024w\" sizes=\"auto, (max-width: 300px) 100vw, 300px\" \/><\/a><\/td>\n<td style=\"text-align: center;\" align=\"center\">\n<a href=\"https:\/\/accio.pl\/hp9\/urok-osobisty\/\"><br \/>\n<img loading=\"lazy\" decoding=\"async\" border=\"0\" src=\"http:\/\/accio.pl\/hp9\/wp-content\/uploads\/2026\/02\/3d.png\" width=\"300\" height=\"323\"><\/a><\/td>\n<\/tr>\n<tr>\n<td style=\"text-align: center;\" align=\"center\"><b>DZIE\u0143, KT\u00d3RY WSZYSTKO ZMIENI\u0141<\/b><\/td>\n<td style=\"text-align: center;\" align=\"center\"><b>UROK OSOBISTY<\/b><\/td>\n<\/tr>\n<\/tbody>\n<\/table>\n<\/div>\n","protected":false},"excerpt":{"rendered":"<p>MARTIN GANDE i cuchn\u0105cy \u015bmierci\u0105 manipulant czasowy HARRY POTTER i Tempus Fatum &nbsp; &nbsp; DZIE\u0143, KT\u00d3RY WSZYSTKO ZMIENI\u0141 UROK OSOBISTY<\/p>\n","protected":false},"author":1,"featured_media":0,"parent":0,"menu_order":0,"comment_status":"closed","ping_status":"closed","template":"","meta":{"footnotes":""},"class_list":["post-1839","page","type-page","status-publish","hentry"],"yoast_head":"<!-- This site is optimized with the Yoast SEO plugin v27.5 - https:\/\/yoast.com\/product\/yoast-seo-wordpress\/ -->\n<title>Inne opowiadania z DRUP-u - Accio.pl<\/title>\n<meta name=\"robots\" content=\"index, follow, max-snippet:-1, max-image-preview:large, max-video-preview:-1\" \/>\n<link rel=\"canonical\" href=\"https:\/\/accio.pl\/hp9\/inne-opowiadania-z-drup-u\/\" \/>\n<meta property=\"og:locale\" content=\"pl_PL\" \/>\n<meta property=\"og:type\" content=\"article\" \/>\n<meta property=\"og:title\" content=\"Inne opowiadania z DRUP-u - Accio.pl\" \/>\n<meta property=\"og:description\" content=\"MARTIN GANDE i cuchn\u0105cy \u015bmierci\u0105 manipulant czasowy HARRY POTTER i Tempus Fatum &nbsp; &nbsp; DZIE\u0143, KT\u00d3RY WSZYSTKO ZMIENI\u0141 UROK OSOBISTY\" \/>\n<meta property=\"og:url\" content=\"https:\/\/accio.pl\/hp9\/inne-opowiadania-z-drup-u\/\" \/>\n<meta property=\"og:site_name\" content=\"Accio.pl\" \/>\n<meta property=\"article:modified_time\" content=\"2026-02-19T09:28:49+00:00\" \/>\n<meta property=\"og:image\" content=\"https:\/\/accio.pl\/hp9\/wp-content\/uploads\/2021\/03\/martin1.png\" \/>\n\t<meta property=\"og:image:width\" content=\"382\" \/>\n\t<meta property=\"og:image:height\" content=\"298\" \/>\n\t<meta property=\"og:image:type\" content=\"image\/png\" \/>\n<meta name=\"twitter:card\" content=\"summary_large_image\" \/>\n<meta name=\"twitter:label1\" content=\"Szacowany czas czytania\" \/>\n\t<meta name=\"twitter:data1\" content=\"1 minuta\" \/>\n<script type=\"application\/ld+json\" class=\"yoast-schema-graph\">{\"@context\":\"https:\\\/\\\/schema.org\",\"@graph\":[{\"@type\":\"WebPage\",\"@id\":\"https:\\\/\\\/accio.pl\\\/hp9\\\/inne-opowiadania-z-drup-u\\\/\",\"url\":\"https:\\\/\\\/accio.pl\\\/hp9\\\/inne-opowiadania-z-drup-u\\\/\",\"name\":\"Inne opowiadania z DRUP-u - Accio.pl\",\"isPartOf\":{\"@id\":\"https:\\\/\\\/accio.pl\\\/hp9\\\/#website\"},\"primaryImageOfPage\":{\"@id\":\"https:\\\/\\\/accio.pl\\\/hp9\\\/inne-opowiadania-z-drup-u\\\/#primaryimage\"},\"image\":{\"@id\":\"https:\\\/\\\/accio.pl\\\/hp9\\\/inne-opowiadania-z-drup-u\\\/#primaryimage\"},\"thumbnailUrl\":\"http:\\\/\\\/accio.pl\\\/hp9\\\/wp-content\\\/uploads\\\/2026\\\/02\\\/mg1_okl3d_2_small.png\",\"datePublished\":\"2020-09-27T10:23:08+00:00\",\"dateModified\":\"2026-02-19T09:28:49+00:00\",\"breadcrumb\":{\"@id\":\"https:\\\/\\\/accio.pl\\\/hp9\\\/inne-opowiadania-z-drup-u\\\/#breadcrumb\"},\"inLanguage\":\"pl-PL\",\"potentialAction\":[{\"@type\":\"ReadAction\",\"target\":[\"https:\\\/\\\/accio.pl\\\/hp9\\\/inne-opowiadania-z-drup-u\\\/\"]}]},{\"@type\":\"ImageObject\",\"inLanguage\":\"pl-PL\",\"@id\":\"https:\\\/\\\/accio.pl\\\/hp9\\\/inne-opowiadania-z-drup-u\\\/#primaryimage\",\"url\":\"https:\\\/\\\/accio.pl\\\/hp9\\\/wp-content\\\/uploads\\\/2021\\\/03\\\/martin1.png\",\"contentUrl\":\"https:\\\/\\\/accio.pl\\\/hp9\\\/wp-content\\\/uploads\\\/2021\\\/03\\\/martin1.png\",\"width\":382,\"height\":298},{\"@type\":\"BreadcrumbList\",\"@id\":\"https:\\\/\\\/accio.pl\\\/hp9\\\/inne-opowiadania-z-drup-u\\\/#breadcrumb\",\"itemListElement\":[{\"@type\":\"ListItem\",\"position\":1,\"name\":\"Strona g\u0142\u00f3wna\",\"item\":\"https:\\\/\\\/accio.pl\\\/hp9\\\/\"},{\"@type\":\"ListItem\",\"position\":2,\"name\":\"Inne opowiadania z DRUP-u\"}]},{\"@type\":\"WebSite\",\"@id\":\"https:\\\/\\\/accio.pl\\\/hp9\\\/#website\",\"url\":\"https:\\\/\\\/accio.pl\\\/hp9\\\/\",\"name\":\"Accio.pl\",\"description\":\"Przywo\u0142aj magi\u0119 sprzed lat!\",\"publisher\":{\"@id\":\"https:\\\/\\\/accio.pl\\\/hp9\\\/#organization\"},\"potentialAction\":[{\"@type\":\"SearchAction\",\"target\":{\"@type\":\"EntryPoint\",\"urlTemplate\":\"https:\\\/\\\/accio.pl\\\/hp9\\\/?s={search_term_string}\"},\"query-input\":{\"@type\":\"PropertyValueSpecification\",\"valueRequired\":true,\"valueName\":\"search_term_string\"}}],\"inLanguage\":\"pl-PL\"},{\"@type\":\"Organization\",\"@id\":\"https:\\\/\\\/accio.pl\\\/hp9\\\/#organization\",\"name\":\"Accio.pl\",\"url\":\"https:\\\/\\\/accio.pl\\\/hp9\\\/\",\"logo\":{\"@type\":\"ImageObject\",\"inLanguage\":\"pl-PL\",\"@id\":\"https:\\\/\\\/accio.pl\\\/hp9\\\/#\\\/schema\\\/logo\\\/image\\\/\",\"url\":\"https:\\\/\\\/accio.pl\\\/hp9\\\/wp-content\\\/uploads\\\/2026\\\/02\\\/logo_accio2026b.png\",\"contentUrl\":\"https:\\\/\\\/accio.pl\\\/hp9\\\/wp-content\\\/uploads\\\/2026\\\/02\\\/logo_accio2026b.png\",\"width\":370,\"height\":150,\"caption\":\"Accio.pl\"},\"image\":{\"@id\":\"https:\\\/\\\/accio.pl\\\/hp9\\\/#\\\/schema\\\/logo\\\/image\\\/\"}}]}<\/script>\n<!-- \/ Yoast SEO plugin. -->","yoast_head_json":{"title":"Inne opowiadania z DRUP-u - Accio.pl","robots":{"index":"index","follow":"follow","max-snippet":"max-snippet:-1","max-image-preview":"max-image-preview:large","max-video-preview":"max-video-preview:-1"},"canonical":"https:\/\/accio.pl\/hp9\/inne-opowiadania-z-drup-u\/","og_locale":"pl_PL","og_type":"article","og_title":"Inne opowiadania z DRUP-u - Accio.pl","og_description":"MARTIN GANDE i cuchn\u0105cy \u015bmierci\u0105 manipulant czasowy HARRY POTTER i Tempus Fatum &nbsp; &nbsp; DZIE\u0143, KT\u00d3RY WSZYSTKO ZMIENI\u0141 UROK OSOBISTY","og_url":"https:\/\/accio.pl\/hp9\/inne-opowiadania-z-drup-u\/","og_site_name":"Accio.pl","article_modified_time":"2026-02-19T09:28:49+00:00","og_image":[{"width":382,"height":298,"url":"https:\/\/accio.pl\/hp9\/wp-content\/uploads\/2021\/03\/martin1.png","type":"image\/png"}],"twitter_card":"summary_large_image","twitter_misc":{"Szacowany czas czytania":"1 minuta"},"schema":{"@context":"https:\/\/schema.org","@graph":[{"@type":"WebPage","@id":"https:\/\/accio.pl\/hp9\/inne-opowiadania-z-drup-u\/","url":"https:\/\/accio.pl\/hp9\/inne-opowiadania-z-drup-u\/","name":"Inne opowiadania z DRUP-u - Accio.pl","isPartOf":{"@id":"https:\/\/accio.pl\/hp9\/#website"},"primaryImageOfPage":{"@id":"https:\/\/accio.pl\/hp9\/inne-opowiadania-z-drup-u\/#primaryimage"},"image":{"@id":"https:\/\/accio.pl\/hp9\/inne-opowiadania-z-drup-u\/#primaryimage"},"thumbnailUrl":"http:\/\/accio.pl\/hp9\/wp-content\/uploads\/2026\/02\/mg1_okl3d_2_small.png","datePublished":"2020-09-27T10:23:08+00:00","dateModified":"2026-02-19T09:28:49+00:00","breadcrumb":{"@id":"https:\/\/accio.pl\/hp9\/inne-opowiadania-z-drup-u\/#breadcrumb"},"inLanguage":"pl-PL","potentialAction":[{"@type":"ReadAction","target":["https:\/\/accio.pl\/hp9\/inne-opowiadania-z-drup-u\/"]}]},{"@type":"ImageObject","inLanguage":"pl-PL","@id":"https:\/\/accio.pl\/hp9\/inne-opowiadania-z-drup-u\/#primaryimage","url":"https:\/\/accio.pl\/hp9\/wp-content\/uploads\/2021\/03\/martin1.png","contentUrl":"https:\/\/accio.pl\/hp9\/wp-content\/uploads\/2021\/03\/martin1.png","width":382,"height":298},{"@type":"BreadcrumbList","@id":"https:\/\/accio.pl\/hp9\/inne-opowiadania-z-drup-u\/#breadcrumb","itemListElement":[{"@type":"ListItem","position":1,"name":"Strona g\u0142\u00f3wna","item":"https:\/\/accio.pl\/hp9\/"},{"@type":"ListItem","position":2,"name":"Inne opowiadania z DRUP-u"}]},{"@type":"WebSite","@id":"https:\/\/accio.pl\/hp9\/#website","url":"https:\/\/accio.pl\/hp9\/","name":"Accio.pl","description":"Przywo\u0142aj magi\u0119 sprzed lat!","publisher":{"@id":"https:\/\/accio.pl\/hp9\/#organization"},"potentialAction":[{"@type":"SearchAction","target":{"@type":"EntryPoint","urlTemplate":"https:\/\/accio.pl\/hp9\/?s={search_term_string}"},"query-input":{"@type":"PropertyValueSpecification","valueRequired":true,"valueName":"search_term_string"}}],"inLanguage":"pl-PL"},{"@type":"Organization","@id":"https:\/\/accio.pl\/hp9\/#organization","name":"Accio.pl","url":"https:\/\/accio.pl\/hp9\/","logo":{"@type":"ImageObject","inLanguage":"pl-PL","@id":"https:\/\/accio.pl\/hp9\/#\/schema\/logo\/image\/","url":"https:\/\/accio.pl\/hp9\/wp-content\/uploads\/2026\/02\/logo_accio2026b.png","contentUrl":"https:\/\/accio.pl\/hp9\/wp-content\/uploads\/2026\/02\/logo_accio2026b.png","width":370,"height":150,"caption":"Accio.pl"},"image":{"@id":"https:\/\/accio.pl\/hp9\/#\/schema\/logo\/image\/"}}]}},"_links":{"self":[{"href":"https:\/\/accio.pl\/hp9\/wp-json\/wp\/v2\/pages\/1839","targetHints":{"allow":["GET"]}}],"collection":[{"href":"https:\/\/accio.pl\/hp9\/wp-json\/wp\/v2\/pages"}],"about":[{"href":"https:\/\/accio.pl\/hp9\/wp-json\/wp\/v2\/types\/page"}],"author":[{"embeddable":true,"href":"https:\/\/accio.pl\/hp9\/wp-json\/wp\/v2\/users\/1"}],"replies":[{"embeddable":true,"href":"https:\/\/accio.pl\/hp9\/wp-json\/wp\/v2\/comments?post=1839"}],"version-history":[{"count":5,"href":"https:\/\/accio.pl\/hp9\/wp-json\/wp\/v2\/pages\/1839\/revisions"}],"predecessor-version":[{"id":3206,"href":"https:\/\/accio.pl\/hp9\/wp-json\/wp\/v2\/pages\/1839\/revisions\/3206"}],"wp:attachment":[{"href":"https:\/\/accio.pl\/hp9\/wp-json\/wp\/v2\/media?parent=1839"}],"curies":[{"name":"wp","href":"https:\/\/api.w.org\/{rel}","templated":true}]}}