{"id":1650,"date":"2020-05-31T14:41:49","date_gmt":"2020-05-31T12:41:49","guid":{"rendered":"http:\/\/www.accio.pl\/hp9\/?page_id=1650"},"modified":"2020-05-31T15:06:50","modified_gmt":"2020-05-31T13:06:50","slug":"konkurs-trojmagiczny-zadanie-trzecie","status":"publish","type":"page","link":"https:\/\/accio.pl\/hp9\/konkurs-trojmagiczny-zadanie-trzecie\/","title":{"rendered":"Konkurs Tr\u00f3jmagiczny &#8211; Zadanie Trzecie"},"content":{"rendered":"","protected":true},"excerpt":{"rendered":"","protected":true},"author":1,"featured_media":0,"parent":0,"menu_order":0,"comment_status":"closed","ping_status":"closed","template":"","meta":{"footnotes":""},"class_list":["post-1650","page","type-page","status-publish","post-password-required","hentry"],"yoast_head":"<!-- This site is optimized with the Yoast SEO plugin v27.4 - https:\/\/yoast.com\/product\/yoast-seo-wordpress\/ -->\n<title>Konkurs Tr\u00f3jmagiczny - Zadanie Trzecie - Accio.pl<\/title>\n<meta name=\"robots\" content=\"index, follow, max-snippet:-1, max-image-preview:large, max-video-preview:-1\" \/>\n<link rel=\"canonical\" href=\"https:\/\/accio.pl\/hp9\/konkurs-trojmagiczny-zadanie-trzecie\/\" \/>\n<meta property=\"og:locale\" content=\"pl_PL\" \/>\n<meta property=\"og:type\" content=\"article\" \/>\n<meta property=\"og:title\" content=\"Konkurs Tr\u00f3jmagiczny - Zadanie Trzecie - Accio.pl\" \/>\n<meta property=\"og:description\" content=\"Brak zajawki, poniewa\u017c wpis jest zabezpieczony has\u0142em.\" \/>\n<meta property=\"og:url\" content=\"https:\/\/accio.pl\/hp9\/konkurs-trojmagiczny-zadanie-trzecie\/\" \/>\n<meta property=\"og:site_name\" content=\"Accio.pl\" \/>\n<meta property=\"article:modified_time\" content=\"2020-05-31T13:06:50+00:00\" \/>\n<meta name=\"twitter:card\" content=\"summary_large_image\" \/>\n<meta name=\"twitter:label1\" content=\"Szacowany czas czytania\" \/>\n\t<meta name=\"twitter:data1\" content=\"1 minuta\" \/>\n<script type=\"application\/ld+json\" class=\"yoast-schema-graph\">{\"@context\":\"https:\\\/\\\/schema.org\",\"@graph\":[{\"@type\":\"WebPage\",\"@id\":\"https:\\\/\\\/accio.pl\\\/hp9\\\/konkurs-trojmagiczny-zadanie-trzecie\\\/\",\"url\":\"https:\\\/\\\/accio.pl\\\/hp9\\\/konkurs-trojmagiczny-zadanie-trzecie\\\/\",\"name\":\"Konkurs Tr\u00f3jmagiczny - Zadanie Trzecie - Accio.pl\",\"isPartOf\":{\"@id\":\"https:\\\/\\\/accio.pl\\\/hp9\\\/#website\"},\"datePublished\":\"2020-05-31T12:41:49+00:00\",\"dateModified\":\"2020-05-31T13:06:50+00:00\",\"breadcrumb\":{\"@id\":\"https:\\\/\\\/accio.pl\\\/hp9\\\/konkurs-trojmagiczny-zadanie-trzecie\\\/#breadcrumb\"},\"inLanguage\":\"pl-PL\"},{\"@type\":\"WebSite\",\"@id\":\"https:\\\/\\\/accio.pl\\\/hp9\\\/#website\",\"url\":\"https:\\\/\\\/accio.pl\\\/hp9\\\/\",\"name\":\"Accio.pl\",\"description\":\"Przywo\u0142aj magi\u0119 sprzed lat!\",\"publisher\":{\"@id\":\"https:\\\/\\\/accio.pl\\\/hp9\\\/#organization\"},\"potentialAction\":[{\"@type\":\"SearchAction\",\"target\":{\"@type\":\"EntryPoint\",\"urlTemplate\":\"https:\\\/\\\/accio.pl\\\/hp9\\\/?s={search_term_string}\"},\"query-input\":{\"@type\":\"PropertyValueSpecification\",\"valueRequired\":true,\"valueName\":\"search_term_string\"}}],\"inLanguage\":\"pl-PL\"},{\"@type\":\"Organization\",\"@id\":\"https:\\\/\\\/accio.pl\\\/hp9\\\/#organization\",\"name\":\"Accio.pl\",\"url\":\"https:\\\/\\\/accio.pl\\\/hp9\\\/\",\"logo\":{\"@type\":\"ImageObject\",\"inLanguage\":\"pl-PL\",\"@id\":\"https:\\\/\\\/accio.pl\\\/hp9\\\/#\\\/schema\\\/logo\\\/image\\\/\",\"url\":\"https:\\\/\\\/accio.pl\\\/hp9\\\/wp-content\\\/uploads\\\/2026\\\/02\\\/logo_accio2026b.png\",\"contentUrl\":\"https:\\\/\\\/accio.pl\\\/hp9\\\/wp-content\\\/uploads\\\/2026\\\/02\\\/logo_accio2026b.png\",\"width\":370,\"height\":150,\"caption\":\"Accio.pl\"},\"image\":{\"@id\":\"https:\\\/\\\/accio.pl\\\/hp9\\\/#\\\/schema\\\/logo\\\/image\\\/\"}}]}<\/script>\n<!-- \/ Yoast SEO plugin. -->","yoast_head_json":{"title":"Konkurs Tr\u00f3jmagiczny - Zadanie Trzecie - Accio.pl","robots":{"index":"index","follow":"follow","max-snippet":"max-snippet:-1","max-image-preview":"max-image-preview:large","max-video-preview":"max-video-preview:-1"},"canonical":"https:\/\/accio.pl\/hp9\/konkurs-trojmagiczny-zadanie-trzecie\/","og_locale":"pl_PL","og_type":"article","og_title":"Konkurs Tr\u00f3jmagiczny - Zadanie Trzecie - Accio.pl","og_description":"Brak zajawki, poniewa\u017c wpis jest zabezpieczony has\u0142em.","og_url":"https:\/\/accio.pl\/hp9\/konkurs-trojmagiczny-zadanie-trzecie\/","og_site_name":"Accio.pl","article_modified_time":"2020-05-31T13:06:50+00:00","twitter_card":"summary_large_image","twitter_misc":{"Szacowany czas czytania":"1 minuta"},"schema":{"@context":"https:\/\/schema.org","@graph":[{"@type":"WebPage","@id":"https:\/\/accio.pl\/hp9\/konkurs-trojmagiczny-zadanie-trzecie\/","url":"https:\/\/accio.pl\/hp9\/konkurs-trojmagiczny-zadanie-trzecie\/","name":"Konkurs Tr\u00f3jmagiczny - Zadanie Trzecie - Accio.pl","isPartOf":{"@id":"https:\/\/accio.pl\/hp9\/#website"},"datePublished":"2020-05-31T12:41:49+00:00","dateModified":"2020-05-31T13:06:50+00:00","breadcrumb":{"@id":"https:\/\/accio.pl\/hp9\/konkurs-trojmagiczny-zadanie-trzecie\/#breadcrumb"},"inLanguage":"pl-PL"},{"@type":"WebSite","@id":"https:\/\/accio.pl\/hp9\/#website","url":"https:\/\/accio.pl\/hp9\/","name":"Accio.pl","description":"Przywo\u0142aj magi\u0119 sprzed lat!","publisher":{"@id":"https:\/\/accio.pl\/hp9\/#organization"},"potentialAction":[{"@type":"SearchAction","target":{"@type":"EntryPoint","urlTemplate":"https:\/\/accio.pl\/hp9\/?s={search_term_string}"},"query-input":{"@type":"PropertyValueSpecification","valueRequired":true,"valueName":"search_term_string"}}],"inLanguage":"pl-PL"},{"@type":"Organization","@id":"https:\/\/accio.pl\/hp9\/#organization","name":"Accio.pl","url":"https:\/\/accio.pl\/hp9\/","logo":{"@type":"ImageObject","inLanguage":"pl-PL","@id":"https:\/\/accio.pl\/hp9\/#\/schema\/logo\/image\/","url":"https:\/\/accio.pl\/hp9\/wp-content\/uploads\/2026\/02\/logo_accio2026b.png","contentUrl":"https:\/\/accio.pl\/hp9\/wp-content\/uploads\/2026\/02\/logo_accio2026b.png","width":370,"height":150,"caption":"Accio.pl"},"image":{"@id":"https:\/\/accio.pl\/hp9\/#\/schema\/logo\/image\/"}}]}},"_links":{"self":[{"href":"https:\/\/accio.pl\/hp9\/wp-json\/wp\/v2\/pages\/1650","targetHints":{"allow":["GET"]}}],"collection":[{"href":"https:\/\/accio.pl\/hp9\/wp-json\/wp\/v2\/pages"}],"about":[{"href":"https:\/\/accio.pl\/hp9\/wp-json\/wp\/v2\/types\/page"}],"author":[{"embeddable":true,"href":"https:\/\/accio.pl\/hp9\/wp-json\/wp\/v2\/users\/1"}],"replies":[{"embeddable":true,"href":"https:\/\/accio.pl\/hp9\/wp-json\/wp\/v2\/comments?post=1650"}],"version-history":[{"count":0,"href":"https:\/\/accio.pl\/hp9\/wp-json\/wp\/v2\/pages\/1650\/revisions"}],"wp:attachment":[{"href":"https:\/\/accio.pl\/hp9\/wp-json\/wp\/v2\/media?parent=1650"}],"curies":[{"name":"wp","href":"https:\/\/api.w.org\/{rel}","templated":true}]}}