{"id":1521,"date":"2020-04-30T11:41:52","date_gmt":"2020-04-30T09:41:52","guid":{"rendered":"http:\/\/www.accio.pl\/hp9\/?page_id=1521"},"modified":"2020-06-04T09:43:21","modified_gmt":"2020-06-04T07:43:21","slug":"konkurs-trojmagiczny-zadanie-1","status":"publish","type":"page","link":"https:\/\/accio.pl\/hp9\/konkurs-trojmagiczny-zadanie-1\/","title":{"rendered":"Konkurs Tr\u00f3jmagiczny &#8211; ZADANIE 1"},"content":{"rendered":"<p><a href=\"http:\/\/www.accio.pl\/hp9\/index.php\/konkurs-trojmagiczny\/konkurs3magiczny_logo\/\" rel=\"attachment wp-att-1450\"><img loading=\"lazy\" decoding=\"async\" class=\"wp-image-1450 size-full aligncenter\" src=\"http:\/\/www.accio.pl\/hp9\/wp-content\/uploads\/2020\/04\/konkurs3magiczny_logo.png\" alt=\"\" width=\"650\" height=\"120\" srcset=\"https:\/\/accio.pl\/hp9\/wp-content\/uploads\/2020\/04\/konkurs3magiczny_logo.png 650w, https:\/\/accio.pl\/hp9\/wp-content\/uploads\/2020\/04\/konkurs3magiczny_logo-300x55.png 300w, https:\/\/accio.pl\/hp9\/wp-content\/uploads\/2020\/04\/konkurs3magiczny_logo-150x28.png 150w, https:\/\/accio.pl\/hp9\/wp-content\/uploads\/2020\/04\/konkurs3magiczny_logo-250x46.png 250w\" sizes=\"auto, (max-width: 650px) 100vw, 650px\" \/><\/a><\/p>\n<h2 style=\"text-align: center;\"><strong>REPPOHSSARGSUNGAM<\/strong><\/h2>\n<p>&nbsp;<\/p>\n<p style=\"text-align: center;\">UPPS&#8230; Co\u015b posz\u0142o nie tak, prawda?<\/p>\n<p>&nbsp;<\/p>\n<p style=\"text-align: justify;\">Bractwo Czarnej Gwiazdy znowu daje si\u0119 we znaki. Rzuci\u0142o zakl\u0119cie popl\u0105tania na has\u0142o dost\u0119pu do pierwszego zadania Konkursu Tr\u00f3jmagicznego. Musisz je odczarowa\u0107, zanim przejdziesz dalej.<\/p>\n<p style=\"text-align: center;\">Na szcz\u0119\u015bcie nie b\u0119dzie potrzebna Ci do tego r\u00f3\u017cd\u017cka, tylko znacznie bardziej mugolski sprz\u0119t \ud83d\ude42<\/p>\n<p>&nbsp;<\/p>\n<p style=\"text-align: center;\">Gdy uda Ci si\u0119 odszyfrowa\u0107 poprawne has\u0142o, wpisz je ci\u0105giem, drukowanymi literami <a href=\"http:\/\/www.accio.pl\/hp9\/index.php\/konkurs-trojmagiczny-zagadka\/\"><strong>TUTAJ<\/strong><\/a>.<\/p>\n","protected":false},"excerpt":{"rendered":"<p>REPPOHSSARGSUNGAM &nbsp; UPPS&#8230; Co\u015b posz\u0142o nie tak, prawda? &nbsp; Bractwo Czarnej Gwiazdy znowu daje si\u0119 we znaki. Rzuci\u0142o zakl\u0119cie popl\u0105tania na has\u0142o dost\u0119pu do pierwszego zadania Konkursu Tr\u00f3jmagicznego. Musisz je odczarowa\u0107, zanim przejdziesz dalej. Na szcz\u0119\u015bcie nie b\u0119dzie potrzebna Ci do tego r\u00f3\u017cd\u017cka, tylko znacznie bardziej mugolski sprz\u0119t \ud83d\ude42 &nbsp; Gdy uda Ci si\u0119 odszyfrowa\u0107 poprawne has\u0142o, wpisz je ci\u0105giem, drukowanymi literami TUTAJ.<\/p>\n","protected":false},"author":1,"featured_media":0,"parent":0,"menu_order":0,"comment_status":"closed","ping_status":"closed","template":"","meta":{"footnotes":""},"class_list":["post-1521","page","type-page","status-publish","hentry"],"yoast_head":"<!-- This site is optimized with the Yoast SEO plugin v27.4 - https:\/\/yoast.com\/product\/yoast-seo-wordpress\/ -->\n<title>Konkurs Tr\u00f3jmagiczny - ZADANIE 1 - Accio.pl<\/title>\n<meta name=\"robots\" content=\"index, follow, max-snippet:-1, max-image-preview:large, max-video-preview:-1\" \/>\n<link rel=\"canonical\" href=\"https:\/\/accio.pl\/hp9\/konkurs-trojmagiczny-zadanie-1\/\" \/>\n<meta property=\"og:locale\" content=\"pl_PL\" \/>\n<meta property=\"og:type\" content=\"article\" \/>\n<meta property=\"og:title\" content=\"Konkurs Tr\u00f3jmagiczny - ZADANIE 1 - Accio.pl\" \/>\n<meta property=\"og:description\" content=\"REPPOHSSARGSUNGAM &nbsp; UPPS&#8230; Co\u015b posz\u0142o nie tak, prawda? &nbsp; Bractwo Czarnej Gwiazdy znowu daje si\u0119 we znaki. Rzuci\u0142o zakl\u0119cie popl\u0105tania na has\u0142o dost\u0119pu do pierwszego zadania Konkursu Tr\u00f3jmagicznego. Musisz je odczarowa\u0107, zanim przejdziesz dalej. Na szcz\u0119\u015bcie nie b\u0119dzie potrzebna Ci do tego r\u00f3\u017cd\u017cka, tylko znacznie bardziej mugolski sprz\u0119t \ud83d\ude42 &nbsp; Gdy uda Ci si\u0119 odszyfrowa\u0107 poprawne has\u0142o, wpisz je ci\u0105giem, drukowanymi literami TUTAJ.\" \/>\n<meta property=\"og:url\" content=\"https:\/\/accio.pl\/hp9\/konkurs-trojmagiczny-zadanie-1\/\" \/>\n<meta property=\"og:site_name\" content=\"Accio.pl\" \/>\n<meta property=\"article:modified_time\" content=\"2020-06-04T07:43:21+00:00\" \/>\n<meta property=\"og:image\" content=\"http:\/\/www.accio.pl\/hp9\/wp-content\/uploads\/2020\/04\/konkurs3magiczny_logo.png\" \/>\n<meta name=\"twitter:card\" content=\"summary_large_image\" \/>\n<script type=\"application\/ld+json\" class=\"yoast-schema-graph\">{\"@context\":\"https:\\\/\\\/schema.org\",\"@graph\":[{\"@type\":\"WebPage\",\"@id\":\"https:\\\/\\\/accio.pl\\\/hp9\\\/konkurs-trojmagiczny-zadanie-1\\\/\",\"url\":\"https:\\\/\\\/accio.pl\\\/hp9\\\/konkurs-trojmagiczny-zadanie-1\\\/\",\"name\":\"Konkurs Tr\u00f3jmagiczny - ZADANIE 1 - Accio.pl\",\"isPartOf\":{\"@id\":\"https:\\\/\\\/accio.pl\\\/hp9\\\/#website\"},\"primaryImageOfPage\":{\"@id\":\"https:\\\/\\\/accio.pl\\\/hp9\\\/konkurs-trojmagiczny-zadanie-1\\\/#primaryimage\"},\"image\":{\"@id\":\"https:\\\/\\\/accio.pl\\\/hp9\\\/konkurs-trojmagiczny-zadanie-1\\\/#primaryimage\"},\"thumbnailUrl\":\"http:\\\/\\\/www.accio.pl\\\/hp9\\\/wp-content\\\/uploads\\\/2020\\\/04\\\/konkurs3magiczny_logo.png\",\"datePublished\":\"2020-04-30T09:41:52+00:00\",\"dateModified\":\"2020-06-04T07:43:21+00:00\",\"breadcrumb\":{\"@id\":\"https:\\\/\\\/accio.pl\\\/hp9\\\/konkurs-trojmagiczny-zadanie-1\\\/#breadcrumb\"},\"inLanguage\":\"pl-PL\",\"potentialAction\":[{\"@type\":\"ReadAction\",\"target\":[\"https:\\\/\\\/accio.pl\\\/hp9\\\/konkurs-trojmagiczny-zadanie-1\\\/\"]}]},{\"@type\":\"ImageObject\",\"inLanguage\":\"pl-PL\",\"@id\":\"https:\\\/\\\/accio.pl\\\/hp9\\\/konkurs-trojmagiczny-zadanie-1\\\/#primaryimage\",\"url\":\"http:\\\/\\\/www.accio.pl\\\/hp9\\\/wp-content\\\/uploads\\\/2020\\\/04\\\/konkurs3magiczny_logo.png\",\"contentUrl\":\"http:\\\/\\\/www.accio.pl\\\/hp9\\\/wp-content\\\/uploads\\\/2020\\\/04\\\/konkurs3magiczny_logo.png\"},{\"@type\":\"BreadcrumbList\",\"@id\":\"https:\\\/\\\/accio.pl\\\/hp9\\\/konkurs-trojmagiczny-zadanie-1\\\/#breadcrumb\",\"itemListElement\":[{\"@type\":\"ListItem\",\"position\":1,\"name\":\"Strona g\u0142\u00f3wna\",\"item\":\"https:\\\/\\\/accio.pl\\\/hp9\\\/\"},{\"@type\":\"ListItem\",\"position\":2,\"name\":\"Konkurs Tr\u00f3jmagiczny &#8211; ZADANIE 1\"}]},{\"@type\":\"WebSite\",\"@id\":\"https:\\\/\\\/accio.pl\\\/hp9\\\/#website\",\"url\":\"https:\\\/\\\/accio.pl\\\/hp9\\\/\",\"name\":\"Accio.pl\",\"description\":\"Przywo\u0142aj magi\u0119 sprzed lat!\",\"publisher\":{\"@id\":\"https:\\\/\\\/accio.pl\\\/hp9\\\/#organization\"},\"potentialAction\":[{\"@type\":\"SearchAction\",\"target\":{\"@type\":\"EntryPoint\",\"urlTemplate\":\"https:\\\/\\\/accio.pl\\\/hp9\\\/?s={search_term_string}\"},\"query-input\":{\"@type\":\"PropertyValueSpecification\",\"valueRequired\":true,\"valueName\":\"search_term_string\"}}],\"inLanguage\":\"pl-PL\"},{\"@type\":\"Organization\",\"@id\":\"https:\\\/\\\/accio.pl\\\/hp9\\\/#organization\",\"name\":\"Accio.pl\",\"url\":\"https:\\\/\\\/accio.pl\\\/hp9\\\/\",\"logo\":{\"@type\":\"ImageObject\",\"inLanguage\":\"pl-PL\",\"@id\":\"https:\\\/\\\/accio.pl\\\/hp9\\\/#\\\/schema\\\/logo\\\/image\\\/\",\"url\":\"https:\\\/\\\/accio.pl\\\/hp9\\\/wp-content\\\/uploads\\\/2026\\\/02\\\/logo_accio2026b.png\",\"contentUrl\":\"https:\\\/\\\/accio.pl\\\/hp9\\\/wp-content\\\/uploads\\\/2026\\\/02\\\/logo_accio2026b.png\",\"width\":370,\"height\":150,\"caption\":\"Accio.pl\"},\"image\":{\"@id\":\"https:\\\/\\\/accio.pl\\\/hp9\\\/#\\\/schema\\\/logo\\\/image\\\/\"}}]}<\/script>\n<!-- \/ Yoast SEO plugin. -->","yoast_head_json":{"title":"Konkurs Tr\u00f3jmagiczny - ZADANIE 1 - Accio.pl","robots":{"index":"index","follow":"follow","max-snippet":"max-snippet:-1","max-image-preview":"max-image-preview:large","max-video-preview":"max-video-preview:-1"},"canonical":"https:\/\/accio.pl\/hp9\/konkurs-trojmagiczny-zadanie-1\/","og_locale":"pl_PL","og_type":"article","og_title":"Konkurs Tr\u00f3jmagiczny - ZADANIE 1 - Accio.pl","og_description":"REPPOHSSARGSUNGAM &nbsp; UPPS&#8230; Co\u015b posz\u0142o nie tak, prawda? &nbsp; Bractwo Czarnej Gwiazdy znowu daje si\u0119 we znaki. Rzuci\u0142o zakl\u0119cie popl\u0105tania na has\u0142o dost\u0119pu do pierwszego zadania Konkursu Tr\u00f3jmagicznego. Musisz je odczarowa\u0107, zanim przejdziesz dalej. Na szcz\u0119\u015bcie nie b\u0119dzie potrzebna Ci do tego r\u00f3\u017cd\u017cka, tylko znacznie bardziej mugolski sprz\u0119t \ud83d\ude42 &nbsp; Gdy uda Ci si\u0119 odszyfrowa\u0107 poprawne has\u0142o, wpisz je ci\u0105giem, drukowanymi literami TUTAJ.","og_url":"https:\/\/accio.pl\/hp9\/konkurs-trojmagiczny-zadanie-1\/","og_site_name":"Accio.pl","article_modified_time":"2020-06-04T07:43:21+00:00","og_image":[{"url":"http:\/\/www.accio.pl\/hp9\/wp-content\/uploads\/2020\/04\/konkurs3magiczny_logo.png","type":"","width":"","height":""}],"twitter_card":"summary_large_image","schema":{"@context":"https:\/\/schema.org","@graph":[{"@type":"WebPage","@id":"https:\/\/accio.pl\/hp9\/konkurs-trojmagiczny-zadanie-1\/","url":"https:\/\/accio.pl\/hp9\/konkurs-trojmagiczny-zadanie-1\/","name":"Konkurs Tr\u00f3jmagiczny - ZADANIE 1 - Accio.pl","isPartOf":{"@id":"https:\/\/accio.pl\/hp9\/#website"},"primaryImageOfPage":{"@id":"https:\/\/accio.pl\/hp9\/konkurs-trojmagiczny-zadanie-1\/#primaryimage"},"image":{"@id":"https:\/\/accio.pl\/hp9\/konkurs-trojmagiczny-zadanie-1\/#primaryimage"},"thumbnailUrl":"http:\/\/www.accio.pl\/hp9\/wp-content\/uploads\/2020\/04\/konkurs3magiczny_logo.png","datePublished":"2020-04-30T09:41:52+00:00","dateModified":"2020-06-04T07:43:21+00:00","breadcrumb":{"@id":"https:\/\/accio.pl\/hp9\/konkurs-trojmagiczny-zadanie-1\/#breadcrumb"},"inLanguage":"pl-PL","potentialAction":[{"@type":"ReadAction","target":["https:\/\/accio.pl\/hp9\/konkurs-trojmagiczny-zadanie-1\/"]}]},{"@type":"ImageObject","inLanguage":"pl-PL","@id":"https:\/\/accio.pl\/hp9\/konkurs-trojmagiczny-zadanie-1\/#primaryimage","url":"http:\/\/www.accio.pl\/hp9\/wp-content\/uploads\/2020\/04\/konkurs3magiczny_logo.png","contentUrl":"http:\/\/www.accio.pl\/hp9\/wp-content\/uploads\/2020\/04\/konkurs3magiczny_logo.png"},{"@type":"BreadcrumbList","@id":"https:\/\/accio.pl\/hp9\/konkurs-trojmagiczny-zadanie-1\/#breadcrumb","itemListElement":[{"@type":"ListItem","position":1,"name":"Strona g\u0142\u00f3wna","item":"https:\/\/accio.pl\/hp9\/"},{"@type":"ListItem","position":2,"name":"Konkurs Tr\u00f3jmagiczny &#8211; ZADANIE 1"}]},{"@type":"WebSite","@id":"https:\/\/accio.pl\/hp9\/#website","url":"https:\/\/accio.pl\/hp9\/","name":"Accio.pl","description":"Przywo\u0142aj magi\u0119 sprzed lat!","publisher":{"@id":"https:\/\/accio.pl\/hp9\/#organization"},"potentialAction":[{"@type":"SearchAction","target":{"@type":"EntryPoint","urlTemplate":"https:\/\/accio.pl\/hp9\/?s={search_term_string}"},"query-input":{"@type":"PropertyValueSpecification","valueRequired":true,"valueName":"search_term_string"}}],"inLanguage":"pl-PL"},{"@type":"Organization","@id":"https:\/\/accio.pl\/hp9\/#organization","name":"Accio.pl","url":"https:\/\/accio.pl\/hp9\/","logo":{"@type":"ImageObject","inLanguage":"pl-PL","@id":"https:\/\/accio.pl\/hp9\/#\/schema\/logo\/image\/","url":"https:\/\/accio.pl\/hp9\/wp-content\/uploads\/2026\/02\/logo_accio2026b.png","contentUrl":"https:\/\/accio.pl\/hp9\/wp-content\/uploads\/2026\/02\/logo_accio2026b.png","width":370,"height":150,"caption":"Accio.pl"},"image":{"@id":"https:\/\/accio.pl\/hp9\/#\/schema\/logo\/image\/"}}]}},"_links":{"self":[{"href":"https:\/\/accio.pl\/hp9\/wp-json\/wp\/v2\/pages\/1521","targetHints":{"allow":["GET"]}}],"collection":[{"href":"https:\/\/accio.pl\/hp9\/wp-json\/wp\/v2\/pages"}],"about":[{"href":"https:\/\/accio.pl\/hp9\/wp-json\/wp\/v2\/types\/page"}],"author":[{"embeddable":true,"href":"https:\/\/accio.pl\/hp9\/wp-json\/wp\/v2\/users\/1"}],"replies":[{"embeddable":true,"href":"https:\/\/accio.pl\/hp9\/wp-json\/wp\/v2\/comments?post=1521"}],"version-history":[{"count":0,"href":"https:\/\/accio.pl\/hp9\/wp-json\/wp\/v2\/pages\/1521\/revisions"}],"wp:attachment":[{"href":"https:\/\/accio.pl\/hp9\/wp-json\/wp\/v2\/media?parent=1521"}],"curies":[{"name":"wp","href":"https:\/\/api.w.org\/{rel}","templated":true}]}}